{"id":2548344,"date":"2023-05-02T17:35:46","date_gmt":"2023-05-02T16:35:46","guid":{"rendered":"https:\/\/theinvisiblecollection.com\/?post_type=product&#038;p=2548344"},"modified":"2026-05-04T14:06:00","modified_gmt":"2026-05-04T14:06:00","slug":"suspension-full-moon","status":"publish","type":"product","link":"https:\/\/theinvisiblecollection.com\/fr\/produit\/suspension-full-moon\/","title":{"rendered":"Suspension Full Moon"},"content":{"rendered":"<p>R\u00e9alis\u00e9e dans une version monumentale pour le restaurant Jeronimo de l\u2019hotel Madrid Edition \u00e0 la demande de l\u2019architecte d\u2019int\u00e9rieur Francois Champsaur, la suspension Full Moon d&#8217;Emmanuel Levet Stenne met en scene une sph\u00e8re lumineuse en alb\u00e2tre qu\u2019embrasse une structure annulaire en pl\u00e2tre.<\/p>\n","protected":false},"excerpt":{"rendered":"<p>R\u00e9alis\u00e9e dans une version monumentale pour le restaurant Jeronimo de l\u2019hotel Madrid Edition \u00e0 la demande de l\u2019architecte d\u2019int\u00e9rieur Francois Champsaur, la suspension Full Moon d&#8217;Emmanuel Levet Stenne met en scene une sph\u00e8re lumineuse en alb\u00e2tre qu\u2019embrasse une structure annulaire en pl\u00e2tre.<\/p>\n","protected":false},"featured_media":5867572,"template":"","meta":{"_acf_changed":false,"content-type":"","_themeisle_gutenberg_block_has_review":false},"product_brand":[],"product_cat":[8961,12507],"product_tag":[7435],"product_designer":[13211],"comfabric":[],"manufacturer":[27900],"reporting_designer":[37696],"samplecomfabric":[],"designer_clubroom":[],"class_list":{"0":"post-2548344","1":"product","2":"type-product","3":"status-publish","4":"has-post-thumbnail","6":"product_cat-suspensions","7":"product_cat-luminaires","8":"product_tag-new-in-fr","9":"pa_size-l-280-x-l-100-x-h-80-fr","10":"pa_size-petit-fr","11":"product_designer-emmanuel-levet-stenne-fr","12":"manufacturer-emmanuel-levet-stenne-atelier-bourron-marlotte-fr","13":"reporting_designer-emmanuel-levet-stenne","15":"first","16":"instock","17":"taxable","18":"shipping-taxable","19":"purchasable","20":"product-type-variable"},"acf":[],"_links":{"self":[{"href":"https:\/\/theinvisiblecollection.com\/fr\/wp-json\/wp\/v2\/product\/2548344","targetHints":{"allow":["GET"]}}],"collection":[{"href":"https:\/\/theinvisiblecollection.com\/fr\/wp-json\/wp\/v2\/product"}],"about":[{"href":"https:\/\/theinvisiblecollection.com\/fr\/wp-json\/wp\/v2\/types\/product"}],"wp:featuredmedia":[{"embeddable":true,"href":"https:\/\/theinvisiblecollection.com\/fr\/wp-json\/wp\/v2\/media\/5867572"}],"wp:attachment":[{"href":"https:\/\/theinvisiblecollection.com\/fr\/wp-json\/wp\/v2\/media?parent=2548344"}],"wp:term":[{"taxonomy":"product_brand","embeddable":true,"href":"https:\/\/theinvisiblecollection.com\/fr\/wp-json\/wp\/v2\/product_brand?post=2548344"},{"taxonomy":"product_cat","embeddable":true,"href":"https:\/\/theinvisiblecollection.com\/fr\/wp-json\/wp\/v2\/product_cat?post=2548344"},{"taxonomy":"product_tag","embeddable":true,"href":"https:\/\/theinvisiblecollection.com\/fr\/wp-json\/wp\/v2\/product_tag?post=2548344"},{"taxonomy":"product_designer","embeddable":true,"href":"https:\/\/theinvisiblecollection.com\/fr\/wp-json\/wp\/v2\/product_designer?post=2548344"},{"taxonomy":"comfabric","embeddable":true,"href":"https:\/\/theinvisiblecollection.com\/fr\/wp-json\/wp\/v2\/comfabric?post=2548344"},{"taxonomy":"manufacturer","embeddable":true,"href":"https:\/\/theinvisiblecollection.com\/fr\/wp-json\/wp\/v2\/manufacturer?post=2548344"},{"taxonomy":"reporting_designer","embeddable":true,"href":"https:\/\/theinvisiblecollection.com\/fr\/wp-json\/wp\/v2\/reporting_designer?post=2548344"},{"taxonomy":"samplecomfabric","embeddable":true,"href":"https:\/\/theinvisiblecollection.com\/fr\/wp-json\/wp\/v2\/samplecomfabric?post=2548344"},{"taxonomy":"clubroom_product_designer","embeddable":true,"href":"https:\/\/theinvisiblecollection.com\/fr\/wp-json\/wp\/v2\/designer_clubroom?post=2548344"}],"curies":[{"name":"wp","href":"https:\/\/api.w.org\/{rel}","templated":true}]}}