{"id":2558235,"date":"2023-05-03T15:12:37","date_gmt":"2023-05-03T14:12:37","guid":{"rendered":"https:\/\/theinvisiblecollection.com\/?post_type=product&#038;p=2558235"},"modified":"2026-05-08T04:39:25","modified_gmt":"2026-05-08T04:39:25","slug":"natalia-criado-mini-cuillere-argent-bleue","status":"publish","type":"product","link":"https:\/\/theinvisiblecollection.com\/fr\/produit\/natalia-criado-mini-cuillere-argent-bleue\/","title":{"rendered":"Mini Cuill\u00e8re Argent Bleue"},"content":{"rendered":"<p style=\"text-align: justify;\">La mini cuill\u00e8re en quartz est en m\u00e9tal argent\u00e9 et incrustation de lapis-lazuli cylindrique sculpt\u00e9e \u00e0 la main. Elle est fabriqu\u00e9e \u00e0 la main par le plus grand artisan de C\u00f4me, en Italie.<\/p>\n","protected":false},"excerpt":{"rendered":"<ul>\n<li>Cuill\u00e8re<\/li>\n<li>Composition : Laiton plaqu\u00e9 argent \/ Lapis-lazuli<\/li>\n<\/ul>\n","protected":false},"featured_media":2558322,"template":"","meta":{"_acf_changed":false,"content-type":"","_themeisle_gutenberg_block_has_review":false},"product_brand":[],"product_cat":[12535,19973,19981,19985],"product_tag":[22790],"product_designer":[],"comfabric":[],"manufacturer":[18270],"reporting_designer":[],"samplecomfabric":[],"designer_clubroom":[20509],"class_list":{"0":"post-2558235","1":"product","2":"type-product","3":"status-publish","4":"has-post-thumbnail","6":"clubroom_taxonomies-gift-room","7":"product_cat-arts-de-la-table","8":"product_cat-accessoires-pour-la-maison","9":"product_cat-art-de-la-table","10":"product_cat-couverts","11":"product_tag-disponible-immediatement","12":"manufacturer-natalia-criado-fr","13":"clubroom_product_designer-natalia-criado-fr","14":"exhibitions-londres-fr","16":"first","17":"instock","18":"taxable","19":"shipping-taxable","20":"purchasable","21":"product-type-simple"},"acf":[],"_links":{"self":[{"href":"https:\/\/theinvisiblecollection.com\/fr\/wp-json\/wp\/v2\/product\/2558235","targetHints":{"allow":["GET"]}}],"collection":[{"href":"https:\/\/theinvisiblecollection.com\/fr\/wp-json\/wp\/v2\/product"}],"about":[{"href":"https:\/\/theinvisiblecollection.com\/fr\/wp-json\/wp\/v2\/types\/product"}],"wp:featuredmedia":[{"embeddable":true,"href":"https:\/\/theinvisiblecollection.com\/fr\/wp-json\/wp\/v2\/media\/2558322"}],"wp:attachment":[{"href":"https:\/\/theinvisiblecollection.com\/fr\/wp-json\/wp\/v2\/media?parent=2558235"}],"wp:term":[{"taxonomy":"product_brand","embeddable":true,"href":"https:\/\/theinvisiblecollection.com\/fr\/wp-json\/wp\/v2\/product_brand?post=2558235"},{"taxonomy":"product_cat","embeddable":true,"href":"https:\/\/theinvisiblecollection.com\/fr\/wp-json\/wp\/v2\/product_cat?post=2558235"},{"taxonomy":"product_tag","embeddable":true,"href":"https:\/\/theinvisiblecollection.com\/fr\/wp-json\/wp\/v2\/product_tag?post=2558235"},{"taxonomy":"product_designer","embeddable":true,"href":"https:\/\/theinvisiblecollection.com\/fr\/wp-json\/wp\/v2\/product_designer?post=2558235"},{"taxonomy":"comfabric","embeddable":true,"href":"https:\/\/theinvisiblecollection.com\/fr\/wp-json\/wp\/v2\/comfabric?post=2558235"},{"taxonomy":"manufacturer","embeddable":true,"href":"https:\/\/theinvisiblecollection.com\/fr\/wp-json\/wp\/v2\/manufacturer?post=2558235"},{"taxonomy":"reporting_designer","embeddable":true,"href":"https:\/\/theinvisiblecollection.com\/fr\/wp-json\/wp\/v2\/reporting_designer?post=2558235"},{"taxonomy":"samplecomfabric","embeddable":true,"href":"https:\/\/theinvisiblecollection.com\/fr\/wp-json\/wp\/v2\/samplecomfabric?post=2558235"},{"taxonomy":"clubroom_product_designer","embeddable":true,"href":"https:\/\/theinvisiblecollection.com\/fr\/wp-json\/wp\/v2\/designer_clubroom?post=2558235"}],"curies":[{"name":"wp","href":"https:\/\/api.w.org\/{rel}","templated":true}]}}