{"id":2583000,"date":"2023-05-10T16:05:40","date_gmt":"2023-05-10T15:05:40","guid":{"rendered":"https:\/\/theinvisiblecollection.com\/?post_type=product&#038;p=2583000"},"modified":"2026-05-01T07:38:12","modified_gmt":"2026-05-01T07:38:12","slug":"emmanuel-levet-stenne-table-dappoint-jelly","status":"publish","type":"product","link":"https:\/\/theinvisiblecollection.com\/fr\/produit\/emmanuel-levet-stenne-table-dappoint-jelly\/","title":{"rendered":"Table D&#8217;Appoint Jelly"},"content":{"rendered":"<p style=\"text-align: justify;\"><span class=\"TextRun SCXW265599632 BCX0\" lang=\"FR-FR\" xml:lang=\"FR-FR\" data-contrast=\"auto\"><span class=\"NormalTextRun SCXW265599632 BCX0\">La nouvelle collection J<\/span><span class=\"NormalTextRun SCXW265599632 BCX0\">elly d\u2019Emmanuel Levet Stenne <\/span><span class=\"NormalTextRun SCXW265599632 BCX0\">donne la part belle aux mati\u00e8res. Inspir\u00e9es des colonnes Doriques, la base facett\u00e9e en verre de Boh\u00e8me souffl\u00e9 contraste dans un jeu de transparence et d\u2019opacit\u00e9, de l\u00e9ger et de massif, avec les plateaux en alb\u00e2tre, en marbre blanc de carrare ou en noir <\/span><span class=\"NormalTextRun SpellingErrorV2Themed SCXW265599632 BCX0\">Marquina<\/span><span class=\"NormalTextRun SCXW265599632 BCX0\">. Les tables basses et gu\u00e9ridons J<\/span><span class=\"NormalTextRun SCXW265599632 BCX0\">elly <\/span><span class=\"NormalTextRun SCXW265599632 BCX0\">s\u2019offrent aux regards et aux gestes \u00e0 la mani\u00e8re de petits autels pa\u00efens.<\/span><\/span><span class=\"EOP SCXW265599632 BCX0\" data-ccp-props=\"{&quot;201341983&quot;:0,&quot;335559740&quot;:259}\">\u00a0<\/span><\/p>\n","protected":false},"excerpt":{"rendered":"<p>La nouvelle collection Jelly d\u2019Emmanuel Levet Stenne donne la part belle aux mati\u00e8res. Inspir\u00e9es des colonnes Doriques, la base facett\u00e9e en verre de Boh\u00e8me souffl\u00e9 contraste dans un jeu de transparence et d\u2019opacit\u00e9, de l\u00e9ger et de massif, avec les plateaux en alb\u00e2tre, en marbre blanc de carrare ou en noir Marquina. Les tables basses [&hellip;]<\/p>\n","protected":false},"featured_media":2581712,"template":"","meta":{"_acf_changed":false,"content-type":"","_themeisle_gutenberg_block_has_review":false},"product_brand":[],"product_cat":[12332,12503,12514],"product_tag":[7435,33319,35206],"product_designer":[13211],"comfabric":[],"manufacturer":[27900],"reporting_designer":[37696],"samplecomfabric":[],"designer_clubroom":[],"class_list":{"0":"post-2583000","1":"product","2":"type-product","3":"status-publish","4":"has-post-thumbnail","6":"product_cat-tables-dappoint","7":"product_cat-tables-fr","8":"product_cat-tables-de-chevet","9":"product_tag-new-in-fr","10":"product_tag-edition-limitee","11":"product_tag-exclusive-fr","12":"product_designer-emmanuel-levet-stenne-fr","13":"manufacturer-emmanuel-levet-stenne-atelier-bourron-marlotte-fr","14":"reporting_designer-emmanuel-levet-stenne","16":"first","17":"instock","18":"taxable","19":"shipping-taxable","20":"purchasable","21":"product-type-variable"},"acf":[],"_links":{"self":[{"href":"https:\/\/theinvisiblecollection.com\/fr\/wp-json\/wp\/v2\/product\/2583000","targetHints":{"allow":["GET"]}}],"collection":[{"href":"https:\/\/theinvisiblecollection.com\/fr\/wp-json\/wp\/v2\/product"}],"about":[{"href":"https:\/\/theinvisiblecollection.com\/fr\/wp-json\/wp\/v2\/types\/product"}],"wp:featuredmedia":[{"embeddable":true,"href":"https:\/\/theinvisiblecollection.com\/fr\/wp-json\/wp\/v2\/media\/2581712"}],"wp:attachment":[{"href":"https:\/\/theinvisiblecollection.com\/fr\/wp-json\/wp\/v2\/media?parent=2583000"}],"wp:term":[{"taxonomy":"product_brand","embeddable":true,"href":"https:\/\/theinvisiblecollection.com\/fr\/wp-json\/wp\/v2\/product_brand?post=2583000"},{"taxonomy":"product_cat","embeddable":true,"href":"https:\/\/theinvisiblecollection.com\/fr\/wp-json\/wp\/v2\/product_cat?post=2583000"},{"taxonomy":"product_tag","embeddable":true,"href":"https:\/\/theinvisiblecollection.com\/fr\/wp-json\/wp\/v2\/product_tag?post=2583000"},{"taxonomy":"product_designer","embeddable":true,"href":"https:\/\/theinvisiblecollection.com\/fr\/wp-json\/wp\/v2\/product_designer?post=2583000"},{"taxonomy":"comfabric","embeddable":true,"href":"https:\/\/theinvisiblecollection.com\/fr\/wp-json\/wp\/v2\/comfabric?post=2583000"},{"taxonomy":"manufacturer","embeddable":true,"href":"https:\/\/theinvisiblecollection.com\/fr\/wp-json\/wp\/v2\/manufacturer?post=2583000"},{"taxonomy":"reporting_designer","embeddable":true,"href":"https:\/\/theinvisiblecollection.com\/fr\/wp-json\/wp\/v2\/reporting_designer?post=2583000"},{"taxonomy":"samplecomfabric","embeddable":true,"href":"https:\/\/theinvisiblecollection.com\/fr\/wp-json\/wp\/v2\/samplecomfabric?post=2583000"},{"taxonomy":"clubroom_product_designer","embeddable":true,"href":"https:\/\/theinvisiblecollection.com\/fr\/wp-json\/wp\/v2\/designer_clubroom?post=2583000"}],"curies":[{"name":"wp","href":"https:\/\/api.w.org\/{rel}","templated":true}]}}