{"id":2600610,"date":"2023-05-15T15:31:01","date_gmt":"2023-05-15T14:31:01","guid":{"rendered":"https:\/\/theinvisiblecollection.com\/?post_type=product&#038;p=2600610"},"modified":"2026-05-01T07:38:12","modified_gmt":"2026-05-01T07:38:12","slug":"osanna-visconti-pot-de-fleurs-bronze-2","status":"publish","type":"product","link":"https:\/\/theinvisiblecollection.com\/fr\/produit\/osanna-visconti-pot-de-fleurs-bronze-2\/","title":{"rendered":"Pot De Fleurs Bronze"},"content":{"rendered":"<p style=\"text-align: justify;\">Une jardini\u00e8re fantaisiste en bronze naturel fabriqu\u00e9e selon la technique traditionnelle de la cire perdue. Con\u00e7ue par Osanna Visconti, son irr\u00e9gularit\u00e9 s&#8217;inspire d&#8217;un jardin italien de son enfance.<\/p>\n","protected":false},"excerpt":{"rendered":"<ul>\n<li>Bronze naturel sculpt\u00e9 gr\u00e2ce \u00e0 la technique de la cire perdue<\/li>\n<\/ul>\n","protected":false},"featured_media":2940174,"template":"","meta":{"_acf_changed":false,"content-type":"","_themeisle_gutenberg_block_has_review":false},"product_brand":[],"product_cat":[12531,16319,19973,19983],"product_tag":[22790,31476],"product_designer":[],"comfabric":[],"manufacturer":[20001],"reporting_designer":[],"samplecomfabric":[],"designer_clubroom":[20496],"class_list":{"0":"post-2600610","1":"product","2":"type-product","3":"status-publish","4":"has-post-thumbnail","6":"clubroom_taxonomies-gift-room","7":"clubroom_taxonomies-the-guest-room-fr","8":"product_cat-objets-de-decoration","9":"product_cat-cartes-cadeaux","10":"product_cat-accessoires-pour-la-maison","11":"product_cat-bols","12":"product_tag-disponible-immediatement","13":"product_tag-st-collectible-fr","14":"manufacturer-osanna-visconti-gallery-fr","15":"clubroom_product_designer-osanna-visconti-fr","16":"exhibitions-paris-fr","18":"first","19":"instock","20":"taxable","21":"shipping-taxable","22":"purchasable","23":"product-type-simple"},"acf":[],"_links":{"self":[{"href":"https:\/\/theinvisiblecollection.com\/fr\/wp-json\/wp\/v2\/product\/2600610","targetHints":{"allow":["GET"]}}],"collection":[{"href":"https:\/\/theinvisiblecollection.com\/fr\/wp-json\/wp\/v2\/product"}],"about":[{"href":"https:\/\/theinvisiblecollection.com\/fr\/wp-json\/wp\/v2\/types\/product"}],"wp:featuredmedia":[{"embeddable":true,"href":"https:\/\/theinvisiblecollection.com\/fr\/wp-json\/wp\/v2\/media\/2940174"}],"wp:attachment":[{"href":"https:\/\/theinvisiblecollection.com\/fr\/wp-json\/wp\/v2\/media?parent=2600610"}],"wp:term":[{"taxonomy":"product_brand","embeddable":true,"href":"https:\/\/theinvisiblecollection.com\/fr\/wp-json\/wp\/v2\/product_brand?post=2600610"},{"taxonomy":"product_cat","embeddable":true,"href":"https:\/\/theinvisiblecollection.com\/fr\/wp-json\/wp\/v2\/product_cat?post=2600610"},{"taxonomy":"product_tag","embeddable":true,"href":"https:\/\/theinvisiblecollection.com\/fr\/wp-json\/wp\/v2\/product_tag?post=2600610"},{"taxonomy":"product_designer","embeddable":true,"href":"https:\/\/theinvisiblecollection.com\/fr\/wp-json\/wp\/v2\/product_designer?post=2600610"},{"taxonomy":"comfabric","embeddable":true,"href":"https:\/\/theinvisiblecollection.com\/fr\/wp-json\/wp\/v2\/comfabric?post=2600610"},{"taxonomy":"manufacturer","embeddable":true,"href":"https:\/\/theinvisiblecollection.com\/fr\/wp-json\/wp\/v2\/manufacturer?post=2600610"},{"taxonomy":"reporting_designer","embeddable":true,"href":"https:\/\/theinvisiblecollection.com\/fr\/wp-json\/wp\/v2\/reporting_designer?post=2600610"},{"taxonomy":"samplecomfabric","embeddable":true,"href":"https:\/\/theinvisiblecollection.com\/fr\/wp-json\/wp\/v2\/samplecomfabric?post=2600610"},{"taxonomy":"clubroom_product_designer","embeddable":true,"href":"https:\/\/theinvisiblecollection.com\/fr\/wp-json\/wp\/v2\/designer_clubroom?post=2600610"}],"curies":[{"name":"wp","href":"https:\/\/api.w.org\/{rel}","templated":true}]}}