{"id":2617181,"date":"2023-05-17T17:28:01","date_gmt":"2023-05-17T16:28:01","guid":{"rendered":"https:\/\/theinvisiblecollection.com\/?post_type=product&#038;p=2617181"},"modified":"2026-05-01T07:38:12","modified_gmt":"2026-05-01T07:38:12","slug":"giberto-interrupteur-luce-agata","status":"publish","type":"product","link":"https:\/\/theinvisiblecollection.com\/fr\/produit\/giberto-interrupteur-luce-agata\/","title":{"rendered":"Interrupteur Luce Agata"},"content":{"rendered":"<p style=\"text-align: justify;\">Giberto Arrivabene Valenti Gonzaga redonne vit \u00e0 l&#8217;interrupteur, objet disparu des int\u00e9rieurs modernes. Pi\u00e8ce du pass\u00e9 r\u00e9interpr\u00e9t\u00e9e en vermeil et agathe, il conjugue intemporalit\u00e9 et savoir-faire.<\/p>\n","protected":false},"excerpt":{"rendered":"<ul>\n<li>Composition : Agate, Vermeil<\/li>\n<\/ul>\n","protected":false},"featured_media":2616802,"template":"","meta":{"_acf_changed":false,"content-type":"","_themeisle_gutenberg_block_has_review":false},"product_brand":[],"product_cat":[12507,12531,16319,19973],"product_tag":[22790],"product_designer":[],"comfabric":[],"manufacturer":[18374],"reporting_designer":[],"samplecomfabric":[],"designer_clubroom":[20480],"class_list":{"0":"post-2617181","1":"product","2":"type-product","3":"status-publish","4":"has-post-thumbnail","6":"clubroom_taxonomies-gift-room","7":"product_cat-luminaires","8":"product_cat-objets-de-decoration","9":"product_cat-cartes-cadeaux","10":"product_cat-accessoires-pour-la-maison","11":"product_tag-disponible-immediatement","12":"manufacturer-giberto-fr","13":"clubroom_product_designer-giberto-fr","14":"exhibitions-paris-fr","15":"exhibitions-londres-fr","17":"first","18":"instock","19":"taxable","20":"shipping-taxable","21":"purchasable","22":"product-type-simple"},"acf":[],"_links":{"self":[{"href":"https:\/\/theinvisiblecollection.com\/fr\/wp-json\/wp\/v2\/product\/2617181","targetHints":{"allow":["GET"]}}],"collection":[{"href":"https:\/\/theinvisiblecollection.com\/fr\/wp-json\/wp\/v2\/product"}],"about":[{"href":"https:\/\/theinvisiblecollection.com\/fr\/wp-json\/wp\/v2\/types\/product"}],"wp:featuredmedia":[{"embeddable":true,"href":"https:\/\/theinvisiblecollection.com\/fr\/wp-json\/wp\/v2\/media\/2616802"}],"wp:attachment":[{"href":"https:\/\/theinvisiblecollection.com\/fr\/wp-json\/wp\/v2\/media?parent=2617181"}],"wp:term":[{"taxonomy":"product_brand","embeddable":true,"href":"https:\/\/theinvisiblecollection.com\/fr\/wp-json\/wp\/v2\/product_brand?post=2617181"},{"taxonomy":"product_cat","embeddable":true,"href":"https:\/\/theinvisiblecollection.com\/fr\/wp-json\/wp\/v2\/product_cat?post=2617181"},{"taxonomy":"product_tag","embeddable":true,"href":"https:\/\/theinvisiblecollection.com\/fr\/wp-json\/wp\/v2\/product_tag?post=2617181"},{"taxonomy":"product_designer","embeddable":true,"href":"https:\/\/theinvisiblecollection.com\/fr\/wp-json\/wp\/v2\/product_designer?post=2617181"},{"taxonomy":"comfabric","embeddable":true,"href":"https:\/\/theinvisiblecollection.com\/fr\/wp-json\/wp\/v2\/comfabric?post=2617181"},{"taxonomy":"manufacturer","embeddable":true,"href":"https:\/\/theinvisiblecollection.com\/fr\/wp-json\/wp\/v2\/manufacturer?post=2617181"},{"taxonomy":"reporting_designer","embeddable":true,"href":"https:\/\/theinvisiblecollection.com\/fr\/wp-json\/wp\/v2\/reporting_designer?post=2617181"},{"taxonomy":"samplecomfabric","embeddable":true,"href":"https:\/\/theinvisiblecollection.com\/fr\/wp-json\/wp\/v2\/samplecomfabric?post=2617181"},{"taxonomy":"clubroom_product_designer","embeddable":true,"href":"https:\/\/theinvisiblecollection.com\/fr\/wp-json\/wp\/v2\/designer_clubroom?post=2617181"}],"curies":[{"name":"wp","href":"https:\/\/api.w.org\/{rel}","templated":true}]}}