{"id":2623483,"date":"2023-05-18T13:09:10","date_gmt":"2023-05-18T12:09:10","guid":{"rendered":"https:\/\/theinvisiblecollection.com\/?post_type=product&#038;p=2623483"},"modified":"2026-05-01T07:38:12","modified_gmt":"2026-05-01T07:38:12","slug":"la-grange-bougie-vase-annees-60-jean-austruy","status":"publish","type":"product","link":"https:\/\/theinvisiblecollection.com\/fr\/produit\/la-grange-bougie-vase-annees-60-jean-austruy\/","title":{"rendered":"Bougie Vase Ann\u00e9es 60 Jean Austruy"},"content":{"rendered":"<p style=\"text-align: justify;\">Un vase vintage Jean Austruy, des ann\u00e9es 1960, orn\u00e9 de motifs abstraits. La cire parfum\u00e9e au feu de bois est fabriqu\u00e9e \u00e0 partir de soja, tandis que la tige est en coton. Dur\u00e9e de combustion 150 heures.<\/p>\n","protected":false},"excerpt":{"rendered":"<ul>\n<li>Vase Vintage, ann\u00e9es 60<\/li>\n<li style=\"font-weight: 400;\">Sign\u00e9 Jean Austruy<\/li>\n<li style=\"font-weight: 400;\"><span style=\"font-weight: 400;\">Chin\u00e9 aux Puces de\u00a0Montreuil<\/span><\/li>\n<\/ul>\n<ul>\n<li style=\"font-weight: 400;\"><span style=\"font-weight: 400;\">Bougie 1 m\u00e8che &#8211; L &#8211; 120 \u00e0 150 heures de combustion\u00a0<\/span><\/li>\n<li style=\"font-weight: 400;\"><span style=\"font-weight: 400;\">Cire de soja &amp; m\u00e8che en coton<\/span><\/li>\n<li style=\"font-weight: 400;\"><span style=\"font-weight: 400;\">Parfum signature &#8220;Feu de bois&#8221; \u00e9labor\u00e9 \u00e0 Grasse\u00a0<\/span><\/li>\n<\/ul>\n","protected":false},"featured_media":2623619,"template":"","meta":{"_acf_changed":false,"content-type":"","_themeisle_gutenberg_block_has_review":false},"product_brand":[],"product_cat":[12529,19973],"product_tag":[22790],"product_designer":[],"comfabric":[],"manufacturer":[18394],"reporting_designer":[],"samplecomfabric":[],"designer_clubroom":[20473],"class_list":{"0":"post-2623483","1":"product","2":"type-product","3":"status-publish","4":"has-post-thumbnail","6":"clubroom_taxonomies-vintage-room","7":"product_cat-bougies-bougeoirs","8":"product_cat-accessoires-pour-la-maison","9":"product_tag-disponible-immediatement","10":"manufacturer-la-grange-fr","11":"clubroom_product_designer-la-grange-fr","12":"exhibitions-paris-fr","14":"first","15":"instock","16":"taxable","17":"shipping-taxable","18":"purchasable","19":"product-type-simple"},"acf":[],"_links":{"self":[{"href":"https:\/\/theinvisiblecollection.com\/fr\/wp-json\/wp\/v2\/product\/2623483","targetHints":{"allow":["GET"]}}],"collection":[{"href":"https:\/\/theinvisiblecollection.com\/fr\/wp-json\/wp\/v2\/product"}],"about":[{"href":"https:\/\/theinvisiblecollection.com\/fr\/wp-json\/wp\/v2\/types\/product"}],"wp:featuredmedia":[{"embeddable":true,"href":"https:\/\/theinvisiblecollection.com\/fr\/wp-json\/wp\/v2\/media\/2623619"}],"wp:attachment":[{"href":"https:\/\/theinvisiblecollection.com\/fr\/wp-json\/wp\/v2\/media?parent=2623483"}],"wp:term":[{"taxonomy":"product_brand","embeddable":true,"href":"https:\/\/theinvisiblecollection.com\/fr\/wp-json\/wp\/v2\/product_brand?post=2623483"},{"taxonomy":"product_cat","embeddable":true,"href":"https:\/\/theinvisiblecollection.com\/fr\/wp-json\/wp\/v2\/product_cat?post=2623483"},{"taxonomy":"product_tag","embeddable":true,"href":"https:\/\/theinvisiblecollection.com\/fr\/wp-json\/wp\/v2\/product_tag?post=2623483"},{"taxonomy":"product_designer","embeddable":true,"href":"https:\/\/theinvisiblecollection.com\/fr\/wp-json\/wp\/v2\/product_designer?post=2623483"},{"taxonomy":"comfabric","embeddable":true,"href":"https:\/\/theinvisiblecollection.com\/fr\/wp-json\/wp\/v2\/comfabric?post=2623483"},{"taxonomy":"manufacturer","embeddable":true,"href":"https:\/\/theinvisiblecollection.com\/fr\/wp-json\/wp\/v2\/manufacturer?post=2623483"},{"taxonomy":"reporting_designer","embeddable":true,"href":"https:\/\/theinvisiblecollection.com\/fr\/wp-json\/wp\/v2\/reporting_designer?post=2623483"},{"taxonomy":"samplecomfabric","embeddable":true,"href":"https:\/\/theinvisiblecollection.com\/fr\/wp-json\/wp\/v2\/samplecomfabric?post=2623483"},{"taxonomy":"clubroom_product_designer","embeddable":true,"href":"https:\/\/theinvisiblecollection.com\/fr\/wp-json\/wp\/v2\/designer_clubroom?post=2623483"}],"curies":[{"name":"wp","href":"https:\/\/api.w.org\/{rel}","templated":true}]}}