{"id":2688204,"date":"2023-05-24T15:59:38","date_gmt":"2023-05-24T14:59:38","guid":{"rendered":"https:\/\/theinvisiblecollection.com\/?post_type=product&#038;p=2688204"},"modified":"2026-05-01T07:38:09","modified_gmt":"2026-05-01T07:38:09","slug":"galerie-mcde-pierre-chareau-double-applique-mouche","status":"publish","type":"product","link":"https:\/\/theinvisiblecollection.com\/fr\/produit\/galerie-mcde-pierre-chareau-double-applique-mouche\/","title":{"rendered":"Applique Double Mouche"},"content":{"rendered":"<p>Cr\u00e9\u00e9e vers 1924, Pierre Chareau donne \u00e0 l&#8217;applique Mouche toute sa mesure en la d\u00e9multipliant : le mur d\u00e9cor\u00e9 devient \u00ab mouchet\u00e9 \u00bb.<\/p>\n","protected":false},"excerpt":{"rendered":"<p>Cr\u00e9\u00e9e vers 1924, Pierre Chareau donne \u00e0 l&#8217;applique Mouche toute sa mesure en la d\u00e9multipliant : le mur d\u00e9cor\u00e9 devient \u00ab mouchet\u00e9 \u00bb.<\/p>\n","protected":false},"featured_media":5375303,"template":"","meta":{"_acf_changed":false,"content-type":"","_themeisle_gutenberg_block_has_review":false},"product_brand":[],"product_cat":[8975,12507],"product_tag":[7435,11235],"product_designer":[10239,13455],"comfabric":[],"manufacturer":[20718],"reporting_designer":[37390],"samplecomfabric":[],"designer_clubroom":[],"class_list":{"0":"post-2688204","1":"product","2":"type-product","3":"status-publish","4":"has-post-thumbnail","6":"product_cat-appliques-murales","7":"product_cat-luminaires","8":"product_tag-new-in-fr","9":"product_tag-reedition-fr-fr","10":"product_designer-pierre-chareau-fr","11":"product_designer-galerie-mcde-fr","12":"manufacturer-manufacture-zanzibar-fr","13":"reporting_designer-pierre-chareau","15":"first","16":"instock","17":"taxable","18":"shipping-taxable","19":"purchasable","20":"product-type-variable"},"acf":[],"_links":{"self":[{"href":"https:\/\/theinvisiblecollection.com\/fr\/wp-json\/wp\/v2\/product\/2688204","targetHints":{"allow":["GET"]}}],"collection":[{"href":"https:\/\/theinvisiblecollection.com\/fr\/wp-json\/wp\/v2\/product"}],"about":[{"href":"https:\/\/theinvisiblecollection.com\/fr\/wp-json\/wp\/v2\/types\/product"}],"wp:featuredmedia":[{"embeddable":true,"href":"https:\/\/theinvisiblecollection.com\/fr\/wp-json\/wp\/v2\/media\/5375303"}],"wp:attachment":[{"href":"https:\/\/theinvisiblecollection.com\/fr\/wp-json\/wp\/v2\/media?parent=2688204"}],"wp:term":[{"taxonomy":"product_brand","embeddable":true,"href":"https:\/\/theinvisiblecollection.com\/fr\/wp-json\/wp\/v2\/product_brand?post=2688204"},{"taxonomy":"product_cat","embeddable":true,"href":"https:\/\/theinvisiblecollection.com\/fr\/wp-json\/wp\/v2\/product_cat?post=2688204"},{"taxonomy":"product_tag","embeddable":true,"href":"https:\/\/theinvisiblecollection.com\/fr\/wp-json\/wp\/v2\/product_tag?post=2688204"},{"taxonomy":"product_designer","embeddable":true,"href":"https:\/\/theinvisiblecollection.com\/fr\/wp-json\/wp\/v2\/product_designer?post=2688204"},{"taxonomy":"comfabric","embeddable":true,"href":"https:\/\/theinvisiblecollection.com\/fr\/wp-json\/wp\/v2\/comfabric?post=2688204"},{"taxonomy":"manufacturer","embeddable":true,"href":"https:\/\/theinvisiblecollection.com\/fr\/wp-json\/wp\/v2\/manufacturer?post=2688204"},{"taxonomy":"reporting_designer","embeddable":true,"href":"https:\/\/theinvisiblecollection.com\/fr\/wp-json\/wp\/v2\/reporting_designer?post=2688204"},{"taxonomy":"samplecomfabric","embeddable":true,"href":"https:\/\/theinvisiblecollection.com\/fr\/wp-json\/wp\/v2\/samplecomfabric?post=2688204"},{"taxonomy":"clubroom_product_designer","embeddable":true,"href":"https:\/\/theinvisiblecollection.com\/fr\/wp-json\/wp\/v2\/designer_clubroom?post=2688204"}],"curies":[{"name":"wp","href":"https:\/\/api.w.org\/{rel}","templated":true}]}}