{"id":2690365,"date":"2023-05-24T17:39:49","date_gmt":"2023-05-24T16:39:49","guid":{"rendered":"https:\/\/theinvisiblecollection.com\/?post_type=product&#038;p=2690365"},"modified":"2026-05-01T07:38:09","modified_gmt":"2026-05-01T07:38:09","slug":"galerie-mcde-pierre-chareau-lampe-de-chevet-religieuse","status":"publish","type":"product","link":"https:\/\/theinvisiblecollection.com\/fr\/produit\/galerie-mcde-pierre-chareau-lampe-de-chevet-religieuse\/","title":{"rendered":"Lampe De Chevet Religieuse"},"content":{"rendered":"<p><span class=\"TextRun SCXW94594796 BCX0\" lang=\"EN-GB\" xml:lang=\"EN-GB\" data-contrast=\"auto\"><span class=\"NormalTextRun SCXW94594796 BCX0\">Con\u00e7ue<\/span> <span class=\"NormalTextRun SCXW94594796 BCX0\">en<\/span><span class=\"NormalTextRun SCXW94594796 BCX0\"> 1924, <\/span><span class=\"NormalTextRun SCXW94594796 BCX0\">cette<\/span><span class=\"NormalTextRun SCXW94594796 BCX0\"> pi\u00e8ce <\/span><span class=\"NormalTextRun SCXW94594796 BCX0\">est<\/span> <span class=\"NormalTextRun SCXW94594796 BCX0\">l&#8217;un<\/span><span class=\"NormalTextRun SCXW94594796 BCX0\"> des chefs-<\/span><span class=\"NormalTextRun SCXW94594796 BCX0\">d&#8217;\u0153uvre<\/span><span class=\"NormalTextRun SCXW94594796 BCX0\"> du <\/span><span class=\"NormalTextRun SCXW94594796 BCX0\">XXe<\/span><span class=\"NormalTextRun SCXW94594796 BCX0\"> si\u00e8cle. <\/span><span class=\"NormalTextRun SCXW94594796 BCX0\">Plus<\/span><span class=\"NormalTextRun SCXW94594796 BCX0\"> sculpture que <\/span><span class=\"NormalTextRun SCXW94594796 BCX0\">lampe<\/span><span class=\"NormalTextRun SCXW94594796 BCX0\">, Pierre <\/span><span class=\"NormalTextRun SCXW94594796 BCX0\">Chareau<\/span><span class=\"NormalTextRun SCXW94594796 BCX0\"> a <\/span><span class=\"NormalTextRun SCXW94594796 BCX0\">audacieusement<\/span> <span class=\"NormalTextRun SCXW94594796 BCX0\">combin\u00e9<\/span><span class=\"NormalTextRun SCXW94594796 BCX0\"> la <\/span><span class=\"NormalTextRun SCXW94594796 BCX0\">rondeur<\/span> <span class=\"NormalTextRun SCXW94594796 BCX0\">sensuelle<\/span><span class=\"NormalTextRun SCXW94594796 BCX0\"> d&#8217;un <\/span><span class=\"NormalTextRun SCXW94594796 BCX0\">f\u00fbt<\/span> <span class=\"NormalTextRun SCXW94594796 BCX0\">en<\/span> <span class=\"NormalTextRun SCXW94594796 BCX0\">bois<\/span><span class=\"NormalTextRun SCXW94594796 BCX0\"> massif avec des <\/span><span class=\"NormalTextRun SCXW94594796 BCX0\">panneaux<\/span> <span class=\"NormalTextRun SCXW94594796 BCX0\">d&#8217;alb\u00e2tre<\/span><span class=\"NormalTextRun SCXW94594796 BCX0\"> aux <\/span><span class=\"NormalTextRun SCXW94594796 BCX0\">formes<\/span> <span class=\"NormalTextRun SCXW94594796 BCX0\">agressives<\/span><span class=\"NormalTextRun SCXW94594796 BCX0\">, <\/span><span class=\"NormalTextRun SCXW94594796 BCX0\">adoucies<\/span> <span class=\"NormalTextRun SCXW94594796 BCX0\">uniquement<\/span><span class=\"NormalTextRun SCXW94594796 BCX0\"> par <\/span><span class=\"NormalTextRun SCXW94594796 BCX0\">leur<\/span> <span class=\"NormalTextRun SCXW94594796 BCX0\">translucidit\u00e9<\/span><span class=\"NormalTextRun SCXW94594796 BCX0\">.<\/span><\/span><span class=\"EOP SCXW94594796 BCX0\" data-ccp-props=\"{&quot;134233117&quot;:false,&quot;134233118&quot;:false,&quot;335551550&quot;:2,&quot;335551620&quot;:2,&quot;335559738&quot;:0,&quot;335559739&quot;:0}\">\u00a0<\/span><\/p>\n","protected":false},"excerpt":{"rendered":"<p>Con\u00e7ue en 1924, cette pi\u00e8ce est l&#8217;un des chefs-d&#8217;\u0153uvre du XXe si\u00e8cle. Plus sculpture que lampe, Pierre Chareau a audacieusement combin\u00e9 la rondeur sensuelle d&#8217;un f\u00fbt en bois massif avec des panneaux d&#8217;alb\u00e2tre aux formes agressives, adoucies uniquement par leur translucidit\u00e9.\u00a0<\/p>\n","protected":false},"featured_media":5375968,"template":"","meta":{"_acf_changed":false,"content-type":"","_themeisle_gutenberg_block_has_review":false},"product_brand":[],"product_cat":[8974,12507],"product_tag":[7435,10400,11235,22682,31476],"product_designer":[10239,13455],"comfabric":[],"manufacturer":[20718],"reporting_designer":[37390],"samplecomfabric":[],"designer_clubroom":[],"class_list":{"0":"post-2690365","1":"product","2":"type-product","3":"status-publish","4":"has-post-thumbnail","6":"product_cat-lampes-de-table","7":"product_cat-luminaires","8":"product_tag-new-in-fr","9":"product_tag-pierre-chareau-fr","10":"product_tag-reedition-fr-fr","11":"product_tag-galerie-mcde-fr","12":"product_tag-st-collectible-fr","13":"product_designer-pierre-chareau-fr","14":"product_designer-galerie-mcde-fr","15":"manufacturer-manufacture-zanzibar-fr","16":"reporting_designer-pierre-chareau","18":"first","19":"instock","20":"taxable","21":"shipping-taxable","22":"purchasable","23":"product-type-variable"},"acf":[],"_links":{"self":[{"href":"https:\/\/theinvisiblecollection.com\/fr\/wp-json\/wp\/v2\/product\/2690365","targetHints":{"allow":["GET"]}}],"collection":[{"href":"https:\/\/theinvisiblecollection.com\/fr\/wp-json\/wp\/v2\/product"}],"about":[{"href":"https:\/\/theinvisiblecollection.com\/fr\/wp-json\/wp\/v2\/types\/product"}],"wp:featuredmedia":[{"embeddable":true,"href":"https:\/\/theinvisiblecollection.com\/fr\/wp-json\/wp\/v2\/media\/5375968"}],"wp:attachment":[{"href":"https:\/\/theinvisiblecollection.com\/fr\/wp-json\/wp\/v2\/media?parent=2690365"}],"wp:term":[{"taxonomy":"product_brand","embeddable":true,"href":"https:\/\/theinvisiblecollection.com\/fr\/wp-json\/wp\/v2\/product_brand?post=2690365"},{"taxonomy":"product_cat","embeddable":true,"href":"https:\/\/theinvisiblecollection.com\/fr\/wp-json\/wp\/v2\/product_cat?post=2690365"},{"taxonomy":"product_tag","embeddable":true,"href":"https:\/\/theinvisiblecollection.com\/fr\/wp-json\/wp\/v2\/product_tag?post=2690365"},{"taxonomy":"product_designer","embeddable":true,"href":"https:\/\/theinvisiblecollection.com\/fr\/wp-json\/wp\/v2\/product_designer?post=2690365"},{"taxonomy":"comfabric","embeddable":true,"href":"https:\/\/theinvisiblecollection.com\/fr\/wp-json\/wp\/v2\/comfabric?post=2690365"},{"taxonomy":"manufacturer","embeddable":true,"href":"https:\/\/theinvisiblecollection.com\/fr\/wp-json\/wp\/v2\/manufacturer?post=2690365"},{"taxonomy":"reporting_designer","embeddable":true,"href":"https:\/\/theinvisiblecollection.com\/fr\/wp-json\/wp\/v2\/reporting_designer?post=2690365"},{"taxonomy":"samplecomfabric","embeddable":true,"href":"https:\/\/theinvisiblecollection.com\/fr\/wp-json\/wp\/v2\/samplecomfabric?post=2690365"},{"taxonomy":"clubroom_product_designer","embeddable":true,"href":"https:\/\/theinvisiblecollection.com\/fr\/wp-json\/wp\/v2\/designer_clubroom?post=2690365"}],"curies":[{"name":"wp","href":"https:\/\/api.w.org\/{rel}","templated":true}]}}