{"id":2703964,"date":"2023-05-25T14:45:02","date_gmt":"2023-05-25T13:45:02","guid":{"rendered":"https:\/\/theinvisiblecollection.com\/?post_type=product&#038;p=2703964"},"modified":"2026-05-01T07:38:09","modified_gmt":"2026-05-01T07:38:09","slug":"galerie-mcde-pierre-chareau-lampe-potence","status":"publish","type":"product","link":"https:\/\/theinvisiblecollection.com\/fr\/produit\/galerie-mcde-pierre-chareau-lampe-potence\/","title":{"rendered":"Lampe Potence"},"content":{"rendered":"<p><span class=\"TextRun SCXW114382033 BCX0\" lang=\"EN-GB\" xml:lang=\"EN-GB\" data-contrast=\"auto\"><span class=\"NormalTextRun SCXW114382033 BCX0\">\u00a0<\/span><span class=\"NormalTextRun SCXW114382033 BCX0\">Con\u00e7ue<\/span> <span class=\"NormalTextRun SCXW114382033 BCX0\">en<\/span><span class=\"NormalTextRun SCXW114382033 BCX0\"> 1922, <\/span><span class=\"NormalTextRun SCXW114382033 BCX0\">cette<\/span><span class=\"NormalTextRun SCXW114382033 BCX0\"> applique <\/span><span class=\"NormalTextRun SCXW114382033 BCX0\">murale<\/span> <span class=\"NormalTextRun SCXW114382033 BCX0\">est<\/span> <span class=\"NormalTextRun SCXW114382033 BCX0\">embl\u00e9matique<\/span><span class=\"NormalTextRun SCXW114382033 BCX0\"> de <\/span><span class=\"NormalTextRun SCXW114382033 BCX0\">l&#8217;inspiration<\/span> <span class=\"NormalTextRun SCXW114382033 BCX0\">cubiste<\/span><span class=\"NormalTextRun SCXW114382033 BCX0\"> de Pierre <\/span><span class=\"NormalTextRun SCXW114382033 BCX0\">Chareau<\/span><span class=\"NormalTextRun SCXW114382033 BCX0\">. Telle <\/span><span class=\"NormalTextRun SCXW114382033 BCX0\">une<\/span><span class=\"NormalTextRun SCXW114382033 BCX0\"> statue, <\/span><span class=\"NormalTextRun SCXW114382033 BCX0\">elle<\/span><span class=\"NormalTextRun SCXW114382033 BCX0\"> observe \u00e0 travers les deux <\/span><span class=\"NormalTextRun SCXW114382033 BCX0\">panneaux<\/span> <span class=\"NormalTextRun SCXW114382033 BCX0\">d&#8217;alb\u00e2tre<\/span><span class=\"NormalTextRun SCXW114382033 BCX0\"> formant le visage, le <\/span><span class=\"NormalTextRun SCXW114382033 BCX0\">m\u00e9tal<\/span> <span class=\"NormalTextRun SCXW114382033 BCX0\">constituant<\/span><span class=\"NormalTextRun SCXW114382033 BCX0\"> le corps.<\/span><\/span><span class=\"EOP SCXW114382033 BCX0\" data-ccp-props=\"{&quot;335551550&quot;:2,&quot;335551620&quot;:2}\">\u00a0<\/span><\/p>\n","protected":false},"excerpt":{"rendered":"<p>\u00a0Con\u00e7ue en 1922, cette applique murale est embl\u00e9matique de l&#8217;inspiration cubiste de Pierre Chareau. Telle une statue, elle observe \u00e0 travers les deux panneaux d&#8217;alb\u00e2tre formant le visage, le m\u00e9tal constituant le corps.\u00a0<\/p>\n","protected":false},"featured_media":5375516,"template":"","meta":{"_acf_changed":false,"content-type":"","_themeisle_gutenberg_block_has_review":false},"product_brand":[],"product_cat":[8974,12507],"product_tag":[7435,11235,22790],"product_designer":[10239,13455],"comfabric":[],"manufacturer":[20718],"reporting_designer":[37390],"samplecomfabric":[],"designer_clubroom":[],"class_list":{"0":"post-2703964","1":"product","2":"type-product","3":"status-publish","4":"has-post-thumbnail","6":"product_cat-lampes-de-table","7":"product_cat-luminaires","8":"product_tag-new-in-fr","9":"product_tag-reedition-fr-fr","10":"product_tag-disponible-immediatement","11":"product_designer-pierre-chareau-fr","12":"product_designer-galerie-mcde-fr","13":"manufacturer-manufacture-zanzibar-fr","14":"reporting_designer-pierre-chareau","16":"first","17":"instock","18":"taxable","19":"shipping-taxable","20":"purchasable","21":"product-type-variable"},"acf":[],"_links":{"self":[{"href":"https:\/\/theinvisiblecollection.com\/fr\/wp-json\/wp\/v2\/product\/2703964","targetHints":{"allow":["GET"]}}],"collection":[{"href":"https:\/\/theinvisiblecollection.com\/fr\/wp-json\/wp\/v2\/product"}],"about":[{"href":"https:\/\/theinvisiblecollection.com\/fr\/wp-json\/wp\/v2\/types\/product"}],"wp:featuredmedia":[{"embeddable":true,"href":"https:\/\/theinvisiblecollection.com\/fr\/wp-json\/wp\/v2\/media\/5375516"}],"wp:attachment":[{"href":"https:\/\/theinvisiblecollection.com\/fr\/wp-json\/wp\/v2\/media?parent=2703964"}],"wp:term":[{"taxonomy":"product_brand","embeddable":true,"href":"https:\/\/theinvisiblecollection.com\/fr\/wp-json\/wp\/v2\/product_brand?post=2703964"},{"taxonomy":"product_cat","embeddable":true,"href":"https:\/\/theinvisiblecollection.com\/fr\/wp-json\/wp\/v2\/product_cat?post=2703964"},{"taxonomy":"product_tag","embeddable":true,"href":"https:\/\/theinvisiblecollection.com\/fr\/wp-json\/wp\/v2\/product_tag?post=2703964"},{"taxonomy":"product_designer","embeddable":true,"href":"https:\/\/theinvisiblecollection.com\/fr\/wp-json\/wp\/v2\/product_designer?post=2703964"},{"taxonomy":"comfabric","embeddable":true,"href":"https:\/\/theinvisiblecollection.com\/fr\/wp-json\/wp\/v2\/comfabric?post=2703964"},{"taxonomy":"manufacturer","embeddable":true,"href":"https:\/\/theinvisiblecollection.com\/fr\/wp-json\/wp\/v2\/manufacturer?post=2703964"},{"taxonomy":"reporting_designer","embeddable":true,"href":"https:\/\/theinvisiblecollection.com\/fr\/wp-json\/wp\/v2\/reporting_designer?post=2703964"},{"taxonomy":"samplecomfabric","embeddable":true,"href":"https:\/\/theinvisiblecollection.com\/fr\/wp-json\/wp\/v2\/samplecomfabric?post=2703964"},{"taxonomy":"clubroom_product_designer","embeddable":true,"href":"https:\/\/theinvisiblecollection.com\/fr\/wp-json\/wp\/v2\/designer_clubroom?post=2703964"}],"curies":[{"name":"wp","href":"https:\/\/api.w.org\/{rel}","templated":true}]}}