{"id":2755889,"date":"2023-05-31T12:37:20","date_gmt":"2023-05-31T11:37:20","guid":{"rendered":"https:\/\/theinvisiblecollection.com\/?post_type=product&#038;p=2755889"},"modified":"2026-05-01T07:38:09","modified_gmt":"2026-05-01T07:38:09","slug":"semeurs-d-etoiles-lustre-collier-de-perles-etagees","status":"publish","type":"product","link":"https:\/\/theinvisiblecollection.com\/fr\/produit\/semeurs-d-etoiles-lustre-collier-de-perles-etagees\/","title":{"rendered":"Lustre Collier de Perles \u00c9tag\u00e9es"},"content":{"rendered":"<p style=\"text-align: justify;\">Le Lustre Collier de Perles \u00c9tag\u00e9es de Semeur D&#8217;\u00c9toiles en verre souffl\u00e9 bouche avec des articulations en laiton et des LEDs cach\u00e9es \u00e0 l\u2019int\u00e9rieur. Souples, ils offrent de multiples possibilit\u00e9s d\u2019accrochage : suspendus par une seule extr\u00e9mit\u00e9 ou les deux, plusieurs colliers attach\u00e9s entre eux, ou simplement dispos\u00e9s sur un meuble. Les Colliers de Perles peuvent se composer de verreries de diam\u00e8tres et textures identiques ou diff\u00e9rents selon l\u2019esth\u00e9tique d\u00e9sir\u00e9e.<\/p>\n","protected":false},"excerpt":{"rendered":"<p>Le Lustre Collier de Perles \u00c9tag\u00e9es de Semeur D&#8217;\u00c9toiles en verre souffl\u00e9 bouche avec des articulations en laiton et des LEDs cach\u00e9es \u00e0 l\u2019int\u00e9rieur. Souples, ils offrent de multiples possibilit\u00e9s d\u2019accrochage : suspendus par une seule extr\u00e9mit\u00e9 ou les deux, plusieurs colliers attach\u00e9s entre eux, ou simplement dispos\u00e9s sur un meuble. Les Colliers de Perles [&hellip;]<\/p>\n","protected":false},"featured_media":2755932,"template":"","meta":{"_acf_changed":false,"content-type":"","_themeisle_gutenberg_block_has_review":false},"product_brand":[],"product_cat":[8961,12507,19977],"product_tag":[7435,10910],"product_designer":[11388],"comfabric":[],"manufacturer":[19677],"reporting_designer":[37884],"samplecomfabric":[],"designer_clubroom":[],"class_list":{"0":"post-2755889","1":"product","2":"type-product","3":"status-publish","4":"has-post-thumbnail","6":"product_cat-suspensions","7":"product_cat-luminaires","8":"product_cat-accessoires-de-salle-de-bain","9":"product_tag-new-in-fr","10":"product_tag-salle-de-bain","11":"pa_size-grand-fr","12":"pa_size-moyen-fr","13":"product_designer-semeur-detoiles-fr","14":"manufacturer-semeur-dtoiles-warehouse-fr","15":"reporting_designer-semeur-detoiles","17":"first","18":"instock","19":"taxable","20":"shipping-taxable","21":"purchasable","22":"product-type-variable"},"acf":[],"_links":{"self":[{"href":"https:\/\/theinvisiblecollection.com\/fr\/wp-json\/wp\/v2\/product\/2755889","targetHints":{"allow":["GET"]}}],"collection":[{"href":"https:\/\/theinvisiblecollection.com\/fr\/wp-json\/wp\/v2\/product"}],"about":[{"href":"https:\/\/theinvisiblecollection.com\/fr\/wp-json\/wp\/v2\/types\/product"}],"wp:featuredmedia":[{"embeddable":true,"href":"https:\/\/theinvisiblecollection.com\/fr\/wp-json\/wp\/v2\/media\/2755932"}],"wp:attachment":[{"href":"https:\/\/theinvisiblecollection.com\/fr\/wp-json\/wp\/v2\/media?parent=2755889"}],"wp:term":[{"taxonomy":"product_brand","embeddable":true,"href":"https:\/\/theinvisiblecollection.com\/fr\/wp-json\/wp\/v2\/product_brand?post=2755889"},{"taxonomy":"product_cat","embeddable":true,"href":"https:\/\/theinvisiblecollection.com\/fr\/wp-json\/wp\/v2\/product_cat?post=2755889"},{"taxonomy":"product_tag","embeddable":true,"href":"https:\/\/theinvisiblecollection.com\/fr\/wp-json\/wp\/v2\/product_tag?post=2755889"},{"taxonomy":"product_designer","embeddable":true,"href":"https:\/\/theinvisiblecollection.com\/fr\/wp-json\/wp\/v2\/product_designer?post=2755889"},{"taxonomy":"comfabric","embeddable":true,"href":"https:\/\/theinvisiblecollection.com\/fr\/wp-json\/wp\/v2\/comfabric?post=2755889"},{"taxonomy":"manufacturer","embeddable":true,"href":"https:\/\/theinvisiblecollection.com\/fr\/wp-json\/wp\/v2\/manufacturer?post=2755889"},{"taxonomy":"reporting_designer","embeddable":true,"href":"https:\/\/theinvisiblecollection.com\/fr\/wp-json\/wp\/v2\/reporting_designer?post=2755889"},{"taxonomy":"samplecomfabric","embeddable":true,"href":"https:\/\/theinvisiblecollection.com\/fr\/wp-json\/wp\/v2\/samplecomfabric?post=2755889"},{"taxonomy":"clubroom_product_designer","embeddable":true,"href":"https:\/\/theinvisiblecollection.com\/fr\/wp-json\/wp\/v2\/designer_clubroom?post=2755889"}],"curies":[{"name":"wp","href":"https:\/\/api.w.org\/{rel}","templated":true}]}}