{"id":2828863,"date":"2023-06-06T12:05:42","date_gmt":"2023-06-06T11:05:42","guid":{"rendered":"https:\/\/theinvisiblecollection.com\/?post_type=product&#038;p=2828863"},"modified":"2026-05-01T07:38:09","modified_gmt":"2026-05-01T07:38:09","slug":"anut-cairo-serviette-nil-sacre-vert","status":"publish","type":"product","link":"https:\/\/theinvisiblecollection.com\/fr\/produit\/anut-cairo-serviette-nil-sacre-vert\/","title":{"rendered":"Serviette Nil Sacr\u00e9 Vert"},"content":{"rendered":"<p class=\"p1\" style=\"text-align: justify;\">L\u2019idylle entre l\u2019Occident et l\u2019\u00c9gypte perdure depuis des mill\u00e9naires, depuis l\u2019\u00e9poque de Jules C\u00e9sar et de Marc Antoine, lorsqu\u2019ils tomb\u00e8rent sous le charme de la s\u00e9duisante reine d\u2019Egypte. Cette idylle s\u2019est poursuivie \u00e0 travers les si\u00e8cles jusqu\u2019aux ann\u00e9es 1920, lorsque le monde entier s\u2019est emball\u00e9 pour tout ce qui venait d\u2019\u00c9gypte, apr\u00e8s la d\u00e9couverte de la Tombe de Toutankhamon. C\u2019\u00e9tait les Ann\u00e9es Folles, le symbolisme et l\u2019esth\u00e9tique \u00e9gyptiens \u00e9taient alors partout, de la mode aux bijoux, en passant par le mobilier et l\u2019architecture. Anut Cairo revisite les ann\u00e9es 20 et pr\u00e9sente la collection Egyptiomania, qui fait revivre l\u2019esprit du mysticisme et du romantisme de l\u2019Egypte ancienne ainsi que l\u2019explosion de vitalit\u00e9 de ces ann\u00e9es folles.<\/p>\n","protected":false},"excerpt":{"rendered":"<p>Serviette, 100% lin<br \/>\nBrod\u00e9e \u00e0 la main<\/p>\n<p>L 46 x l 46 cm<\/p>\n<p>Fabriqu\u00e9 \u00e0 la main en Egypte<br \/>\nDisponible imm\u00e9diatement<\/p>\n<p><span style=\"text-decoration: underline;\"><a href=\"https:\/\/www.theinvisiblecollection.com\/fr\/demande-de-devis\/?product_id=91285\" target=\"_blank\" rel=\"noopener noreferrer\"> Contactez-nous pour toute demande de devis ou de renseignements<\/a><\/span><\/p>\n","protected":false},"featured_media":2828993,"template":"","meta":{"_acf_changed":false,"content-type":"","_themeisle_gutenberg_block_has_review":false},"product_brand":[],"product_cat":[7517,12535,16319],"product_tag":[31474],"product_designer":[33947],"comfabric":[],"manufacturer":[16697],"reporting_designer":[37858],"samplecomfabric":[],"designer_clubroom":[],"class_list":{"0":"post-2828863","1":"product","2":"type-product","3":"status-publish","4":"has-post-thumbnail","6":"product_cat-deco-fr","7":"product_cat-arts-de-la-table","8":"product_cat-cartes-cadeaux","9":"product_tag-co-white-fr","10":"product_designer-anut-cairo-fr","11":"manufacturer-malaika-fr","12":"reporting_designer-anut-cairo","14":"first","15":"instock","16":"taxable","17":"shipping-taxable","18":"purchasable","19":"product-type-simple"},"acf":[],"_links":{"self":[{"href":"https:\/\/theinvisiblecollection.com\/fr\/wp-json\/wp\/v2\/product\/2828863","targetHints":{"allow":["GET"]}}],"collection":[{"href":"https:\/\/theinvisiblecollection.com\/fr\/wp-json\/wp\/v2\/product"}],"about":[{"href":"https:\/\/theinvisiblecollection.com\/fr\/wp-json\/wp\/v2\/types\/product"}],"wp:featuredmedia":[{"embeddable":true,"href":"https:\/\/theinvisiblecollection.com\/fr\/wp-json\/wp\/v2\/media\/2828993"}],"wp:attachment":[{"href":"https:\/\/theinvisiblecollection.com\/fr\/wp-json\/wp\/v2\/media?parent=2828863"}],"wp:term":[{"taxonomy":"product_brand","embeddable":true,"href":"https:\/\/theinvisiblecollection.com\/fr\/wp-json\/wp\/v2\/product_brand?post=2828863"},{"taxonomy":"product_cat","embeddable":true,"href":"https:\/\/theinvisiblecollection.com\/fr\/wp-json\/wp\/v2\/product_cat?post=2828863"},{"taxonomy":"product_tag","embeddable":true,"href":"https:\/\/theinvisiblecollection.com\/fr\/wp-json\/wp\/v2\/product_tag?post=2828863"},{"taxonomy":"product_designer","embeddable":true,"href":"https:\/\/theinvisiblecollection.com\/fr\/wp-json\/wp\/v2\/product_designer?post=2828863"},{"taxonomy":"comfabric","embeddable":true,"href":"https:\/\/theinvisiblecollection.com\/fr\/wp-json\/wp\/v2\/comfabric?post=2828863"},{"taxonomy":"manufacturer","embeddable":true,"href":"https:\/\/theinvisiblecollection.com\/fr\/wp-json\/wp\/v2\/manufacturer?post=2828863"},{"taxonomy":"reporting_designer","embeddable":true,"href":"https:\/\/theinvisiblecollection.com\/fr\/wp-json\/wp\/v2\/reporting_designer?post=2828863"},{"taxonomy":"samplecomfabric","embeddable":true,"href":"https:\/\/theinvisiblecollection.com\/fr\/wp-json\/wp\/v2\/samplecomfabric?post=2828863"},{"taxonomy":"clubroom_product_designer","embeddable":true,"href":"https:\/\/theinvisiblecollection.com\/fr\/wp-json\/wp\/v2\/designer_clubroom?post=2828863"}],"curies":[{"name":"wp","href":"https:\/\/api.w.org\/{rel}","templated":true}]}}