{"id":2913742,"date":"2023-06-13T17:36:15","date_gmt":"2023-06-13T16:36:15","guid":{"rendered":"https:\/\/theinvisiblecollection.com\/?post_type=product&#038;p=2913742"},"modified":"2026-05-01T07:38:09","modified_gmt":"2026-05-01T07:38:09","slug":"clubroom-anut-cairo-assiette-a-dessert-bleue-feuilles-vertes","status":"publish","type":"product","link":"https:\/\/theinvisiblecollection.com\/fr\/produit\/clubroom-anut-cairo-assiette-a-dessert-bleue-feuilles-vertes\/","title":{"rendered":"Assiette \u00e0 dessert Bleue Feuilles Vertes"},"content":{"rendered":"<p style=\"text-align: justify;\">Assiette en poterie fabriqu\u00e9e par des artisans dans l\u2019Oasis de Fayoum, endroit magique et inspirant. Les familles se r\u00e9unissent chaque semaine pour choisir les motifs.<\/p>\n","protected":false},"excerpt":{"rendered":"<ul>\n<li>Composition: fa\u00efence \u00e9maill\u00e9e \/ peint \u00e0 la main<\/li>\n<li>Chaque pi\u00e8ce est unique<\/li>\n<\/ul>\n","protected":false},"featured_media":2913773,"template":"","meta":{"_acf_changed":false,"content-type":"","_themeisle_gutenberg_block_has_review":false},"product_brand":[],"product_cat":[19973,19981,19984],"product_tag":[22790,31474],"product_designer":[],"comfabric":[],"manufacturer":[16697],"reporting_designer":[],"samplecomfabric":[],"designer_clubroom":[33996],"class_list":{"0":"post-2913742","1":"product","2":"type-product","3":"status-publish","4":"has-post-thumbnail","6":"clubroom_taxonomies-gift-room","7":"product_cat-accessoires-pour-la-maison","8":"product_cat-art-de-la-table","9":"product_cat-assiettes-et-plats","10":"product_tag-disponible-immediatement","11":"product_tag-co-white-fr","12":"manufacturer-malaika-fr","13":"clubroom_product_designer-anut-cairo-fr","14":"exhibitions-paris-fr","16":"first","17":"instock","18":"taxable","19":"shipping-taxable","20":"purchasable","21":"product-type-simple"},"acf":[],"_links":{"self":[{"href":"https:\/\/theinvisiblecollection.com\/fr\/wp-json\/wp\/v2\/product\/2913742","targetHints":{"allow":["GET"]}}],"collection":[{"href":"https:\/\/theinvisiblecollection.com\/fr\/wp-json\/wp\/v2\/product"}],"about":[{"href":"https:\/\/theinvisiblecollection.com\/fr\/wp-json\/wp\/v2\/types\/product"}],"wp:featuredmedia":[{"embeddable":true,"href":"https:\/\/theinvisiblecollection.com\/fr\/wp-json\/wp\/v2\/media\/2913773"}],"wp:attachment":[{"href":"https:\/\/theinvisiblecollection.com\/fr\/wp-json\/wp\/v2\/media?parent=2913742"}],"wp:term":[{"taxonomy":"product_brand","embeddable":true,"href":"https:\/\/theinvisiblecollection.com\/fr\/wp-json\/wp\/v2\/product_brand?post=2913742"},{"taxonomy":"product_cat","embeddable":true,"href":"https:\/\/theinvisiblecollection.com\/fr\/wp-json\/wp\/v2\/product_cat?post=2913742"},{"taxonomy":"product_tag","embeddable":true,"href":"https:\/\/theinvisiblecollection.com\/fr\/wp-json\/wp\/v2\/product_tag?post=2913742"},{"taxonomy":"product_designer","embeddable":true,"href":"https:\/\/theinvisiblecollection.com\/fr\/wp-json\/wp\/v2\/product_designer?post=2913742"},{"taxonomy":"comfabric","embeddable":true,"href":"https:\/\/theinvisiblecollection.com\/fr\/wp-json\/wp\/v2\/comfabric?post=2913742"},{"taxonomy":"manufacturer","embeddable":true,"href":"https:\/\/theinvisiblecollection.com\/fr\/wp-json\/wp\/v2\/manufacturer?post=2913742"},{"taxonomy":"reporting_designer","embeddable":true,"href":"https:\/\/theinvisiblecollection.com\/fr\/wp-json\/wp\/v2\/reporting_designer?post=2913742"},{"taxonomy":"samplecomfabric","embeddable":true,"href":"https:\/\/theinvisiblecollection.com\/fr\/wp-json\/wp\/v2\/samplecomfabric?post=2913742"},{"taxonomy":"clubroom_product_designer","embeddable":true,"href":"https:\/\/theinvisiblecollection.com\/fr\/wp-json\/wp\/v2\/designer_clubroom?post=2913742"}],"curies":[{"name":"wp","href":"https:\/\/api.w.org\/{rel}","templated":true}]}}