{"id":2933815,"date":"2023-06-16T16:16:04","date_gmt":"2023-06-16T15:16:04","guid":{"rendered":"https:\/\/theinvisiblecollection.com\/?post_type=product&#038;p=2933815"},"modified":"2026-05-08T04:39:23","modified_gmt":"2026-05-08T04:39:23","slug":"doodle-and-the-gang-petit-miroir-bleu-four","status":"publish","type":"product","link":"https:\/\/theinvisiblecollection.com\/fr\/produit\/doodle-and-the-gang-petit-miroir-bleu-four\/","title":{"rendered":"Petit Miroir Bleu &#8216;Four&#8217;"},"content":{"rendered":"<p style=\"text-align: justify;\">Four est un miroir en c\u00e9ramique fabriqu\u00e9 \u00e0 la main par les s\u0153urs Said. Cette it\u00e9ration du design original est m\u00e9ticuleusement \u00e9maill\u00e9e \u00e0 la main dans un motif \u00e0 carreaux fantaisiste en s\u00e9rie limit\u00e9e.<\/p>\n","protected":false},"excerpt":{"rendered":"<ul>\n<li>Composition : Base en terre cuite \u00e9maill\u00e9e, Miroir, Support MDF peint<\/li>\n<li>Fabriqu\u00e9s \u00e0 la main avec une grande diligence, une attention particuli\u00e8re aux d\u00e9tails et des mat\u00e9riaux de la plus haute qualit\u00e9<\/li>\n<\/ul>\n","protected":false},"featured_media":2933081,"template":"","meta":{"_acf_changed":false,"content-type":"","_themeisle_gutenberg_block_has_review":false},"product_brand":[],"product_cat":[8225,19973],"product_tag":[22790,31477],"product_designer":[],"comfabric":[],"manufacturer":[22855],"reporting_designer":[],"samplecomfabric":[],"designer_clubroom":[22859],"class_list":{"0":"post-2933815","1":"product","2":"type-product","3":"status-publish","4":"has-post-thumbnail","6":"clubroom_taxonomies-gift-room","7":"product_cat-miroirs-fr","8":"product_cat-accessoires-pour-la-maison","9":"product_tag-disponible-immediatement","10":"product_tag-st-curvy-fr","11":"manufacturer-doodle-and-the-gang-fr","12":"clubroom_product_designer-doodle-and-the-gang-fr","13":"exhibitions-paris-fr","15":"first","16":"instock","17":"taxable","18":"shipping-taxable","19":"purchasable","20":"product-type-simple"},"acf":[],"_links":{"self":[{"href":"https:\/\/theinvisiblecollection.com\/fr\/wp-json\/wp\/v2\/product\/2933815","targetHints":{"allow":["GET"]}}],"collection":[{"href":"https:\/\/theinvisiblecollection.com\/fr\/wp-json\/wp\/v2\/product"}],"about":[{"href":"https:\/\/theinvisiblecollection.com\/fr\/wp-json\/wp\/v2\/types\/product"}],"wp:featuredmedia":[{"embeddable":true,"href":"https:\/\/theinvisiblecollection.com\/fr\/wp-json\/wp\/v2\/media\/2933081"}],"wp:attachment":[{"href":"https:\/\/theinvisiblecollection.com\/fr\/wp-json\/wp\/v2\/media?parent=2933815"}],"wp:term":[{"taxonomy":"product_brand","embeddable":true,"href":"https:\/\/theinvisiblecollection.com\/fr\/wp-json\/wp\/v2\/product_brand?post=2933815"},{"taxonomy":"product_cat","embeddable":true,"href":"https:\/\/theinvisiblecollection.com\/fr\/wp-json\/wp\/v2\/product_cat?post=2933815"},{"taxonomy":"product_tag","embeddable":true,"href":"https:\/\/theinvisiblecollection.com\/fr\/wp-json\/wp\/v2\/product_tag?post=2933815"},{"taxonomy":"product_designer","embeddable":true,"href":"https:\/\/theinvisiblecollection.com\/fr\/wp-json\/wp\/v2\/product_designer?post=2933815"},{"taxonomy":"comfabric","embeddable":true,"href":"https:\/\/theinvisiblecollection.com\/fr\/wp-json\/wp\/v2\/comfabric?post=2933815"},{"taxonomy":"manufacturer","embeddable":true,"href":"https:\/\/theinvisiblecollection.com\/fr\/wp-json\/wp\/v2\/manufacturer?post=2933815"},{"taxonomy":"reporting_designer","embeddable":true,"href":"https:\/\/theinvisiblecollection.com\/fr\/wp-json\/wp\/v2\/reporting_designer?post=2933815"},{"taxonomy":"samplecomfabric","embeddable":true,"href":"https:\/\/theinvisiblecollection.com\/fr\/wp-json\/wp\/v2\/samplecomfabric?post=2933815"},{"taxonomy":"clubroom_product_designer","embeddable":true,"href":"https:\/\/theinvisiblecollection.com\/fr\/wp-json\/wp\/v2\/designer_clubroom?post=2933815"}],"curies":[{"name":"wp","href":"https:\/\/api.w.org\/{rel}","templated":true}]}}