{"id":2987958,"date":"2023-06-20T14:05:22","date_gmt":"2023-06-20T13:05:22","guid":{"rendered":"https:\/\/theinvisiblecollection.com\/?post_type=product&#038;p=2987958"},"modified":"2026-05-01T07:38:06","modified_gmt":"2026-05-01T07:38:06","slug":"ines-olympe-mercadal-set-de-6-assiettes-de-presentation-moutarde","status":"publish","type":"product","link":"https:\/\/theinvisiblecollection.com\/fr\/produit\/ines-olympe-mercadal-set-de-6-assiettes-de-presentation-moutarde\/","title":{"rendered":"Set De 6 Assiettes de Pr\u00e9sentation Moutarde"},"content":{"rendered":"<div class=\"ewa-rteLine\" style=\"text-align: justify;\">IOM reproduit l\u2019aspect des taches jasp\u00e9es des livres anciens. Les formes sont actuelles et organiques : rondes qui se voudraient carr\u00e9es avec une palette de couleurs dot\u00e9e d&#8217;une pointe d&#8217;impertinence.<\/div>\n<div class=\"ewa-rteLine\" style=\"text-align: justify;\"><\/div>\n","protected":false},"excerpt":{"rendered":"<ul>\n<li>Composition : c\u00e9ramique<\/li>\n<li>Pigments naturels dans un atelier \u00e9co-responsable<\/li>\n<\/ul>\n","protected":false},"featured_media":2988142,"template":"","meta":{"_acf_changed":false,"content-type":"","_themeisle_gutenberg_block_has_review":false},"product_brand":[],"product_cat":[19973,19981,19984],"product_tag":[22790],"product_designer":[],"comfabric":[],"manufacturer":[21600],"reporting_designer":[],"samplecomfabric":[],"designer_clubroom":[21604],"class_list":{"0":"post-2987958","1":"product","2":"type-product","3":"status-publish","4":"has-post-thumbnail","6":"clubroom_taxonomies-gift-room","7":"product_cat-accessoires-pour-la-maison","8":"product_cat-art-de-la-table","9":"product_cat-assiettes-et-plats","10":"product_tag-disponible-immediatement","11":"manufacturer-ins-olympe-mercadal-fr","12":"clubroom_product_designer-ins-olympe-mercadal-fr","13":"exhibitions-londres-fr","15":"first","16":"instock","17":"taxable","18":"shipping-taxable","19":"purchasable","20":"product-type-simple"},"acf":[],"_links":{"self":[{"href":"https:\/\/theinvisiblecollection.com\/fr\/wp-json\/wp\/v2\/product\/2987958","targetHints":{"allow":["GET"]}}],"collection":[{"href":"https:\/\/theinvisiblecollection.com\/fr\/wp-json\/wp\/v2\/product"}],"about":[{"href":"https:\/\/theinvisiblecollection.com\/fr\/wp-json\/wp\/v2\/types\/product"}],"wp:featuredmedia":[{"embeddable":true,"href":"https:\/\/theinvisiblecollection.com\/fr\/wp-json\/wp\/v2\/media\/2988142"}],"wp:attachment":[{"href":"https:\/\/theinvisiblecollection.com\/fr\/wp-json\/wp\/v2\/media?parent=2987958"}],"wp:term":[{"taxonomy":"product_brand","embeddable":true,"href":"https:\/\/theinvisiblecollection.com\/fr\/wp-json\/wp\/v2\/product_brand?post=2987958"},{"taxonomy":"product_cat","embeddable":true,"href":"https:\/\/theinvisiblecollection.com\/fr\/wp-json\/wp\/v2\/product_cat?post=2987958"},{"taxonomy":"product_tag","embeddable":true,"href":"https:\/\/theinvisiblecollection.com\/fr\/wp-json\/wp\/v2\/product_tag?post=2987958"},{"taxonomy":"product_designer","embeddable":true,"href":"https:\/\/theinvisiblecollection.com\/fr\/wp-json\/wp\/v2\/product_designer?post=2987958"},{"taxonomy":"comfabric","embeddable":true,"href":"https:\/\/theinvisiblecollection.com\/fr\/wp-json\/wp\/v2\/comfabric?post=2987958"},{"taxonomy":"manufacturer","embeddable":true,"href":"https:\/\/theinvisiblecollection.com\/fr\/wp-json\/wp\/v2\/manufacturer?post=2987958"},{"taxonomy":"reporting_designer","embeddable":true,"href":"https:\/\/theinvisiblecollection.com\/fr\/wp-json\/wp\/v2\/reporting_designer?post=2987958"},{"taxonomy":"samplecomfabric","embeddable":true,"href":"https:\/\/theinvisiblecollection.com\/fr\/wp-json\/wp\/v2\/samplecomfabric?post=2987958"},{"taxonomy":"clubroom_product_designer","embeddable":true,"href":"https:\/\/theinvisiblecollection.com\/fr\/wp-json\/wp\/v2\/designer_clubroom?post=2987958"}],"curies":[{"name":"wp","href":"https:\/\/api.w.org\/{rel}","templated":true}]}}