{"id":2988135,"date":"2023-06-20T14:10:59","date_gmt":"2023-06-20T13:10:59","guid":{"rendered":"https:\/\/theinvisiblecollection.com\/?post_type=product&#038;p=2988135"},"modified":"2026-05-01T07:38:06","modified_gmt":"2026-05-01T07:38:06","slug":"korner-interiors-table-de-chevet-lagoon-petite","status":"publish","type":"product","link":"https:\/\/theinvisiblecollection.com\/fr\/produit\/korner-interiors-table-de-chevet-lagoon-petite\/","title":{"rendered":"Table De Chevet Lagoon Petite"},"content":{"rendered":"<p style=\"text-align: justify;\">Table de chevet \u00e0 trois niveaux dessin\u00e9e par K\u00f6rner Interiors avec de somptueuses vagues Lagoon sculpt\u00e9es \u00e0 la main dans du ch\u00eane fum\u00e9 anglais, r\u00e9v\u00e9lant des teintes naturelles et un montage d\u00e9grader.<\/p>\n","protected":false},"excerpt":{"rendered":"<p>Table de chevet en ch\u00eane anglais sculpt\u00e9 et fumig\u00e9<br \/>\nDimensions, couleurs, finitions sur-mesure sur demande<\/p>\n<p>L 100 x l 50\u00a0 x H 70 cm<\/p>\n<p>Fabriqu\u00e9e \u00e0 la main au Royaume-Uni<br \/>\nD\u00e9lais de fabrication : 16 semaines<\/p>\n<p class=\"p1\"><span style=\"text-decoration: underline;\"><span class=\"s1\"><a href=\"https:\/\/www.theinvisiblecollection.com\/fr\/demande-de-devis\/?product_id=1899290\">Contactez-nous pour toute demande de devis ou de renseignements<\/a><\/span><\/span><\/p>\n","protected":false},"featured_media":2988314,"template":"","meta":{"_acf_changed":false,"content-type":"","_themeisle_gutenberg_block_has_review":false},"product_brand":[],"product_cat":[12501,12514],"product_tag":[7435,31477],"product_designer":[12048],"comfabric":[],"manufacturer":[22718],"reporting_designer":[37236],"samplecomfabric":[],"designer_clubroom":[],"class_list":{"0":"post-2988135","1":"product","2":"type-product","3":"status-publish","4":"has-post-thumbnail","6":"product_cat-chambre-a-coucher","7":"product_cat-tables-de-chevet","8":"product_tag-new-in-fr","9":"product_tag-st-curvy-fr","10":"product_designer-korner-interiors-fr","11":"manufacturer-krner-wimbledon-fr","12":"reporting_designer-korner-interiors","14":"first","15":"instock","16":"taxable","17":"shipping-taxable","18":"purchasable","19":"product-type-simple"},"acf":[],"_links":{"self":[{"href":"https:\/\/theinvisiblecollection.com\/fr\/wp-json\/wp\/v2\/product\/2988135","targetHints":{"allow":["GET"]}}],"collection":[{"href":"https:\/\/theinvisiblecollection.com\/fr\/wp-json\/wp\/v2\/product"}],"about":[{"href":"https:\/\/theinvisiblecollection.com\/fr\/wp-json\/wp\/v2\/types\/product"}],"wp:featuredmedia":[{"embeddable":true,"href":"https:\/\/theinvisiblecollection.com\/fr\/wp-json\/wp\/v2\/media\/2988314"}],"wp:attachment":[{"href":"https:\/\/theinvisiblecollection.com\/fr\/wp-json\/wp\/v2\/media?parent=2988135"}],"wp:term":[{"taxonomy":"product_brand","embeddable":true,"href":"https:\/\/theinvisiblecollection.com\/fr\/wp-json\/wp\/v2\/product_brand?post=2988135"},{"taxonomy":"product_cat","embeddable":true,"href":"https:\/\/theinvisiblecollection.com\/fr\/wp-json\/wp\/v2\/product_cat?post=2988135"},{"taxonomy":"product_tag","embeddable":true,"href":"https:\/\/theinvisiblecollection.com\/fr\/wp-json\/wp\/v2\/product_tag?post=2988135"},{"taxonomy":"product_designer","embeddable":true,"href":"https:\/\/theinvisiblecollection.com\/fr\/wp-json\/wp\/v2\/product_designer?post=2988135"},{"taxonomy":"comfabric","embeddable":true,"href":"https:\/\/theinvisiblecollection.com\/fr\/wp-json\/wp\/v2\/comfabric?post=2988135"},{"taxonomy":"manufacturer","embeddable":true,"href":"https:\/\/theinvisiblecollection.com\/fr\/wp-json\/wp\/v2\/manufacturer?post=2988135"},{"taxonomy":"reporting_designer","embeddable":true,"href":"https:\/\/theinvisiblecollection.com\/fr\/wp-json\/wp\/v2\/reporting_designer?post=2988135"},{"taxonomy":"samplecomfabric","embeddable":true,"href":"https:\/\/theinvisiblecollection.com\/fr\/wp-json\/wp\/v2\/samplecomfabric?post=2988135"},{"taxonomy":"clubroom_product_designer","embeddable":true,"href":"https:\/\/theinvisiblecollection.com\/fr\/wp-json\/wp\/v2\/designer_clubroom?post=2988135"}],"curies":[{"name":"wp","href":"https:\/\/api.w.org\/{rel}","templated":true}]}}