{"id":2989430,"date":"2023-06-20T17:45:14","date_gmt":"2023-06-20T16:45:14","guid":{"rendered":"https:\/\/theinvisiblecollection.com\/?post_type=product&#038;p=2989430"},"modified":"2026-05-01T07:38:06","modified_gmt":"2026-05-01T07:38:06","slug":"diner-en-ville-set-de-10-soupieres-english-rose","status":"publish","type":"product","link":"https:\/\/theinvisiblecollection.com\/fr\/produit\/diner-en-ville-set-de-10-soupieres-english-rose\/","title":{"rendered":"Set de 10 Assiettes Creuses English Rose"},"content":{"rendered":"<p style=\"text-align: justify;\">Un ensemble d&#8217;assiettes creuses en c\u00e9ramique vintage et son motif floral d\u00e9licat \u00e9voquant le souvenir d&#8217;un jardin anglais. Une touche de fra\u00eecheur et de romantisme pour ce ravissant service de table.<\/p>\n","protected":false},"excerpt":{"rendered":"<ul>\n<li>Service de table &#8220;D\u00eener En Ville&#8221; English Rose<\/li>\n<li>Pi\u00e8ces uniques<\/li>\n<li>10 assiettes creuses anglaises<\/li>\n<\/ul>\n","protected":false},"featured_media":2988813,"template":"","meta":{"_acf_changed":false,"content-type":"","_themeisle_gutenberg_block_has_review":false},"product_brand":[],"product_cat":[19973,19981,19984],"product_tag":[22790],"product_designer":[],"comfabric":[],"manufacturer":[16668],"reporting_designer":[],"samplecomfabric":[],"designer_clubroom":[22601],"class_list":{"0":"post-2989430","1":"product","2":"type-product","3":"status-publish","4":"has-post-thumbnail","6":"clubroom_taxonomies-vintage-room","7":"product_cat-accessoires-pour-la-maison","8":"product_cat-art-de-la-table","9":"product_cat-assiettes-et-plats","10":"product_tag-disponible-immediatement","11":"manufacturer-diner-en-ville","12":"clubroom_product_designer-dner-en-ville-fr","13":"exhibitions-paris-fr","15":"first","16":"instock","17":"taxable","18":"shipping-taxable","19":"purchasable","20":"product-type-simple"},"acf":[],"_links":{"self":[{"href":"https:\/\/theinvisiblecollection.com\/fr\/wp-json\/wp\/v2\/product\/2989430","targetHints":{"allow":["GET"]}}],"collection":[{"href":"https:\/\/theinvisiblecollection.com\/fr\/wp-json\/wp\/v2\/product"}],"about":[{"href":"https:\/\/theinvisiblecollection.com\/fr\/wp-json\/wp\/v2\/types\/product"}],"wp:featuredmedia":[{"embeddable":true,"href":"https:\/\/theinvisiblecollection.com\/fr\/wp-json\/wp\/v2\/media\/2988813"}],"wp:attachment":[{"href":"https:\/\/theinvisiblecollection.com\/fr\/wp-json\/wp\/v2\/media?parent=2989430"}],"wp:term":[{"taxonomy":"product_brand","embeddable":true,"href":"https:\/\/theinvisiblecollection.com\/fr\/wp-json\/wp\/v2\/product_brand?post=2989430"},{"taxonomy":"product_cat","embeddable":true,"href":"https:\/\/theinvisiblecollection.com\/fr\/wp-json\/wp\/v2\/product_cat?post=2989430"},{"taxonomy":"product_tag","embeddable":true,"href":"https:\/\/theinvisiblecollection.com\/fr\/wp-json\/wp\/v2\/product_tag?post=2989430"},{"taxonomy":"product_designer","embeddable":true,"href":"https:\/\/theinvisiblecollection.com\/fr\/wp-json\/wp\/v2\/product_designer?post=2989430"},{"taxonomy":"comfabric","embeddable":true,"href":"https:\/\/theinvisiblecollection.com\/fr\/wp-json\/wp\/v2\/comfabric?post=2989430"},{"taxonomy":"manufacturer","embeddable":true,"href":"https:\/\/theinvisiblecollection.com\/fr\/wp-json\/wp\/v2\/manufacturer?post=2989430"},{"taxonomy":"reporting_designer","embeddable":true,"href":"https:\/\/theinvisiblecollection.com\/fr\/wp-json\/wp\/v2\/reporting_designer?post=2989430"},{"taxonomy":"samplecomfabric","embeddable":true,"href":"https:\/\/theinvisiblecollection.com\/fr\/wp-json\/wp\/v2\/samplecomfabric?post=2989430"},{"taxonomy":"clubroom_product_designer","embeddable":true,"href":"https:\/\/theinvisiblecollection.com\/fr\/wp-json\/wp\/v2\/designer_clubroom?post=2989430"}],"curies":[{"name":"wp","href":"https:\/\/api.w.org\/{rel}","templated":true}]}}