{"id":2989546,"date":"2023-06-20T15:34:37","date_gmt":"2023-06-20T14:34:37","guid":{"rendered":"https:\/\/theinvisiblecollection.com\/?post_type=product&#038;p=2989546"},"modified":"2026-05-01T07:38:06","modified_gmt":"2026-05-01T07:38:06","slug":"clubroom-diner-en-ville-set-de-6-grandes-assiettes-luneville","status":"publish","type":"product","link":"https:\/\/theinvisiblecollection.com\/fr\/produit\/clubroom-diner-en-ville-set-de-6-grandes-assiettes-luneville\/","title":{"rendered":"Set de 6 Grandes assiettes Lun\u00e9ville"},"content":{"rendered":"<p style=\"text-align: justify;\">Ensemble d&#8217;assiettes en fa\u00efence de Lun\u00e9ville. Tr\u00e8s recherch\u00e9es par les collectionneurs et les amateurs, elles sont connues pour leurs motifs s\u00e9duisants peints \u00e0 la main et leurs sublimes couleurs.<\/p>\n","protected":false},"excerpt":{"rendered":"<ul>\n<li>Service de table &#8220;D\u00eener En Ville&#8221; Lun\u00e9ville<\/li>\n<li>Pi\u00e8ces uniques<\/li>\n<li>6 grandes assiettes en fa\u00efence de Lun\u00e9ville<\/li>\n<\/ul>\n","protected":false},"featured_media":2989660,"template":"","meta":{"_acf_changed":false,"content-type":"","_themeisle_gutenberg_block_has_review":false},"product_brand":[],"product_cat":[19973,19981,19984],"product_tag":[22790],"product_designer":[],"comfabric":[],"manufacturer":[16668],"reporting_designer":[],"samplecomfabric":[],"designer_clubroom":[22601],"class_list":{"0":"post-2989546","1":"product","2":"type-product","3":"status-publish","4":"has-post-thumbnail","6":"clubroom_taxonomies-vintage-room","7":"product_cat-accessoires-pour-la-maison","8":"product_cat-art-de-la-table","9":"product_cat-assiettes-et-plats","10":"product_tag-disponible-immediatement","11":"manufacturer-diner-en-ville","12":"clubroom_product_designer-dner-en-ville-fr","13":"exhibitions-paris-fr","15":"first","16":"instock","17":"taxable","18":"shipping-taxable","19":"purchasable","20":"product-type-simple"},"acf":[],"_links":{"self":[{"href":"https:\/\/theinvisiblecollection.com\/fr\/wp-json\/wp\/v2\/product\/2989546","targetHints":{"allow":["GET"]}}],"collection":[{"href":"https:\/\/theinvisiblecollection.com\/fr\/wp-json\/wp\/v2\/product"}],"about":[{"href":"https:\/\/theinvisiblecollection.com\/fr\/wp-json\/wp\/v2\/types\/product"}],"wp:featuredmedia":[{"embeddable":true,"href":"https:\/\/theinvisiblecollection.com\/fr\/wp-json\/wp\/v2\/media\/2989660"}],"wp:attachment":[{"href":"https:\/\/theinvisiblecollection.com\/fr\/wp-json\/wp\/v2\/media?parent=2989546"}],"wp:term":[{"taxonomy":"product_brand","embeddable":true,"href":"https:\/\/theinvisiblecollection.com\/fr\/wp-json\/wp\/v2\/product_brand?post=2989546"},{"taxonomy":"product_cat","embeddable":true,"href":"https:\/\/theinvisiblecollection.com\/fr\/wp-json\/wp\/v2\/product_cat?post=2989546"},{"taxonomy":"product_tag","embeddable":true,"href":"https:\/\/theinvisiblecollection.com\/fr\/wp-json\/wp\/v2\/product_tag?post=2989546"},{"taxonomy":"product_designer","embeddable":true,"href":"https:\/\/theinvisiblecollection.com\/fr\/wp-json\/wp\/v2\/product_designer?post=2989546"},{"taxonomy":"comfabric","embeddable":true,"href":"https:\/\/theinvisiblecollection.com\/fr\/wp-json\/wp\/v2\/comfabric?post=2989546"},{"taxonomy":"manufacturer","embeddable":true,"href":"https:\/\/theinvisiblecollection.com\/fr\/wp-json\/wp\/v2\/manufacturer?post=2989546"},{"taxonomy":"reporting_designer","embeddable":true,"href":"https:\/\/theinvisiblecollection.com\/fr\/wp-json\/wp\/v2\/reporting_designer?post=2989546"},{"taxonomy":"samplecomfabric","embeddable":true,"href":"https:\/\/theinvisiblecollection.com\/fr\/wp-json\/wp\/v2\/samplecomfabric?post=2989546"},{"taxonomy":"clubroom_product_designer","embeddable":true,"href":"https:\/\/theinvisiblecollection.com\/fr\/wp-json\/wp\/v2\/designer_clubroom?post=2989546"}],"curies":[{"name":"wp","href":"https:\/\/api.w.org\/{rel}","templated":true}]}}