{"id":2989644,"date":"2023-06-20T15:37:49","date_gmt":"2023-06-20T14:37:49","guid":{"rendered":"https:\/\/theinvisiblecollection.com\/?post_type=product&#038;p=2989644"},"modified":"2026-05-01T07:38:06","modified_gmt":"2026-05-01T07:38:06","slug":"korner-interiors-table-dappoint-lagoon-bronze-terre","status":"publish","type":"product","link":"https:\/\/theinvisiblecollection.com\/fr\/produit\/korner-interiors-table-dappoint-lagoon-bronze-terre\/","title":{"rendered":"Table D&#8217;Appoint Lagoon Bronze Terre"},"content":{"rendered":"","protected":false},"excerpt":{"rendered":"<p style=\"text-align: justify;\">\u00c9dition limit\u00e9e de 8 pi\u00e8ces + 3 \u00e9preuves d&#8217;artiste<br \/>\nTable d&#8217;appoint \u00e0 trois niveaux en bronze patin\u00e9 \u00e0 la main<br \/>\nPlateau sup\u00e9rieur recouvert de laque appliqu\u00e9e \u00e0 la main, finition brillante<br \/>\nPieds en bronze de forme conique<br \/>\nCouleurs disponibles: blush ou wave<\/p>\n<p>L 70 x l 65\u00a0 x H 45 cm<\/p>\n<p>Fabriqu\u00e9e \u00e0 la main au Royaume-Uni<br \/>\nD\u00e9lais de fabrication : 16 semaines<\/p>\n<p class=\"p1\"><span style=\"text-decoration: underline;\"><span class=\"s1\"><a href=\"https:\/\/www.theinvisiblecollection.com\/fr\/demande-de-devis\/?product_id=1883152\">Contactez-nous pour toute demande de devis ou de renseignements<\/a><\/span><\/span><\/p>\n","protected":false},"featured_media":2989421,"template":"","meta":{"_acf_changed":false,"content-type":"","_themeisle_gutenberg_block_has_review":false},"product_brand":[],"product_cat":[12332,12501,12503,12514],"product_tag":[33319,7435,31476,31477],"product_designer":[12048],"comfabric":[],"manufacturer":[22718],"reporting_designer":[37236],"samplecomfabric":[],"designer_clubroom":[],"class_list":{"0":"post-2989644","1":"product","2":"type-product","3":"status-publish","4":"has-post-thumbnail","6":"product_cat-tables-dappoint","7":"product_cat-chambre-a-coucher","8":"product_cat-tables-fr","9":"product_cat-tables-de-chevet","10":"product_tag-edition-limitee","11":"product_tag-new-in-fr","12":"product_tag-st-collectible-fr","13":"product_tag-st-curvy-fr","14":"product_designer-korner-interiors-fr","15":"manufacturer-krner-wimbledon-fr","16":"reporting_designer-korner-interiors","18":"first","19":"instock","20":"taxable","21":"shipping-taxable","22":"purchasable","23":"product-type-variable"},"acf":[],"_links":{"self":[{"href":"https:\/\/theinvisiblecollection.com\/fr\/wp-json\/wp\/v2\/product\/2989644","targetHints":{"allow":["GET"]}}],"collection":[{"href":"https:\/\/theinvisiblecollection.com\/fr\/wp-json\/wp\/v2\/product"}],"about":[{"href":"https:\/\/theinvisiblecollection.com\/fr\/wp-json\/wp\/v2\/types\/product"}],"wp:featuredmedia":[{"embeddable":true,"href":"https:\/\/theinvisiblecollection.com\/fr\/wp-json\/wp\/v2\/media\/2989421"}],"wp:attachment":[{"href":"https:\/\/theinvisiblecollection.com\/fr\/wp-json\/wp\/v2\/media?parent=2989644"}],"wp:term":[{"taxonomy":"product_brand","embeddable":true,"href":"https:\/\/theinvisiblecollection.com\/fr\/wp-json\/wp\/v2\/product_brand?post=2989644"},{"taxonomy":"product_cat","embeddable":true,"href":"https:\/\/theinvisiblecollection.com\/fr\/wp-json\/wp\/v2\/product_cat?post=2989644"},{"taxonomy":"product_tag","embeddable":true,"href":"https:\/\/theinvisiblecollection.com\/fr\/wp-json\/wp\/v2\/product_tag?post=2989644"},{"taxonomy":"product_designer","embeddable":true,"href":"https:\/\/theinvisiblecollection.com\/fr\/wp-json\/wp\/v2\/product_designer?post=2989644"},{"taxonomy":"comfabric","embeddable":true,"href":"https:\/\/theinvisiblecollection.com\/fr\/wp-json\/wp\/v2\/comfabric?post=2989644"},{"taxonomy":"manufacturer","embeddable":true,"href":"https:\/\/theinvisiblecollection.com\/fr\/wp-json\/wp\/v2\/manufacturer?post=2989644"},{"taxonomy":"reporting_designer","embeddable":true,"href":"https:\/\/theinvisiblecollection.com\/fr\/wp-json\/wp\/v2\/reporting_designer?post=2989644"},{"taxonomy":"samplecomfabric","embeddable":true,"href":"https:\/\/theinvisiblecollection.com\/fr\/wp-json\/wp\/v2\/samplecomfabric?post=2989644"},{"taxonomy":"clubroom_product_designer","embeddable":true,"href":"https:\/\/theinvisiblecollection.com\/fr\/wp-json\/wp\/v2\/designer_clubroom?post=2989644"}],"curies":[{"name":"wp","href":"https:\/\/api.w.org\/{rel}","templated":true}]}}