{"id":2991885,"date":"2023-06-20T17:54:47","date_gmt":"2023-06-20T16:54:47","guid":{"rendered":"https:\/\/theinvisiblecollection.com\/?post_type=product&#038;p=2991885"},"modified":"2026-05-01T07:38:06","modified_gmt":"2026-05-01T07:38:06","slug":"korner-interiors-table-dappoint-eclipse-chene","status":"publish","type":"product","link":"https:\/\/theinvisiblecollection.com\/fr\/produit\/korner-interiors-table-dappoint-eclipse-chene\/","title":{"rendered":"Table D&#8217;Appoint Eclipse Ch\u00eane"},"content":{"rendered":"<p style=\"text-align: justify;\">Voici la table d&#8217;appoint Eclipse de K\u00f6rner Interior, un m\u00e9lange fascinant de ch\u00eane europ\u00e9en et d&#8217;un plateau color\u00e9. \u00c9levez votre espace avec son design enchanteur et son allure captivante. Un v\u00e9ritable chef-d&#8217;\u0153uvre qui ajoute une touche d&#8217;\u00e9l\u00e9gance \u00e0 n&#8217;importe quelle pi\u00e8ce.<\/p>\n","protected":false},"excerpt":{"rendered":"<p style=\"text-align: justify;\">Table d&#8217;appoint moul\u00e9e \u00e0 la main aux couleurs satur\u00e9es<br \/>\nPlateau en s\u00e9l\u00e9nite compos\u00e9e<br \/>\nPied en forme de quadrilat\u00e8re coul\u00e9 en bronze miroir<br \/>\nPhotographi\u00e9e ici en couleur Bleu Ciel, \u00e9galement disponible en <a href=\"https:\/\/theinvisiblecollection.com\/fr\/produit\/korner-interiors-table-dappoint-eclipse-miroir-bronze-rose-framboise\/\" target=\"_blank\" rel=\"noopener\"><span style=\"text-decoration: underline;\">Rose Framboise<\/span><\/a>, <a href=\"https:\/\/theinvisiblecollection.com\/fr\/produit\/korner-interiors-table-d-appoint-eclipse-miroir-bronze-vert\/\" target=\"_blank\" rel=\"noopener\"><span style=\"text-decoration: underline;\">Vert<\/span><\/a>, <a href=\"https:\/\/theinvisiblecollection.com\/fr\/produit\/korner-interior-table-dappoint-eclipse-miroir-bronze-cafe-au-lait\/\" target=\"_blank\" rel=\"noopener\"><span style=\"text-decoration: underline;\">Caf\u00e9 Au Lait<\/span><\/a>, <a href=\"https:\/\/theinvisiblecollection.com\/fr\/produit\/korner-interiors-table-dappoint-eclipse-miroir-bronze-agapanthe\/\" target=\"_blank\" rel=\"noopener\"><span style=\"text-decoration: underline;\">Agapanthe<\/span><\/a>, <a href=\"https:\/\/theinvisiblecollection.com\/fr\/produit\/korner-interiors-table-dappoint-eclipse-miroir-bronze-rose-blanc-casse\/\" target=\"_blank\" rel=\"noopener\"><span style=\"text-decoration: underline;\">Blanc Cass\u00e9<\/span><\/a><\/p>\n<p>L 70 x l 64 x H 45 cm<\/p>\n<p>Fabriqu\u00e9e \u00e0 la main au Royaume-Uni<br \/>\nD\u00e9lais de fabrication : 16 semaines<\/p>\n<p class=\"p1\"><span style=\"text-decoration: underline;\"><span class=\"s1\"><a href=\"https:\/\/www.theinvisiblecollection.com\/fr\/demande-de-devis\/?product_id=1903196\">Contactez-nous pour toute demande de devis ou de renseignements<\/a><\/span><\/span><\/p>\n","protected":false},"featured_media":2991582,"template":"","meta":{"_acf_changed":false,"content-type":"","_themeisle_gutenberg_block_has_review":false},"product_brand":[],"product_cat":[12332,12501,12503,12514],"product_tag":[7435,31476,31477],"product_designer":[12048],"comfabric":[],"manufacturer":[22718],"reporting_designer":[37236],"samplecomfabric":[],"designer_clubroom":[],"class_list":{"0":"post-2991885","1":"product","2":"type-product","3":"status-publish","4":"has-post-thumbnail","6":"product_cat-tables-dappoint","7":"product_cat-chambre-a-coucher","8":"product_cat-tables-fr","9":"product_cat-tables-de-chevet","10":"product_tag-new-in-fr","11":"product_tag-st-collectible-fr","12":"product_tag-st-curvy-fr","13":"product_designer-korner-interiors-fr","14":"manufacturer-krner-wimbledon-fr","15":"reporting_designer-korner-interiors","17":"first","18":"instock","19":"taxable","20":"shipping-taxable","21":"purchasable","22":"product-type-variable"},"acf":[],"_links":{"self":[{"href":"https:\/\/theinvisiblecollection.com\/fr\/wp-json\/wp\/v2\/product\/2991885","targetHints":{"allow":["GET"]}}],"collection":[{"href":"https:\/\/theinvisiblecollection.com\/fr\/wp-json\/wp\/v2\/product"}],"about":[{"href":"https:\/\/theinvisiblecollection.com\/fr\/wp-json\/wp\/v2\/types\/product"}],"wp:featuredmedia":[{"embeddable":true,"href":"https:\/\/theinvisiblecollection.com\/fr\/wp-json\/wp\/v2\/media\/2991582"}],"wp:attachment":[{"href":"https:\/\/theinvisiblecollection.com\/fr\/wp-json\/wp\/v2\/media?parent=2991885"}],"wp:term":[{"taxonomy":"product_brand","embeddable":true,"href":"https:\/\/theinvisiblecollection.com\/fr\/wp-json\/wp\/v2\/product_brand?post=2991885"},{"taxonomy":"product_cat","embeddable":true,"href":"https:\/\/theinvisiblecollection.com\/fr\/wp-json\/wp\/v2\/product_cat?post=2991885"},{"taxonomy":"product_tag","embeddable":true,"href":"https:\/\/theinvisiblecollection.com\/fr\/wp-json\/wp\/v2\/product_tag?post=2991885"},{"taxonomy":"product_designer","embeddable":true,"href":"https:\/\/theinvisiblecollection.com\/fr\/wp-json\/wp\/v2\/product_designer?post=2991885"},{"taxonomy":"comfabric","embeddable":true,"href":"https:\/\/theinvisiblecollection.com\/fr\/wp-json\/wp\/v2\/comfabric?post=2991885"},{"taxonomy":"manufacturer","embeddable":true,"href":"https:\/\/theinvisiblecollection.com\/fr\/wp-json\/wp\/v2\/manufacturer?post=2991885"},{"taxonomy":"reporting_designer","embeddable":true,"href":"https:\/\/theinvisiblecollection.com\/fr\/wp-json\/wp\/v2\/reporting_designer?post=2991885"},{"taxonomy":"samplecomfabric","embeddable":true,"href":"https:\/\/theinvisiblecollection.com\/fr\/wp-json\/wp\/v2\/samplecomfabric?post=2991885"},{"taxonomy":"clubroom_product_designer","embeddable":true,"href":"https:\/\/theinvisiblecollection.com\/fr\/wp-json\/wp\/v2\/designer_clubroom?post=2991885"}],"curies":[{"name":"wp","href":"https:\/\/api.w.org\/{rel}","templated":true}]}}