{"id":3003893,"date":"2024-09-10T00:00:00","date_gmt":"2024-09-10T00:00:00","guid":{"rendered":"https:\/\/theinvisiblecollection.com\/?post_type=product&#038;p=3003893"},"modified":"2026-05-01T07:38:06","modified_gmt":"2026-05-01T07:38:06","slug":"stephen-antonson-vaisselle-rorschach","status":"publish","type":"product","link":"https:\/\/theinvisiblecollection.com\/fr\/produit\/stephen-antonson-vaisselle-rorschach\/","title":{"rendered":"Sculptures Rorschach"},"content":{"rendered":"","protected":false},"excerpt":{"rendered":"<p>Bougeoir en pl\u00e2tre ou bronze<br \/>\nCouleurs sur-mesure sur demande<\/p>\n<p>Disponible en trois dimensions :<br \/>\nPetit : 13 cm<br \/>\nMoyen : 20.5 cm<br \/>\nGrand : 25.5 cm<\/p>\n<p>Fabriqu\u00e9 \u00e0 la main aux \u00c9tats-Unis<br \/>\nD\u00e9lais de fabrication : 14 \u2013 16 semaines<\/p>\n<p class=\"p1\"><span style=\"text-decoration: underline;\"><span class=\"s1\"><a href=\"https:\/\/www.theinvisiblecollection.com\/fr\/demande-de-devis\/?product_id=60563\">Contactez-nous pour toute demande de devis ou de renseignements<\/a><\/span><\/span><\/p>\n","protected":false},"featured_media":3003987,"template":"","meta":{"_acf_changed":false,"content-type":"","_themeisle_gutenberg_block_has_review":false},"product_brand":[],"product_cat":[12531,12535,12537,7517],"product_tag":[31477,31474],"product_designer":[11834],"comfabric":[],"manufacturer":[16751],"reporting_designer":[37790],"samplecomfabric":[],"designer_clubroom":[],"class_list":{"0":"post-3003893","1":"product","2":"type-product","3":"status-publish","4":"has-post-thumbnail","6":"product_cat-objets-de-decoration","7":"product_cat-arts-de-la-table","8":"product_cat-vases","9":"product_cat-deco-fr","10":"product_tag-st-curvy-fr","11":"product_tag-co-white-fr","12":"pa_choice-paire","13":"pa_choice-singulier","14":"pa_choice-paire-eclairee","15":"pa_choice-simple-eclairee","16":"product_designer-stephen-antonson-fr","17":"manufacturer-stephen-antonson-fr","18":"reporting_designer-stephen-antonson","20":"first","21":"instock","22":"taxable","23":"shipping-taxable","24":"purchasable","25":"product-type-variable"},"acf":[],"_links":{"self":[{"href":"https:\/\/theinvisiblecollection.com\/fr\/wp-json\/wp\/v2\/product\/3003893","targetHints":{"allow":["GET"]}}],"collection":[{"href":"https:\/\/theinvisiblecollection.com\/fr\/wp-json\/wp\/v2\/product"}],"about":[{"href":"https:\/\/theinvisiblecollection.com\/fr\/wp-json\/wp\/v2\/types\/product"}],"wp:featuredmedia":[{"embeddable":true,"href":"https:\/\/theinvisiblecollection.com\/fr\/wp-json\/wp\/v2\/media\/3003987"}],"wp:attachment":[{"href":"https:\/\/theinvisiblecollection.com\/fr\/wp-json\/wp\/v2\/media?parent=3003893"}],"wp:term":[{"taxonomy":"product_brand","embeddable":true,"href":"https:\/\/theinvisiblecollection.com\/fr\/wp-json\/wp\/v2\/product_brand?post=3003893"},{"taxonomy":"product_cat","embeddable":true,"href":"https:\/\/theinvisiblecollection.com\/fr\/wp-json\/wp\/v2\/product_cat?post=3003893"},{"taxonomy":"product_tag","embeddable":true,"href":"https:\/\/theinvisiblecollection.com\/fr\/wp-json\/wp\/v2\/product_tag?post=3003893"},{"taxonomy":"product_designer","embeddable":true,"href":"https:\/\/theinvisiblecollection.com\/fr\/wp-json\/wp\/v2\/product_designer?post=3003893"},{"taxonomy":"comfabric","embeddable":true,"href":"https:\/\/theinvisiblecollection.com\/fr\/wp-json\/wp\/v2\/comfabric?post=3003893"},{"taxonomy":"manufacturer","embeddable":true,"href":"https:\/\/theinvisiblecollection.com\/fr\/wp-json\/wp\/v2\/manufacturer?post=3003893"},{"taxonomy":"reporting_designer","embeddable":true,"href":"https:\/\/theinvisiblecollection.com\/fr\/wp-json\/wp\/v2\/reporting_designer?post=3003893"},{"taxonomy":"samplecomfabric","embeddable":true,"href":"https:\/\/theinvisiblecollection.com\/fr\/wp-json\/wp\/v2\/samplecomfabric?post=3003893"},{"taxonomy":"clubroom_product_designer","embeddable":true,"href":"https:\/\/theinvisiblecollection.com\/fr\/wp-json\/wp\/v2\/designer_clubroom?post=3003893"}],"curies":[{"name":"wp","href":"https:\/\/api.w.org\/{rel}","templated":true}]}}