{"id":3015983,"date":"2023-06-22T09:05:27","date_gmt":"2023-06-22T08:05:27","guid":{"rendered":"https:\/\/theinvisiblecollection.com\/?post_type=product&#038;p=3015983"},"modified":"2026-05-01T07:38:06","modified_gmt":"2026-05-01T07:38:06","slug":"lobmeyr-carafe-high-seas-angry-mermaid","status":"publish","type":"product","link":"https:\/\/theinvisiblecollection.com\/fr\/produit\/lobmeyr-carafe-high-seas-angry-mermaid\/","title":{"rendered":"Carafe High Seas Angry Mermaid"},"content":{"rendered":"<p style=\"text-align: justify;\">Une merveilleuse illustration de la cr\u00e9ature la plus myst\u00e9rieuse de l&#8217;oc\u00e9an ! La sir\u00e8ne peinte \u00e0 la main sur cette carafe rappelle la beaut\u00e9 et la fragilit\u00e9 de nos pr\u00e9cieux oc\u00e9ans.<\/p>\n","protected":false},"excerpt":{"rendered":"<ul>\n<li>Carafe<\/li>\n<li>Composition : cristal sans plomb \/ souffl\u00e9 \u00e0 la main<\/li>\n<li>Design par Louise Rath, 2020<\/li>\n<\/ul>\n","protected":false},"featured_media":3016110,"template":"","meta":{"_acf_changed":false,"content-type":"","_themeisle_gutenberg_block_has_review":false},"product_brand":[],"product_cat":[16319,19973,19981,19986,19988],"product_tag":[22790],"product_designer":[],"comfabric":[],"manufacturer":[21570],"reporting_designer":[],"samplecomfabric":[],"designer_clubroom":[21578],"class_list":{"0":"post-3015983","1":"product","2":"type-product","3":"status-publish","4":"has-post-thumbnail","6":"clubroom_taxonomies-gift-room","7":"product_cat-cartes-cadeaux","8":"product_cat-accessoires-pour-la-maison","9":"product_cat-art-de-la-table","10":"product_cat-verres","11":"product_cat-carafes","12":"product_tag-disponible-immediatement","13":"manufacturer-lobmeyr-fr","14":"clubroom_product_designer-lobmeyr-fr","15":"exhibitions-paris-fr","16":"exhibitions-londres-fr","18":"first","19":"instock","20":"taxable","21":"shipping-taxable","22":"purchasable","23":"product-type-simple"},"acf":[],"_links":{"self":[{"href":"https:\/\/theinvisiblecollection.com\/fr\/wp-json\/wp\/v2\/product\/3015983","targetHints":{"allow":["GET"]}}],"collection":[{"href":"https:\/\/theinvisiblecollection.com\/fr\/wp-json\/wp\/v2\/product"}],"about":[{"href":"https:\/\/theinvisiblecollection.com\/fr\/wp-json\/wp\/v2\/types\/product"}],"wp:featuredmedia":[{"embeddable":true,"href":"https:\/\/theinvisiblecollection.com\/fr\/wp-json\/wp\/v2\/media\/3016110"}],"wp:attachment":[{"href":"https:\/\/theinvisiblecollection.com\/fr\/wp-json\/wp\/v2\/media?parent=3015983"}],"wp:term":[{"taxonomy":"product_brand","embeddable":true,"href":"https:\/\/theinvisiblecollection.com\/fr\/wp-json\/wp\/v2\/product_brand?post=3015983"},{"taxonomy":"product_cat","embeddable":true,"href":"https:\/\/theinvisiblecollection.com\/fr\/wp-json\/wp\/v2\/product_cat?post=3015983"},{"taxonomy":"product_tag","embeddable":true,"href":"https:\/\/theinvisiblecollection.com\/fr\/wp-json\/wp\/v2\/product_tag?post=3015983"},{"taxonomy":"product_designer","embeddable":true,"href":"https:\/\/theinvisiblecollection.com\/fr\/wp-json\/wp\/v2\/product_designer?post=3015983"},{"taxonomy":"comfabric","embeddable":true,"href":"https:\/\/theinvisiblecollection.com\/fr\/wp-json\/wp\/v2\/comfabric?post=3015983"},{"taxonomy":"manufacturer","embeddable":true,"href":"https:\/\/theinvisiblecollection.com\/fr\/wp-json\/wp\/v2\/manufacturer?post=3015983"},{"taxonomy":"reporting_designer","embeddable":true,"href":"https:\/\/theinvisiblecollection.com\/fr\/wp-json\/wp\/v2\/reporting_designer?post=3015983"},{"taxonomy":"samplecomfabric","embeddable":true,"href":"https:\/\/theinvisiblecollection.com\/fr\/wp-json\/wp\/v2\/samplecomfabric?post=3015983"},{"taxonomy":"clubroom_product_designer","embeddable":true,"href":"https:\/\/theinvisiblecollection.com\/fr\/wp-json\/wp\/v2\/designer_clubroom?post=3015983"}],"curies":[{"name":"wp","href":"https:\/\/api.w.org\/{rel}","templated":true}]}}