{"id":3017655,"date":"2023-06-22T11:15:21","date_gmt":"2023-06-22T10:15:21","guid":{"rendered":"https:\/\/theinvisiblecollection.com\/?post_type=product&#038;p=3017655"},"modified":"2026-05-01T07:38:06","modified_gmt":"2026-05-01T07:38:06","slug":"lobmeyr-lot-de-6-gobelets-graves-alphabet","status":"publish","type":"product","link":"https:\/\/theinvisiblecollection.com\/fr\/produit\/lobmeyr-lot-de-6-gobelets-graves-alphabet\/","title":{"rendered":"Lot de 6 gobelets grav\u00e9s Alphabet"},"content":{"rendered":"<p style=\"text-align: justify;\">La collection Alphabet met en avant le plaisir de la diversit\u00e9, jouant avec les principes de dressage d&#8217;une table. Une collection de six gobelets \u00e0 eau grav\u00e9s \u00e0 la main de 6 motifs diff\u00e9rents.<\/p>\n","protected":false},"excerpt":{"rendered":"<ul>\n<li>Lot de 6 gobelets grav\u00e9s<\/li>\n<li>Composition : cristal sans plomb \/ souffl\u00e9 \u00e0 la main<\/li>\n<li>Design de Studio Formafantasma (Andrea Trimarchi, Simone Farresin), 2014<\/li>\n<\/ul>\n","protected":false},"featured_media":3017836,"template":"","meta":{"_acf_changed":false,"content-type":"","_themeisle_gutenberg_block_has_review":false},"product_brand":[],"product_cat":[16319,19973,19981,19986],"product_tag":[22790],"product_designer":[],"comfabric":[],"manufacturer":[21570],"reporting_designer":[],"samplecomfabric":[],"designer_clubroom":[21578],"class_list":{"0":"post-3017655","1":"product","2":"type-product","3":"status-publish","4":"has-post-thumbnail","6":"clubroom_taxonomies-gift-room","7":"product_cat-cartes-cadeaux","8":"product_cat-accessoires-pour-la-maison","9":"product_cat-art-de-la-table","10":"product_cat-verres","11":"product_tag-disponible-immediatement","12":"manufacturer-lobmeyr-fr","13":"clubroom_product_designer-lobmeyr-fr","14":"exhibitions-londres-fr","16":"first","17":"instock","18":"taxable","19":"shipping-taxable","20":"purchasable","21":"product-type-simple"},"acf":[],"_links":{"self":[{"href":"https:\/\/theinvisiblecollection.com\/fr\/wp-json\/wp\/v2\/product\/3017655","targetHints":{"allow":["GET"]}}],"collection":[{"href":"https:\/\/theinvisiblecollection.com\/fr\/wp-json\/wp\/v2\/product"}],"about":[{"href":"https:\/\/theinvisiblecollection.com\/fr\/wp-json\/wp\/v2\/types\/product"}],"wp:featuredmedia":[{"embeddable":true,"href":"https:\/\/theinvisiblecollection.com\/fr\/wp-json\/wp\/v2\/media\/3017836"}],"wp:attachment":[{"href":"https:\/\/theinvisiblecollection.com\/fr\/wp-json\/wp\/v2\/media?parent=3017655"}],"wp:term":[{"taxonomy":"product_brand","embeddable":true,"href":"https:\/\/theinvisiblecollection.com\/fr\/wp-json\/wp\/v2\/product_brand?post=3017655"},{"taxonomy":"product_cat","embeddable":true,"href":"https:\/\/theinvisiblecollection.com\/fr\/wp-json\/wp\/v2\/product_cat?post=3017655"},{"taxonomy":"product_tag","embeddable":true,"href":"https:\/\/theinvisiblecollection.com\/fr\/wp-json\/wp\/v2\/product_tag?post=3017655"},{"taxonomy":"product_designer","embeddable":true,"href":"https:\/\/theinvisiblecollection.com\/fr\/wp-json\/wp\/v2\/product_designer?post=3017655"},{"taxonomy":"comfabric","embeddable":true,"href":"https:\/\/theinvisiblecollection.com\/fr\/wp-json\/wp\/v2\/comfabric?post=3017655"},{"taxonomy":"manufacturer","embeddable":true,"href":"https:\/\/theinvisiblecollection.com\/fr\/wp-json\/wp\/v2\/manufacturer?post=3017655"},{"taxonomy":"reporting_designer","embeddable":true,"href":"https:\/\/theinvisiblecollection.com\/fr\/wp-json\/wp\/v2\/reporting_designer?post=3017655"},{"taxonomy":"samplecomfabric","embeddable":true,"href":"https:\/\/theinvisiblecollection.com\/fr\/wp-json\/wp\/v2\/samplecomfabric?post=3017655"},{"taxonomy":"clubroom_product_designer","embeddable":true,"href":"https:\/\/theinvisiblecollection.com\/fr\/wp-json\/wp\/v2\/designer_clubroom?post=3017655"}],"curies":[{"name":"wp","href":"https:\/\/api.w.org\/{rel}","templated":true}]}}