{"id":3017884,"date":"2023-06-22T11:39:20","date_gmt":"2023-06-22T10:39:20","guid":{"rendered":"https:\/\/theinvisiblecollection.com\/?post_type=product&#038;p=3017884"},"modified":"2026-05-01T07:38:06","modified_gmt":"2026-05-01T07:38:06","slug":"korner-interiors-table-lagoon-cafe-au-lait","status":"publish","type":"product","link":"https:\/\/theinvisiblecollection.com\/fr\/produit\/korner-interiors-table-lagoon-cafe-au-lait\/","title":{"rendered":"Table Lagoon Caf\u00e9 Au Lait"},"content":{"rendered":"<p style=\"text-align: justify;\" data-start=\"69\" data-end=\"360\">Depuis l\u2019immense littoral australien, avec ses baies baign\u00e9es de soleil et ses lagunes sinueuses, la table \u00e0 manger Lagoon de Korner Interiors \u00e9voque les souvenirs d\u2019une jeunesse rythm\u00e9e par l\u2019eau. Inspir\u00e9e par ce paysage, Rebecca K\u00f6rner adopte des id\u00e9es avant-gardistes et une sensibilit\u00e9 r\u00e9solument moderne.<br \/>\n\u00c9voquant les ma\u00eetres du design du milieu du XXe si\u00e8cle, la table \u00e9quilibre pr\u00e9sence sculpturale et fonctionnalit\u00e9. Son plateau en s\u00e9l\u00e9nite kal\u00e9idoscopique s\u2019\u00e9l\u00e8ve en formes libres et superpos\u00e9es, tandis que des pieds en ch\u00eane anglais s\u00e9ch\u00e9 \u00e0 l\u2019air ancrent la composition dans un calme architectural.<br \/>\nExploration de la forme, de la couleur et de l\u2019\u00e9volution naturelle, la table Lagoon r\u00e9interpr\u00e8te la norme pour cr\u00e9er une pi\u00e8ce ludique, vibrante et intemporellement captivante.<\/p>\n","protected":false},"excerpt":{"rendered":"<p style=\"text-align: justify;\">Le plateau de forme sph\u00e9rique est moul\u00e9 \u00e0 la main dans une s\u00e9l\u00e9nite aux couleurs satur\u00e9es avec un aspect proche du marbre. Le pied quatrilobe est en ch\u00eane europ\u00e9en, sabl\u00e9 puis cir\u00e9.<\/p>\n<p>Couleurs disponibles : Agapantha, Sky Blue, Car Green, Raspberry Pink, Kingfisher Blue, Dirty White, Rouille, Violet, Past\u00e8que, Caf\u00e9 au Lait, Tingle Green, Nude, Forest Green<\/p>\n<p><strong>\u00a0<\/strong>L 120 x W 108 x H 75 cm<\/p>\n<p>Fabriqu\u00e9e \u00e0 la main au Royaume-Uni<br \/>\nD\u00e9lais de fabrication : 16 semaines<\/p>\n<p class=\"p1\"><span style=\"text-decoration: underline;\"><span class=\"s1\"><a href=\"https:\/\/www.theinvisiblecollection.com\/fr\/demande-de-devis\/?product_id=64541\">Contactez-nous pour toute demande de devis ou de renseignements<\/a><\/span><\/span><\/p>\n","protected":false},"featured_media":3017494,"template":"","meta":{"_acf_changed":false,"content-type":"","_themeisle_gutenberg_block_has_review":false},"product_brand":[],"product_cat":[12503,8977],"product_tag":[31476,31477,33319,7435],"product_designer":[12048],"comfabric":[35165],"manufacturer":[22718],"reporting_designer":[37236],"samplecomfabric":[35167],"designer_clubroom":[],"class_list":{"0":"post-3017884","1":"product","2":"type-product","3":"status-publish","4":"has-post-thumbnail","6":"product_cat-tables-fr","7":"product_cat-tables-salle-a-manger","8":"product_tag-st-collectible-fr","9":"product_tag-st-curvy-fr","10":"product_tag-edition-limitee","11":"product_tag-new-in-fr","12":"product_designer-korner-interiors-fr","13":"comfabric-krner-interiors-com-address-fr","14":"manufacturer-krner-wimbledon-fr","15":"reporting_designer-korner-interiors","16":"samplecomfabric-krner-interiors-com-address-fr","18":"first","19":"instock","20":"taxable","21":"shipping-taxable","22":"purchasable","23":"product-type-variable"},"acf":[],"_links":{"self":[{"href":"https:\/\/theinvisiblecollection.com\/fr\/wp-json\/wp\/v2\/product\/3017884","targetHints":{"allow":["GET"]}}],"collection":[{"href":"https:\/\/theinvisiblecollection.com\/fr\/wp-json\/wp\/v2\/product"}],"about":[{"href":"https:\/\/theinvisiblecollection.com\/fr\/wp-json\/wp\/v2\/types\/product"}],"wp:featuredmedia":[{"embeddable":true,"href":"https:\/\/theinvisiblecollection.com\/fr\/wp-json\/wp\/v2\/media\/3017494"}],"wp:attachment":[{"href":"https:\/\/theinvisiblecollection.com\/fr\/wp-json\/wp\/v2\/media?parent=3017884"}],"wp:term":[{"taxonomy":"product_brand","embeddable":true,"href":"https:\/\/theinvisiblecollection.com\/fr\/wp-json\/wp\/v2\/product_brand?post=3017884"},{"taxonomy":"product_cat","embeddable":true,"href":"https:\/\/theinvisiblecollection.com\/fr\/wp-json\/wp\/v2\/product_cat?post=3017884"},{"taxonomy":"product_tag","embeddable":true,"href":"https:\/\/theinvisiblecollection.com\/fr\/wp-json\/wp\/v2\/product_tag?post=3017884"},{"taxonomy":"product_designer","embeddable":true,"href":"https:\/\/theinvisiblecollection.com\/fr\/wp-json\/wp\/v2\/product_designer?post=3017884"},{"taxonomy":"comfabric","embeddable":true,"href":"https:\/\/theinvisiblecollection.com\/fr\/wp-json\/wp\/v2\/comfabric?post=3017884"},{"taxonomy":"manufacturer","embeddable":true,"href":"https:\/\/theinvisiblecollection.com\/fr\/wp-json\/wp\/v2\/manufacturer?post=3017884"},{"taxonomy":"reporting_designer","embeddable":true,"href":"https:\/\/theinvisiblecollection.com\/fr\/wp-json\/wp\/v2\/reporting_designer?post=3017884"},{"taxonomy":"samplecomfabric","embeddable":true,"href":"https:\/\/theinvisiblecollection.com\/fr\/wp-json\/wp\/v2\/samplecomfabric?post=3017884"},{"taxonomy":"clubroom_product_designer","embeddable":true,"href":"https:\/\/theinvisiblecollection.com\/fr\/wp-json\/wp\/v2\/designer_clubroom?post=3017884"}],"curies":[{"name":"wp","href":"https:\/\/api.w.org\/{rel}","templated":true}]}}