{"id":3085026,"date":"2023-06-30T14:48:19","date_gmt":"2023-06-30T13:48:19","guid":{"rendered":"https:\/\/theinvisiblecollection.com\/?post_type=product&#038;p=3085026"},"modified":"2026-05-01T07:38:06","modified_gmt":"2026-05-01T07:38:06","slug":"lepelclub-set-de-12-verres-a-cocktail-lets-drink-pearls-clear","status":"publish","type":"product","link":"https:\/\/theinvisiblecollection.com\/fr\/produit\/lepelclub-set-de-12-verres-a-cocktail-lets-drink-pearls-clear\/","title":{"rendered":"Set de 12 verres \u00e0 cocktail Let\u2019s drink Pearls Clear"},"content":{"rendered":"<p style=\"text-align: justify;\">Une ligne classique avec une longue tige et un large bol orn\u00e9 \u00e0 la main de d\u00e9tails de perles. Id\u00e9al pour la ma\u00eetresse de maison qui appr\u00e9cie l&#8217;\u00e9l\u00e9gante d&#8217;une collection de verrerie.<\/p>\n","protected":false},"excerpt":{"rendered":"<ul>\n<li>Composition : verre embelli \u00e0 la main avec des d\u00e9tails de perles<\/li>\n<\/ul>\n","protected":false},"featured_media":3084749,"template":"","meta":{"_acf_changed":false,"content-type":"","_themeisle_gutenberg_block_has_review":false},"product_brand":[],"product_cat":[19981,19986],"product_tag":[22790],"product_designer":[],"comfabric":[],"manufacturer":[23031],"reporting_designer":[],"samplecomfabric":[],"designer_clubroom":[23035],"class_list":{"0":"post-3085026","1":"product","2":"type-product","3":"status-publish","4":"has-post-thumbnail","6":"clubroom_taxonomies-gift-room","7":"product_cat-art-de-la-table","8":"product_cat-verres","9":"product_tag-disponible-immediatement","10":"manufacturer-lepelclub-fr","11":"clubroom_product_designer-lepelclub-fr","12":"exhibitions-paris-fr","14":"first","15":"instock","16":"taxable","17":"shipping-taxable","18":"purchasable","19":"product-type-simple"},"acf":[],"_links":{"self":[{"href":"https:\/\/theinvisiblecollection.com\/fr\/wp-json\/wp\/v2\/product\/3085026","targetHints":{"allow":["GET"]}}],"collection":[{"href":"https:\/\/theinvisiblecollection.com\/fr\/wp-json\/wp\/v2\/product"}],"about":[{"href":"https:\/\/theinvisiblecollection.com\/fr\/wp-json\/wp\/v2\/types\/product"}],"wp:featuredmedia":[{"embeddable":true,"href":"https:\/\/theinvisiblecollection.com\/fr\/wp-json\/wp\/v2\/media\/3084749"}],"wp:attachment":[{"href":"https:\/\/theinvisiblecollection.com\/fr\/wp-json\/wp\/v2\/media?parent=3085026"}],"wp:term":[{"taxonomy":"product_brand","embeddable":true,"href":"https:\/\/theinvisiblecollection.com\/fr\/wp-json\/wp\/v2\/product_brand?post=3085026"},{"taxonomy":"product_cat","embeddable":true,"href":"https:\/\/theinvisiblecollection.com\/fr\/wp-json\/wp\/v2\/product_cat?post=3085026"},{"taxonomy":"product_tag","embeddable":true,"href":"https:\/\/theinvisiblecollection.com\/fr\/wp-json\/wp\/v2\/product_tag?post=3085026"},{"taxonomy":"product_designer","embeddable":true,"href":"https:\/\/theinvisiblecollection.com\/fr\/wp-json\/wp\/v2\/product_designer?post=3085026"},{"taxonomy":"comfabric","embeddable":true,"href":"https:\/\/theinvisiblecollection.com\/fr\/wp-json\/wp\/v2\/comfabric?post=3085026"},{"taxonomy":"manufacturer","embeddable":true,"href":"https:\/\/theinvisiblecollection.com\/fr\/wp-json\/wp\/v2\/manufacturer?post=3085026"},{"taxonomy":"reporting_designer","embeddable":true,"href":"https:\/\/theinvisiblecollection.com\/fr\/wp-json\/wp\/v2\/reporting_designer?post=3085026"},{"taxonomy":"samplecomfabric","embeddable":true,"href":"https:\/\/theinvisiblecollection.com\/fr\/wp-json\/wp\/v2\/samplecomfabric?post=3085026"},{"taxonomy":"clubroom_product_designer","embeddable":true,"href":"https:\/\/theinvisiblecollection.com\/fr\/wp-json\/wp\/v2\/designer_clubroom?post=3085026"}],"curies":[{"name":"wp","href":"https:\/\/api.w.org\/{rel}","templated":true}]}}