{"id":3100324,"date":"2023-06-30T12:55:18","date_gmt":"2023-06-30T11:55:18","guid":{"rendered":"https:\/\/theinvisiblecollection.com\/?post_type=product&#038;p=3100324"},"modified":"2026-05-08T04:39:21","modified_gmt":"2026-05-08T04:39:21","slug":"glenn-sestig-lison-de-caunes-table-dappoint-beausoleil-prune","status":"publish","type":"product","link":"https:\/\/theinvisiblecollection.com\/fr\/produit\/glenn-sestig-lison-de-caunes-table-dappoint-beausoleil-prune\/","title":{"rendered":"Table d&#8217;Appoint Beausoleil Grande"},"content":{"rendered":"<p style=\"text-align: justify;\"><span class=\"TextRun SCXW211951621 BCX0\" lang=\"EN-GB\" xml:lang=\"EN-GB\" data-contrast=\"auto\"><span class=\"NormalTextRun SCXW211951621 BCX0\">La table d&#8217;appoint Beausoleil <\/span><span class=\"NormalTextRun SpellingErrorV2Themed SCXW211951621 BCX0\">allie<\/span> <span class=\"NormalTextRun SpellingErrorV2Themed SCXW211951621 BCX0\">harmonieusement<\/span><span class=\"NormalTextRun SCXW211951621 BCX0\"> le <\/span><span class=\"NormalTextRun SpellingErrorV2Themed SCXW211951621 BCX0\">minimalisme<\/span> <span class=\"NormalTextRun SpellingErrorV2Themed SCXW211951621 BCX0\">caract\u00e9ristique<\/span><span class=\"NormalTextRun SCXW211951621 BCX0\"> de Glenn <\/span><span class=\"NormalTextRun SpellingErrorV2Themed SCXW211951621 BCX0\">Sestig<\/span><span class=\"NormalTextRun SCXW211951621 BCX0\"> et <\/span><span class=\"NormalTextRun SpellingErrorV2Themed SCXW211951621 BCX0\">l&#8217;art<\/span> <span class=\"NormalTextRun SpellingErrorV2Themed SCXW211951621 BCX0\">magique<\/span><span class=\"NormalTextRun SCXW211951621 BCX0\"> de Lison De <\/span><span class=\"NormalTextRun SpellingErrorV2Themed SCXW211951621 BCX0\">Caunes<\/span> <span class=\"NormalTextRun SpellingErrorV2Themed SCXW211951621 BCX0\">en<\/span><span class=\"NormalTextRun SCXW211951621 BCX0\"> mati\u00e8re de <\/span><span class=\"NormalTextRun SpellingErrorV2Themed SCXW211951621 BCX0\">marqueterie<\/span><span class=\"NormalTextRun SCXW211951621 BCX0\"> de <\/span><span class=\"NormalTextRun SpellingErrorV2Themed SCXW211951621 BCX0\">paille<\/span><span class=\"NormalTextRun SCXW211951621 BCX0\">. Le titre, Beausoleil, qui <\/span><span class=\"NormalTextRun SpellingErrorV2Themed SCXW211951621 BCX0\">signifie<\/span><span class=\"NormalTextRun SCXW211951621 BCX0\"> beau soleil, <\/span><span class=\"NormalTextRun SpellingErrorV2Themed SCXW211951621 BCX0\">r\u00e9sume<\/span> <span class=\"NormalTextRun SpellingErrorV2Themed SCXW211951621 BCX0\">parfaitement<\/span> <span class=\"NormalTextRun SpellingErrorV2Themed SCXW211951621 BCX0\">l&#8217;essence<\/span><span class=\"NormalTextRun SCXW211951621 BCX0\"> de <\/span><span class=\"NormalTextRun SpellingErrorV2Themed SCXW211951621 BCX0\">cette<\/span><span class=\"NormalTextRun SCXW211951621 BCX0\"> collection. Il <\/span><span class=\"NormalTextRun SpellingErrorV2Themed SCXW211951621 BCX0\">\u00e9voque<\/span><span class=\"NormalTextRun SCXW211951621 BCX0\"> avec <\/span><span class=\"NormalTextRun SpellingErrorV2Themed SCXW211951621 BCX0\">\u00e9loquence<\/span><span class=\"NormalTextRun SCXW211951621 BCX0\"> les motifs <\/span><span class=\"NormalTextRun SpellingErrorV2Themed SCXW211951621 BCX0\">chatoyants<\/span><span class=\"NormalTextRun SCXW211951621 BCX0\"> de la <\/span><span class=\"NormalTextRun SpellingErrorV2Themed SCXW211951621 BCX0\">paille<\/span><span class=\"NormalTextRun SCXW211951621 BCX0\">, <\/span><span class=\"NormalTextRun SpellingErrorV2Themed SCXW211951621 BCX0\">dispos\u00e9s<\/span> <span class=\"NormalTextRun SpellingErrorV2Themed SCXW211951621 BCX0\">en<\/span><span class=\"NormalTextRun SCXW211951621 BCX0\"> rayons de soleil qui <\/span><span class=\"NormalTextRun SpellingErrorV2Themed SCXW211951621 BCX0\">captent<\/span><span class=\"NormalTextRun SCXW211951621 BCX0\"> et <\/span><span class=\"NormalTextRun SpellingErrorV2Themed SCXW211951621 BCX0\">refl\u00e8tent<\/span><span class=\"NormalTextRun SCXW211951621 BCX0\"> la lumi\u00e8re, <\/span><span class=\"NormalTextRun SpellingErrorV2Themed SCXW211951621 BCX0\">exer\u00e7ant<\/span><span class=\"NormalTextRun SCXW211951621 BCX0\"> un <\/span><span class=\"NormalTextRun SpellingErrorV2Themed SCXW211951621 BCX0\">attrait<\/span> <span class=\"NormalTextRun SpellingErrorV2Themed SCXW211951621 BCX0\">irr\u00e9sistible<\/span><span class=\"NormalTextRun SCXW211951621 BCX0\">. Dans Beausoleil, la <\/span><span class=\"NormalTextRun SpellingErrorV2Themed SCXW211951621 BCX0\">paille<\/span> <span class=\"NormalTextRun SpellingErrorV2Themed SCXW211951621 BCX0\">traditionnelle<\/span><span class=\"NormalTextRun SCXW211951621 BCX0\"> et <\/span><span class=\"NormalTextRun SpellingErrorV2Themed SCXW211951621 BCX0\">discr\u00e8te<\/span> <span class=\"NormalTextRun SpellingErrorV2Themed SCXW211951621 BCX0\">est<\/span> <span class=\"NormalTextRun SpellingErrorV2Themed SCXW211951621 BCX0\">sublim\u00e9e<\/span><span class=\"NormalTextRun SCXW211951621 BCX0\"> par les <\/span><span class=\"NormalTextRun SpellingErrorV2Themed SCXW211951621 BCX0\">formes<\/span> <span class=\"NormalTextRun SpellingErrorV2Themed SCXW211951621 BCX0\">pures<\/span><span class=\"NormalTextRun SCXW211951621 BCX0\"> et <\/span><span class=\"NormalTextRun SpellingErrorV2Themed SCXW211951621 BCX0\">graphiques<\/span> <span class=\"NormalTextRun SpellingErrorV2Themed SCXW211951621 BCX0\">imagin\u00e9es<\/span><span class=\"NormalTextRun SCXW211951621 BCX0\"> par Glenn <\/span><span class=\"NormalTextRun SpellingErrorV2Themed SCXW211951621 BCX0\">Sestig<\/span><span class=\"NormalTextRun SCXW211951621 BCX0\">. Les motifs <\/span><span class=\"NormalTextRun SpellingErrorV2Themed SCXW211951621 BCX0\">d&#8217;incrustation<\/span><span class=\"NormalTextRun SCXW211951621 BCX0\"> de la <\/span><span class=\"NormalTextRun SpellingErrorV2Themed SCXW211951621 BCX0\">paille<\/span> <span class=\"NormalTextRun SpellingErrorV2Themed SCXW211951621 BCX0\">cr\u00e9ent<\/span><span class=\"NormalTextRun SCXW211951621 BCX0\"> un <\/span><span class=\"NormalTextRun SpellingErrorV2Themed SCXW211951621 BCX0\">contraste<\/span> <span class=\"NormalTextRun SpellingErrorV2Themed SCXW211951621 BCX0\">saisissant<\/span><span class=\"NormalTextRun SCXW211951621 BCX0\"> avec <\/span><span class=\"NormalTextRun SpellingErrorV2Themed SCXW211951621 BCX0\">l&#8217;\u00e9l\u00e9gance<\/span> <span class=\"NormalTextRun SpellingErrorV2Themed SCXW211951621 BCX0\">discr\u00e8te<\/span><span class=\"NormalTextRun SCXW211951621 BCX0\"> du mobilier.<\/span><\/span><span class=\"EOP SCXW211951621 BCX0\" data-ccp-props=\"{&quot;201341983&quot;:0,&quot;335559740&quot;:259}\">\u00a0<\/span><\/p>\n","protected":false},"excerpt":{"rendered":"<p>La table d&#8217;appoint Beausoleil allie harmonieusement le minimalisme caract\u00e9ristique de Glenn Sestig et l&#8217;art magique de Lison De Caunes en mati\u00e8re de marqueterie de paille. Le titre, Beausoleil, qui signifie beau soleil, r\u00e9sume parfaitement l&#8217;essence de cette collection. Il \u00e9voque avec \u00e9loquence les motifs chatoyants de la paille, dispos\u00e9s en rayons de soleil qui captent [&hellip;]<\/p>\n","protected":false},"featured_media":3100043,"template":"","meta":{"_acf_changed":false,"content-type":"","_themeisle_gutenberg_block_has_review":false},"product_brand":[],"product_cat":[12332,12503],"product_tag":[7435,22790,31476,31477],"product_designer":[23588],"comfabric":[],"manufacturer":[19887],"reporting_designer":[37144],"samplecomfabric":[],"designer_clubroom":[],"class_list":{"0":"post-3100324","1":"product","2":"type-product","3":"status-publish","4":"has-post-thumbnail","6":"product_cat-tables-dappoint","7":"product_cat-tables-fr","8":"product_tag-new-in-fr","9":"product_tag-disponible-immediatement","10":"product_tag-st-collectible-fr","11":"product_tag-st-curvy-fr","12":"pa_size-petit-fr","13":"pa_size-haut","14":"product_designer-glenn-sestig-x-lison-de-caunes-fr","15":"manufacturer-ateliers-lison-de-caunes-fr","16":"reporting_designer-glenn-sestig-x-lison-de-caunes","17":"exhibitions-paris-fr","19":"first","20":"instock","21":"taxable","22":"shipping-taxable","23":"purchasable","24":"product-type-variable"},"acf":[],"_links":{"self":[{"href":"https:\/\/theinvisiblecollection.com\/fr\/wp-json\/wp\/v2\/product\/3100324","targetHints":{"allow":["GET"]}}],"collection":[{"href":"https:\/\/theinvisiblecollection.com\/fr\/wp-json\/wp\/v2\/product"}],"about":[{"href":"https:\/\/theinvisiblecollection.com\/fr\/wp-json\/wp\/v2\/types\/product"}],"wp:featuredmedia":[{"embeddable":true,"href":"https:\/\/theinvisiblecollection.com\/fr\/wp-json\/wp\/v2\/media\/3100043"}],"wp:attachment":[{"href":"https:\/\/theinvisiblecollection.com\/fr\/wp-json\/wp\/v2\/media?parent=3100324"}],"wp:term":[{"taxonomy":"product_brand","embeddable":true,"href":"https:\/\/theinvisiblecollection.com\/fr\/wp-json\/wp\/v2\/product_brand?post=3100324"},{"taxonomy":"product_cat","embeddable":true,"href":"https:\/\/theinvisiblecollection.com\/fr\/wp-json\/wp\/v2\/product_cat?post=3100324"},{"taxonomy":"product_tag","embeddable":true,"href":"https:\/\/theinvisiblecollection.com\/fr\/wp-json\/wp\/v2\/product_tag?post=3100324"},{"taxonomy":"product_designer","embeddable":true,"href":"https:\/\/theinvisiblecollection.com\/fr\/wp-json\/wp\/v2\/product_designer?post=3100324"},{"taxonomy":"comfabric","embeddable":true,"href":"https:\/\/theinvisiblecollection.com\/fr\/wp-json\/wp\/v2\/comfabric?post=3100324"},{"taxonomy":"manufacturer","embeddable":true,"href":"https:\/\/theinvisiblecollection.com\/fr\/wp-json\/wp\/v2\/manufacturer?post=3100324"},{"taxonomy":"reporting_designer","embeddable":true,"href":"https:\/\/theinvisiblecollection.com\/fr\/wp-json\/wp\/v2\/reporting_designer?post=3100324"},{"taxonomy":"samplecomfabric","embeddable":true,"href":"https:\/\/theinvisiblecollection.com\/fr\/wp-json\/wp\/v2\/samplecomfabric?post=3100324"},{"taxonomy":"clubroom_product_designer","embeddable":true,"href":"https:\/\/theinvisiblecollection.com\/fr\/wp-json\/wp\/v2\/designer_clubroom?post=3100324"}],"curies":[{"name":"wp","href":"https:\/\/api.w.org\/{rel}","templated":true}]}}