{"id":3138929,"date":"2024-11-21T10:53:50","date_gmt":"2024-11-21T10:53:50","guid":{"rendered":"https:\/\/theinvisiblecollection.com\/?post_type=product&#038;p=3138929"},"modified":"2026-05-01T07:38:04","modified_gmt":"2026-05-01T07:38:04","slug":"sophie-dries-kaia-lighting-applique-glow","status":"publish","type":"product","link":"https:\/\/theinvisiblecollection.com\/fr\/produit\/sophie-dries-kaia-lighting-applique-glow\/","title":{"rendered":"Applique Glow"},"content":{"rendered":"<p style=\"text-align: justify;\">Sophie Dries x Kaia Lighting<br \/>\nL&#8217;applique Glow dessin\u00e9e par Sophie Dries x Kaia Lighting est inspir\u00e9e par Inner Glow. La collection Glow distille sa grandeur dans des formes compactes adapt\u00e9es \u00e0 la maison contemporaine. La silhouette ovo\u00efde caract\u00e9ristique de la collection est le point central de la lampe murale Glow. Le papier m\u00e2ch\u00e9 brut provenant d&#8217;Italie &#8221; pousse &#8221; sur le dessus de l&#8217;orbe, enveloppant la lumi\u00e8re pour projeter une lueur d\u00e9licate et subtile dans la pi\u00e8ce.<\/p>\n","protected":false},"excerpt":{"rendered":"<p class=\"p1\">Abat-jour photographi\u00e9 ici en porcelaine blanche travaill\u00e9e \u00e0 la gouge<br \/>\n\u00c9galement disponible en porcelaine noire travaill\u00e9e \u00e0 la gouge<br \/>\nAmpoule non fournie<br \/>\nConvient \u00e0 une utilisation en salle de bain<br \/>\nLa lumi\u00e8re vient du haut et du bas<br \/>\n<i>Chaque pi\u00e8ce est unique en raison de sa nature artisanale, les formes et les teintes varient l\u00e9g\u00e8rement<\/i><\/p>\n<p>L 15 x P 7.5 x H 20 cm<\/p>\n<p class=\"p1\">Fabriqu\u00e9e \u00e0 la main en France<br \/>\nD\u00e9lais de fabrication : 6 semaines<\/p>\n<p class=\"p2\"><span style=\"text-decoration: underline;\"><span class=\"s1\"><a href=\"https:\/\/www.theinvisiblecollection.com\/demande-de-devis\/?product_id=132977\" target=\"_blank\" rel=\"noopener\">Contactez-nous pour toute demande de devis ou de renseignements<\/a><\/span><\/span><\/p>\n","protected":false},"featured_media":3139502,"template":"","meta":{"_acf_changed":false,"content-type":"","_themeisle_gutenberg_block_has_review":false},"product_brand":[],"product_cat":[8975,12507,19977],"product_tag":[7435,14925,31474,31476,31477],"product_designer":[17359,25959],"comfabric":[],"manufacturer":[21959],"reporting_designer":[37326],"samplecomfabric":[],"designer_clubroom":[],"class_list":{"0":"post-3138929","1":"product","2":"type-product","3":"status-publish","4":"has-post-thumbnail","6":"product_cat-appliques-murales","7":"product_cat-luminaires","8":"product_cat-accessoires-de-salle-de-bain","9":"product_tag-new-in-fr","10":"product_tag-hpfav-fr","11":"product_tag-co-white-fr","12":"product_tag-st-collectible-fr","13":"product_tag-st-curvy-fr","14":"product_designer-sophie-dries-fr","15":"product_designer-sophie-dries-x-kaia-fr","16":"manufacturer-kaia-atelier-germany-fr","17":"reporting_designer-sophie-dries","19":"first","20":"instock","21":"taxable","22":"shipping-taxable","23":"purchasable","24":"product-type-variable"},"acf":[],"_links":{"self":[{"href":"https:\/\/theinvisiblecollection.com\/fr\/wp-json\/wp\/v2\/product\/3138929","targetHints":{"allow":["GET"]}}],"collection":[{"href":"https:\/\/theinvisiblecollection.com\/fr\/wp-json\/wp\/v2\/product"}],"about":[{"href":"https:\/\/theinvisiblecollection.com\/fr\/wp-json\/wp\/v2\/types\/product"}],"wp:featuredmedia":[{"embeddable":true,"href":"https:\/\/theinvisiblecollection.com\/fr\/wp-json\/wp\/v2\/media\/3139502"}],"wp:attachment":[{"href":"https:\/\/theinvisiblecollection.com\/fr\/wp-json\/wp\/v2\/media?parent=3138929"}],"wp:term":[{"taxonomy":"product_brand","embeddable":true,"href":"https:\/\/theinvisiblecollection.com\/fr\/wp-json\/wp\/v2\/product_brand?post=3138929"},{"taxonomy":"product_cat","embeddable":true,"href":"https:\/\/theinvisiblecollection.com\/fr\/wp-json\/wp\/v2\/product_cat?post=3138929"},{"taxonomy":"product_tag","embeddable":true,"href":"https:\/\/theinvisiblecollection.com\/fr\/wp-json\/wp\/v2\/product_tag?post=3138929"},{"taxonomy":"product_designer","embeddable":true,"href":"https:\/\/theinvisiblecollection.com\/fr\/wp-json\/wp\/v2\/product_designer?post=3138929"},{"taxonomy":"comfabric","embeddable":true,"href":"https:\/\/theinvisiblecollection.com\/fr\/wp-json\/wp\/v2\/comfabric?post=3138929"},{"taxonomy":"manufacturer","embeddable":true,"href":"https:\/\/theinvisiblecollection.com\/fr\/wp-json\/wp\/v2\/manufacturer?post=3138929"},{"taxonomy":"reporting_designer","embeddable":true,"href":"https:\/\/theinvisiblecollection.com\/fr\/wp-json\/wp\/v2\/reporting_designer?post=3138929"},{"taxonomy":"samplecomfabric","embeddable":true,"href":"https:\/\/theinvisiblecollection.com\/fr\/wp-json\/wp\/v2\/samplecomfabric?post=3138929"},{"taxonomy":"clubroom_product_designer","embeddable":true,"href":"https:\/\/theinvisiblecollection.com\/fr\/wp-json\/wp\/v2\/designer_clubroom?post=3138929"}],"curies":[{"name":"wp","href":"https:\/\/api.w.org\/{rel}","templated":true}]}}