{"id":3214638,"date":"2023-07-12T16:32:24","date_gmt":"2023-07-12T15:32:24","guid":{"rendered":"https:\/\/theinvisiblecollection.com\/?post_type=product&#038;p=3214638"},"modified":"2026-05-01T07:38:04","modified_gmt":"2026-05-01T07:38:04","slug":"once-milano-set-de-2-serviettes-sicily-mint","status":"publish","type":"product","link":"https:\/\/theinvisiblecollection.com\/fr\/produit\/once-milano-set-de-2-serviettes-sicily-mint\/","title":{"rendered":"Set de 2 Serviettes Sicily Mint"},"content":{"rendered":"<p style=\"text-align: justify;\">Un hommage au riche patrimoine culturel de la Sicile avec ces luxueuses serviettes de table en lin italien \u00e9cras\u00e9, fabriqu\u00e9es \u00e0 la main, orn\u00e9es de macram\u00e9s d\u00e9taill\u00e9s. Le nec plus ultra&#8230;<\/p>\n","protected":false},"excerpt":{"rendered":"<ul>\n<li>lin 100% gr. 165\/m\u00b2<\/li>\n<li>Hauteur du macram\u00e9 5 cm<\/li>\n<\/ul>\n","protected":false},"featured_media":3214226,"template":"","meta":{"_acf_changed":false,"content-type":"","_themeisle_gutenberg_block_has_review":false},"product_brand":[],"product_cat":[19981,19989],"product_tag":[22790],"product_designer":[],"comfabric":[],"manufacturer":[23788],"reporting_designer":[],"samplecomfabric":[],"designer_clubroom":[23792],"class_list":{"0":"post-3214638","1":"product","2":"type-product","3":"status-publish","4":"has-post-thumbnail","6":"clubroom_taxonomies-gift-room","7":"product_cat-art-de-la-table","8":"product_cat-linge-de-table","9":"product_tag-disponible-immediatement","10":"manufacturer-once-milano-fr","11":"clubroom_product_designer-once-milano-fr","12":"exhibitions-paris-fr","13":"exhibitions-new-york-fr","14":"exhibitions-londres-fr","16":"first","17":"instock","18":"taxable","19":"shipping-taxable","20":"purchasable","21":"product-type-simple"},"acf":[],"_links":{"self":[{"href":"https:\/\/theinvisiblecollection.com\/fr\/wp-json\/wp\/v2\/product\/3214638","targetHints":{"allow":["GET"]}}],"collection":[{"href":"https:\/\/theinvisiblecollection.com\/fr\/wp-json\/wp\/v2\/product"}],"about":[{"href":"https:\/\/theinvisiblecollection.com\/fr\/wp-json\/wp\/v2\/types\/product"}],"wp:featuredmedia":[{"embeddable":true,"href":"https:\/\/theinvisiblecollection.com\/fr\/wp-json\/wp\/v2\/media\/3214226"}],"wp:attachment":[{"href":"https:\/\/theinvisiblecollection.com\/fr\/wp-json\/wp\/v2\/media?parent=3214638"}],"wp:term":[{"taxonomy":"product_brand","embeddable":true,"href":"https:\/\/theinvisiblecollection.com\/fr\/wp-json\/wp\/v2\/product_brand?post=3214638"},{"taxonomy":"product_cat","embeddable":true,"href":"https:\/\/theinvisiblecollection.com\/fr\/wp-json\/wp\/v2\/product_cat?post=3214638"},{"taxonomy":"product_tag","embeddable":true,"href":"https:\/\/theinvisiblecollection.com\/fr\/wp-json\/wp\/v2\/product_tag?post=3214638"},{"taxonomy":"product_designer","embeddable":true,"href":"https:\/\/theinvisiblecollection.com\/fr\/wp-json\/wp\/v2\/product_designer?post=3214638"},{"taxonomy":"comfabric","embeddable":true,"href":"https:\/\/theinvisiblecollection.com\/fr\/wp-json\/wp\/v2\/comfabric?post=3214638"},{"taxonomy":"manufacturer","embeddable":true,"href":"https:\/\/theinvisiblecollection.com\/fr\/wp-json\/wp\/v2\/manufacturer?post=3214638"},{"taxonomy":"reporting_designer","embeddable":true,"href":"https:\/\/theinvisiblecollection.com\/fr\/wp-json\/wp\/v2\/reporting_designer?post=3214638"},{"taxonomy":"samplecomfabric","embeddable":true,"href":"https:\/\/theinvisiblecollection.com\/fr\/wp-json\/wp\/v2\/samplecomfabric?post=3214638"},{"taxonomy":"clubroom_product_designer","embeddable":true,"href":"https:\/\/theinvisiblecollection.com\/fr\/wp-json\/wp\/v2\/designer_clubroom?post=3214638"}],"curies":[{"name":"wp","href":"https:\/\/api.w.org\/{rel}","templated":true}]}}