{"id":3214955,"date":"2023-07-11T15:50:35","date_gmt":"2023-07-11T14:50:35","guid":{"rendered":"https:\/\/theinvisiblecollection.com\/?post_type=product&#038;p=3214955"},"modified":"2026-05-08T04:39:18","modified_gmt":"2026-05-08T04:39:18","slug":"once-milano-set-de-2-serviettes-festonnees-stone-blue","status":"publish","type":"product","link":"https:\/\/theinvisiblecollection.com\/fr\/produit\/once-milano-set-de-2-serviettes-festonnees-stone-blue\/","title":{"rendered":"Set de 2 serviettes Festonn\u00e9es Stone Blue"},"content":{"rendered":"<p style=\"text-align: justify;\">Ces serviettes de table en lin \u00e0 ourlet festonn\u00e9 apportent une exquise simplicit\u00e9 \u00e0 votre table dans une vari\u00e9t\u00e9 de combinaisons de couleurs pour des finitions qui \u00e9gaieront vos repas d&#8217;\u00e9t\u00e9.<\/p>\n","protected":false},"excerpt":{"rendered":"<ul>\n<li>lin 100% gr. 165\/m\u00b2<\/li>\n<\/ul>\n","protected":false},"featured_media":3215058,"template":"","meta":{"_acf_changed":false,"content-type":"","_themeisle_gutenberg_block_has_review":false},"product_brand":[],"product_cat":[19981,19989],"product_tag":[22790],"product_designer":[],"comfabric":[],"manufacturer":[23788],"reporting_designer":[],"samplecomfabric":[],"designer_clubroom":[23792],"class_list":{"0":"post-3214955","1":"product","2":"type-product","3":"status-publish","4":"has-post-thumbnail","6":"clubroom_taxonomies-gift-room","7":"product_cat-art-de-la-table","8":"product_cat-linge-de-table","9":"product_tag-disponible-immediatement","10":"manufacturer-once-milano-fr","11":"clubroom_product_designer-once-milano-fr","12":"exhibitions-paris-fr","13":"exhibitions-londres-fr","15":"first","16":"instock","17":"taxable","18":"shipping-taxable","19":"purchasable","20":"product-type-simple"},"acf":[],"_links":{"self":[{"href":"https:\/\/theinvisiblecollection.com\/fr\/wp-json\/wp\/v2\/product\/3214955","targetHints":{"allow":["GET"]}}],"collection":[{"href":"https:\/\/theinvisiblecollection.com\/fr\/wp-json\/wp\/v2\/product"}],"about":[{"href":"https:\/\/theinvisiblecollection.com\/fr\/wp-json\/wp\/v2\/types\/product"}],"wp:featuredmedia":[{"embeddable":true,"href":"https:\/\/theinvisiblecollection.com\/fr\/wp-json\/wp\/v2\/media\/3215058"}],"wp:attachment":[{"href":"https:\/\/theinvisiblecollection.com\/fr\/wp-json\/wp\/v2\/media?parent=3214955"}],"wp:term":[{"taxonomy":"product_brand","embeddable":true,"href":"https:\/\/theinvisiblecollection.com\/fr\/wp-json\/wp\/v2\/product_brand?post=3214955"},{"taxonomy":"product_cat","embeddable":true,"href":"https:\/\/theinvisiblecollection.com\/fr\/wp-json\/wp\/v2\/product_cat?post=3214955"},{"taxonomy":"product_tag","embeddable":true,"href":"https:\/\/theinvisiblecollection.com\/fr\/wp-json\/wp\/v2\/product_tag?post=3214955"},{"taxonomy":"product_designer","embeddable":true,"href":"https:\/\/theinvisiblecollection.com\/fr\/wp-json\/wp\/v2\/product_designer?post=3214955"},{"taxonomy":"comfabric","embeddable":true,"href":"https:\/\/theinvisiblecollection.com\/fr\/wp-json\/wp\/v2\/comfabric?post=3214955"},{"taxonomy":"manufacturer","embeddable":true,"href":"https:\/\/theinvisiblecollection.com\/fr\/wp-json\/wp\/v2\/manufacturer?post=3214955"},{"taxonomy":"reporting_designer","embeddable":true,"href":"https:\/\/theinvisiblecollection.com\/fr\/wp-json\/wp\/v2\/reporting_designer?post=3214955"},{"taxonomy":"samplecomfabric","embeddable":true,"href":"https:\/\/theinvisiblecollection.com\/fr\/wp-json\/wp\/v2\/samplecomfabric?post=3214955"},{"taxonomy":"clubroom_product_designer","embeddable":true,"href":"https:\/\/theinvisiblecollection.com\/fr\/wp-json\/wp\/v2\/designer_clubroom?post=3214955"}],"curies":[{"name":"wp","href":"https:\/\/api.w.org\/{rel}","templated":true}]}}