{"id":3216990,"date":"2023-07-11T17:11:39","date_gmt":"2023-07-11T16:11:39","guid":{"rendered":"https:\/\/theinvisiblecollection.com\/?post_type=product&#038;p=3216990"},"modified":"2026-05-01T07:38:04","modified_gmt":"2026-05-01T07:38:04","slug":"once-milano-plaid-moutarde","status":"publish","type":"product","link":"https:\/\/theinvisiblecollection.com\/fr\/produit\/once-milano-plaid-moutarde\/","title":{"rendered":"Plaid Moutarde"},"content":{"rendered":"<p style=\"text-align: justify;\">En lin italien 100 % fait \u00e0 la main, ce plaid apporte son \u00e9l\u00e9gance \u00e0 votre int\u00e9rieur. D\u00e9posez-le sur un canap\u00e9 ou sur votre lit ou drapez-le avec style sur vos \u00e9paules lors de fra\u00eeches soir\u00e9es d&#8217;\u00e9t\u00e9.<\/p>\n","protected":false},"excerpt":{"rendered":"<ul>\n<li>Composition : lin 100% gr. 210\/m\u00b2<\/li>\n<\/ul>\n","protected":false},"featured_media":3217043,"template":"","meta":{"_acf_changed":false,"content-type":"","_themeisle_gutenberg_block_has_review":false},"product_brand":[],"product_cat":[12530,19973],"product_tag":[22790],"product_designer":[],"comfabric":[],"manufacturer":[23788],"reporting_designer":[],"samplecomfabric":[],"designer_clubroom":[23792],"class_list":{"0":"post-3216990","1":"product","2":"type-product","3":"status-publish","4":"has-post-thumbnail","6":"clubroom_taxonomies-gift-room","7":"product_cat-coussins-plaids","8":"product_cat-accessoires-pour-la-maison","9":"product_tag-disponible-immediatement","10":"manufacturer-once-milano-fr","11":"clubroom_product_designer-once-milano-fr","12":"exhibitions-paris-fr","13":"exhibitions-new-york-fr","14":"exhibitions-londres-fr","16":"first","17":"instock","18":"taxable","19":"shipping-taxable","20":"purchasable","21":"product-type-simple"},"acf":[],"_links":{"self":[{"href":"https:\/\/theinvisiblecollection.com\/fr\/wp-json\/wp\/v2\/product\/3216990","targetHints":{"allow":["GET"]}}],"collection":[{"href":"https:\/\/theinvisiblecollection.com\/fr\/wp-json\/wp\/v2\/product"}],"about":[{"href":"https:\/\/theinvisiblecollection.com\/fr\/wp-json\/wp\/v2\/types\/product"}],"wp:featuredmedia":[{"embeddable":true,"href":"https:\/\/theinvisiblecollection.com\/fr\/wp-json\/wp\/v2\/media\/3217043"}],"wp:attachment":[{"href":"https:\/\/theinvisiblecollection.com\/fr\/wp-json\/wp\/v2\/media?parent=3216990"}],"wp:term":[{"taxonomy":"product_brand","embeddable":true,"href":"https:\/\/theinvisiblecollection.com\/fr\/wp-json\/wp\/v2\/product_brand?post=3216990"},{"taxonomy":"product_cat","embeddable":true,"href":"https:\/\/theinvisiblecollection.com\/fr\/wp-json\/wp\/v2\/product_cat?post=3216990"},{"taxonomy":"product_tag","embeddable":true,"href":"https:\/\/theinvisiblecollection.com\/fr\/wp-json\/wp\/v2\/product_tag?post=3216990"},{"taxonomy":"product_designer","embeddable":true,"href":"https:\/\/theinvisiblecollection.com\/fr\/wp-json\/wp\/v2\/product_designer?post=3216990"},{"taxonomy":"comfabric","embeddable":true,"href":"https:\/\/theinvisiblecollection.com\/fr\/wp-json\/wp\/v2\/comfabric?post=3216990"},{"taxonomy":"manufacturer","embeddable":true,"href":"https:\/\/theinvisiblecollection.com\/fr\/wp-json\/wp\/v2\/manufacturer?post=3216990"},{"taxonomy":"reporting_designer","embeddable":true,"href":"https:\/\/theinvisiblecollection.com\/fr\/wp-json\/wp\/v2\/reporting_designer?post=3216990"},{"taxonomy":"samplecomfabric","embeddable":true,"href":"https:\/\/theinvisiblecollection.com\/fr\/wp-json\/wp\/v2\/samplecomfabric?post=3216990"},{"taxonomy":"clubroom_product_designer","embeddable":true,"href":"https:\/\/theinvisiblecollection.com\/fr\/wp-json\/wp\/v2\/designer_clubroom?post=3216990"}],"curies":[{"name":"wp","href":"https:\/\/api.w.org\/{rel}","templated":true}]}}