{"id":3217534,"date":"2023-07-11T17:47:47","date_gmt":"2023-07-11T16:47:47","guid":{"rendered":"https:\/\/theinvisiblecollection.com\/?post_type=product&#038;p=3217534"},"modified":"2026-05-01T07:38:04","modified_gmt":"2026-05-01T07:38:04","slug":"once-milano-plaid-en-lin-canvas-sequoia","status":"publish","type":"product","link":"https:\/\/theinvisiblecollection.com\/fr\/produit\/once-milano-plaid-en-lin-canvas-sequoia\/","title":{"rendered":"Plaid en Lin Canvas Sequoia"},"content":{"rendered":"<p style=\"text-align: justify;\">Fabriqu\u00e9 \u00e0 partir de lin italien 100 % fait \u00e0 la main, ce plaid apporte sa touche d&#8217;\u00e9l\u00e9gance. Jet\u00e9 sur un canap\u00e9 ou sur un lit ou pourquoi pas port\u00e9 \u00e0 l&#8217;ext\u00e9rieur lors de soir\u00e9es fra\u00eeches.<\/p>\n","protected":false},"excerpt":{"rendered":"<ul>\n<li>Composition : lin gr. 350\/m\u00b2<\/li>\n<\/ul>\n","protected":false},"featured_media":3217547,"template":"","meta":{"_acf_changed":false,"content-type":"","_themeisle_gutenberg_block_has_review":false},"product_brand":[],"product_cat":[12530,19973],"product_tag":[22790],"product_designer":[],"comfabric":[],"manufacturer":[23788],"reporting_designer":[],"samplecomfabric":[],"designer_clubroom":[23792],"class_list":{"0":"post-3217534","1":"product","2":"type-product","3":"status-publish","4":"has-post-thumbnail","6":"clubroom_taxonomies-gift-room","7":"product_cat-coussins-plaids","8":"product_cat-accessoires-pour-la-maison","9":"product_tag-disponible-immediatement","10":"manufacturer-once-milano-fr","11":"clubroom_product_designer-once-milano-fr","12":"exhibitions-paris-fr","13":"exhibitions-new-york-fr","14":"exhibitions-londres-fr","16":"first","17":"instock","18":"taxable","19":"shipping-taxable","20":"purchasable","21":"product-type-simple"},"acf":[],"_links":{"self":[{"href":"https:\/\/theinvisiblecollection.com\/fr\/wp-json\/wp\/v2\/product\/3217534","targetHints":{"allow":["GET"]}}],"collection":[{"href":"https:\/\/theinvisiblecollection.com\/fr\/wp-json\/wp\/v2\/product"}],"about":[{"href":"https:\/\/theinvisiblecollection.com\/fr\/wp-json\/wp\/v2\/types\/product"}],"wp:featuredmedia":[{"embeddable":true,"href":"https:\/\/theinvisiblecollection.com\/fr\/wp-json\/wp\/v2\/media\/3217547"}],"wp:attachment":[{"href":"https:\/\/theinvisiblecollection.com\/fr\/wp-json\/wp\/v2\/media?parent=3217534"}],"wp:term":[{"taxonomy":"product_brand","embeddable":true,"href":"https:\/\/theinvisiblecollection.com\/fr\/wp-json\/wp\/v2\/product_brand?post=3217534"},{"taxonomy":"product_cat","embeddable":true,"href":"https:\/\/theinvisiblecollection.com\/fr\/wp-json\/wp\/v2\/product_cat?post=3217534"},{"taxonomy":"product_tag","embeddable":true,"href":"https:\/\/theinvisiblecollection.com\/fr\/wp-json\/wp\/v2\/product_tag?post=3217534"},{"taxonomy":"product_designer","embeddable":true,"href":"https:\/\/theinvisiblecollection.com\/fr\/wp-json\/wp\/v2\/product_designer?post=3217534"},{"taxonomy":"comfabric","embeddable":true,"href":"https:\/\/theinvisiblecollection.com\/fr\/wp-json\/wp\/v2\/comfabric?post=3217534"},{"taxonomy":"manufacturer","embeddable":true,"href":"https:\/\/theinvisiblecollection.com\/fr\/wp-json\/wp\/v2\/manufacturer?post=3217534"},{"taxonomy":"reporting_designer","embeddable":true,"href":"https:\/\/theinvisiblecollection.com\/fr\/wp-json\/wp\/v2\/reporting_designer?post=3217534"},{"taxonomy":"samplecomfabric","embeddable":true,"href":"https:\/\/theinvisiblecollection.com\/fr\/wp-json\/wp\/v2\/samplecomfabric?post=3217534"},{"taxonomy":"clubroom_product_designer","embeddable":true,"href":"https:\/\/theinvisiblecollection.com\/fr\/wp-json\/wp\/v2\/designer_clubroom?post=3217534"}],"curies":[{"name":"wp","href":"https:\/\/api.w.org\/{rel}","templated":true}]}}