{"id":3229438,"date":"2023-07-12T13:58:37","date_gmt":"2023-07-12T12:58:37","guid":{"rendered":"https:\/\/theinvisiblecollection.com\/?post_type=product&#038;p=3229438"},"modified":"2026-05-01T07:38:04","modified_gmt":"2026-05-01T07:38:04","slug":"once-milano-plaid-en-cachemire-et-soie-blanc-casse","status":"publish","type":"product","link":"https:\/\/theinvisiblecollection.com\/fr\/produit\/once-milano-plaid-en-cachemire-et-soie-blanc-casse\/","title":{"rendered":"Plaid en cachemire et soie blanc cass\u00e9"},"content":{"rendered":"<p style=\"text-align: justify;\">Un magnifique jet\u00e9 en cachemire et soie \u00e0 la fois confortable et \u00e9l\u00e9gant. Associant\u00a0 cachemire, soie et lin, il offre chaleur et \u00e9l\u00e9gance comme couverture et pi\u00e8ce de d\u00e9coration pour votre maison.<\/p>\n","protected":false},"excerpt":{"rendered":"<ul>\n<li>Composition : lin (50%) &#8211; cachemire gr. 115\/m\u00b2 (35%) &#8211; soie (15%)<\/li>\n<\/ul>\n","protected":false},"featured_media":3229571,"template":"","meta":{"_acf_changed":false,"content-type":"","_themeisle_gutenberg_block_has_review":false},"product_brand":[],"product_cat":[12530,19973],"product_tag":[22790],"product_designer":[],"comfabric":[],"manufacturer":[23788],"reporting_designer":[],"samplecomfabric":[],"designer_clubroom":[23792],"class_list":{"0":"post-3229438","1":"product","2":"type-product","3":"status-publish","4":"has-post-thumbnail","6":"clubroom_taxonomies-gift-room","7":"product_cat-coussins-plaids","8":"product_cat-accessoires-pour-la-maison","9":"product_tag-disponible-immediatement","10":"manufacturer-once-milano-fr","11":"clubroom_product_designer-once-milano-fr","12":"exhibitions-paris-fr","13":"exhibitions-new-york-fr","14":"exhibitions-londres-fr","16":"first","17":"instock","18":"taxable","19":"shipping-taxable","20":"purchasable","21":"product-type-simple"},"acf":[],"_links":{"self":[{"href":"https:\/\/theinvisiblecollection.com\/fr\/wp-json\/wp\/v2\/product\/3229438","targetHints":{"allow":["GET"]}}],"collection":[{"href":"https:\/\/theinvisiblecollection.com\/fr\/wp-json\/wp\/v2\/product"}],"about":[{"href":"https:\/\/theinvisiblecollection.com\/fr\/wp-json\/wp\/v2\/types\/product"}],"wp:featuredmedia":[{"embeddable":true,"href":"https:\/\/theinvisiblecollection.com\/fr\/wp-json\/wp\/v2\/media\/3229571"}],"wp:attachment":[{"href":"https:\/\/theinvisiblecollection.com\/fr\/wp-json\/wp\/v2\/media?parent=3229438"}],"wp:term":[{"taxonomy":"product_brand","embeddable":true,"href":"https:\/\/theinvisiblecollection.com\/fr\/wp-json\/wp\/v2\/product_brand?post=3229438"},{"taxonomy":"product_cat","embeddable":true,"href":"https:\/\/theinvisiblecollection.com\/fr\/wp-json\/wp\/v2\/product_cat?post=3229438"},{"taxonomy":"product_tag","embeddable":true,"href":"https:\/\/theinvisiblecollection.com\/fr\/wp-json\/wp\/v2\/product_tag?post=3229438"},{"taxonomy":"product_designer","embeddable":true,"href":"https:\/\/theinvisiblecollection.com\/fr\/wp-json\/wp\/v2\/product_designer?post=3229438"},{"taxonomy":"comfabric","embeddable":true,"href":"https:\/\/theinvisiblecollection.com\/fr\/wp-json\/wp\/v2\/comfabric?post=3229438"},{"taxonomy":"manufacturer","embeddable":true,"href":"https:\/\/theinvisiblecollection.com\/fr\/wp-json\/wp\/v2\/manufacturer?post=3229438"},{"taxonomy":"reporting_designer","embeddable":true,"href":"https:\/\/theinvisiblecollection.com\/fr\/wp-json\/wp\/v2\/reporting_designer?post=3229438"},{"taxonomy":"samplecomfabric","embeddable":true,"href":"https:\/\/theinvisiblecollection.com\/fr\/wp-json\/wp\/v2\/samplecomfabric?post=3229438"},{"taxonomy":"clubroom_product_designer","embeddable":true,"href":"https:\/\/theinvisiblecollection.com\/fr\/wp-json\/wp\/v2\/designer_clubroom?post=3229438"}],"curies":[{"name":"wp","href":"https:\/\/api.w.org\/{rel}","templated":true}]}}