{"id":3239009,"date":"2023-07-13T14:48:40","date_gmt":"2023-07-13T13:48:40","guid":{"rendered":"https:\/\/theinvisiblecollection.com\/?post_type=product&#038;p=3239009"},"modified":"2026-05-01T07:38:04","modified_gmt":"2026-05-01T07:38:04","slug":"noma-ottoman-laime","status":"publish","type":"product","link":"https:\/\/theinvisiblecollection.com\/fr\/produit\/noma-ottoman-laime\/","title":{"rendered":"Ottoman Laime"},"content":{"rendered":"<p style=\"text-align: justify;\">Laime est une collection de chauffeuses et fauteuils. C\u2019est une structure en tube d\u2019acier recycl\u00e9. Les assises et dossiers sont tapiss\u00e9s d\u2019un tissu en laine fran\u00e7aise non teint\u00e9e. Laime existe avec ou sans accoudoirs. &#8220;Travaill\u00e9 autour du coussin d\u2019assise, le fauteuil Laime est compos\u00e9 d\u2019une structure en acier tubulaire sur lequel le dossier vient se poser. L\u2019assise d\u00e9borde de la structure et semble glisser entre les tubes de m\u00e9tal. Un effet pinc\u00e9 donne une g\u00e9n\u00e9rosit\u00e9 \u00e0 l\u2019ensemble.&#8221; Charlotte Juillard<\/p>\n","protected":false},"excerpt":{"rendered":"<p>Laime est une collection de chauffeuses et fauteuils. C\u2019est une structure en tube d\u2019acier recycl\u00e9. Les assises et dossiers sont tapiss\u00e9s d\u2019un tissu en laine fran\u00e7aise non teint\u00e9e. Laime existe avec ou sans accoudoirs. &#8220;Travaill\u00e9 autour du coussin d\u2019assise, le fauteuil Laime est compos\u00e9 d\u2019une structure en acier tubulaire sur lequel le dossier vient se [&hellip;]<\/p>\n","protected":false},"featured_media":3236500,"template":"","meta":{"_acf_changed":false,"content-type":"","_themeisle_gutenberg_block_has_review":false},"product_brand":[],"product_cat":[8969,12499],"product_tag":[11335],"product_designer":[10118],"comfabric":[],"manufacturer":[20315,20335],"reporting_designer":[37571],"samplecomfabric":[],"designer_clubroom":[],"class_list":{"0":"post-3239009","1":"product","2":"type-product","3":"status-publish","4":"has-post-thumbnail","6":"product_cat-ottomans-tabourets","7":"product_cat-assises","8":"product_tag-eco-design","9":"product_designer-noma-editions-fr","10":"manufacturer-noma-atelier-armenio-fr","11":"manufacturer-noma-atelier-maam-fr","12":"reporting_designer-noma-editions","14":"first","15":"instock","16":"taxable","17":"shipping-taxable","18":"purchasable","19":"product-type-variable"},"acf":[],"_links":{"self":[{"href":"https:\/\/theinvisiblecollection.com\/fr\/wp-json\/wp\/v2\/product\/3239009","targetHints":{"allow":["GET"]}}],"collection":[{"href":"https:\/\/theinvisiblecollection.com\/fr\/wp-json\/wp\/v2\/product"}],"about":[{"href":"https:\/\/theinvisiblecollection.com\/fr\/wp-json\/wp\/v2\/types\/product"}],"wp:featuredmedia":[{"embeddable":true,"href":"https:\/\/theinvisiblecollection.com\/fr\/wp-json\/wp\/v2\/media\/3236500"}],"wp:attachment":[{"href":"https:\/\/theinvisiblecollection.com\/fr\/wp-json\/wp\/v2\/media?parent=3239009"}],"wp:term":[{"taxonomy":"product_brand","embeddable":true,"href":"https:\/\/theinvisiblecollection.com\/fr\/wp-json\/wp\/v2\/product_brand?post=3239009"},{"taxonomy":"product_cat","embeddable":true,"href":"https:\/\/theinvisiblecollection.com\/fr\/wp-json\/wp\/v2\/product_cat?post=3239009"},{"taxonomy":"product_tag","embeddable":true,"href":"https:\/\/theinvisiblecollection.com\/fr\/wp-json\/wp\/v2\/product_tag?post=3239009"},{"taxonomy":"product_designer","embeddable":true,"href":"https:\/\/theinvisiblecollection.com\/fr\/wp-json\/wp\/v2\/product_designer?post=3239009"},{"taxonomy":"comfabric","embeddable":true,"href":"https:\/\/theinvisiblecollection.com\/fr\/wp-json\/wp\/v2\/comfabric?post=3239009"},{"taxonomy":"manufacturer","embeddable":true,"href":"https:\/\/theinvisiblecollection.com\/fr\/wp-json\/wp\/v2\/manufacturer?post=3239009"},{"taxonomy":"reporting_designer","embeddable":true,"href":"https:\/\/theinvisiblecollection.com\/fr\/wp-json\/wp\/v2\/reporting_designer?post=3239009"},{"taxonomy":"samplecomfabric","embeddable":true,"href":"https:\/\/theinvisiblecollection.com\/fr\/wp-json\/wp\/v2\/samplecomfabric?post=3239009"},{"taxonomy":"clubroom_product_designer","embeddable":true,"href":"https:\/\/theinvisiblecollection.com\/fr\/wp-json\/wp\/v2\/designer_clubroom?post=3239009"}],"curies":[{"name":"wp","href":"https:\/\/api.w.org\/{rel}","templated":true}]}}