{"id":3284293,"date":"2023-07-17T14:50:47","date_gmt":"2023-07-17T13:50:47","guid":{"rendered":"https:\/\/theinvisiblecollection.com\/?post_type=product&#038;p=3284293"},"modified":"2026-05-01T07:38:04","modified_gmt":"2026-05-01T07:38:04","slug":"le-berre-vevaud-tabouret-crush-barth","status":"publish","type":"product","link":"https:\/\/theinvisiblecollection.com\/fr\/produit\/le-berre-vevaud-tabouret-crush-barth\/","title":{"rendered":"Tabouret Crush Barth"},"content":{"rendered":"<p style=\"text-align: justify;\">Le stool Barth &#8211; pi\u00e8ce embl\u00e9matique de la ligne de mobilier de Le Berre Vevaud. Un \u00e9l\u00e9ment iconique de par sa forme ronde et robuste, il repr\u00e9sente \u00e0 lui seul la d\u00e9finition de la polyvalence dans le design. Le stool Barth remplit plusieurs fonctions : tabouret, petit si\u00e8ge mais aussi table basse ou table de chevet. Le stool est revisit\u00e9 dans cette collection en \u00e9dition limit\u00e9e par l\u2019artiste Sol\u00e8ne Eloy. La mise en valeur de la mati\u00e8re par le spaltage et le laquage de l\u2019artiste conf\u00e8rent \u00e0 cette pi\u00e8ce un attrait \u00e0 la fois artistique et fonctionnel. Cr\u00e9dit photos : Stephan Julliard<\/p>\n","protected":false},"excerpt":{"rendered":"<p>Tabouret en bronze<\/p>\n<p>\u00d8 37 x H 45 cm<\/p>\n<p>Fabriqu\u00e9 \u00e0 la main en France<br \/>\nD\u00e9lais de fabrication : 12 &#8211; 14 semaines<\/p>\n<p><span style=\"text-decoration: underline;\"><a href=\"https:\/\/www.theinvisiblecollection.com\/fr\/demande-de-devis\/?product_id=66976\" target=\"_blank\" rel=\"noopener\">Contactez-nous pour toute demande de devis ou de renseignement<\/a><\/span><\/p>\n","protected":false},"featured_media":5335108,"template":"","meta":{"_acf_changed":false,"content-type":"","_themeisle_gutenberg_block_has_review":false},"product_brand":[],"product_cat":[8969,12332,12499,12503,12514],"product_tag":[9059,9275,9765],"product_designer":[8868],"comfabric":[],"manufacturer":[35599],"reporting_designer":[37160],"samplecomfabric":[],"designer_clubroom":[],"class_list":{"0":"post-3284293","1":"product","2":"type-product","3":"status-publish","4":"has-post-thumbnail","6":"product_cat-ottomans-tabourets","7":"product_cat-tables-dappoint","8":"product_cat-assises","9":"product_cat-tables-fr","10":"product_cat-tables-de-chevet","11":"product_tag-gueridon-fr-2","12":"product_tag-tabouret-fr-2","13":"product_tag-barth-fr","14":"pa_color-aubergine-fr","15":"pa_color-bleu-fr","16":"pa_color-bleu-clair","17":"pa_color-bleu-gris","18":"pa_color-couleur-jaune-fr","19":"pa_color-noir-fr","20":"product_designer-le-berre-vevaud-fr","21":"manufacturer-le-berre-vevaud-oficinna-22-pt-fr","22":"reporting_designer-le-berre-vevaud","24":"first","25":"instock","26":"taxable","27":"shipping-taxable","28":"purchasable","29":"product-type-variable"},"acf":[],"_links":{"self":[{"href":"https:\/\/theinvisiblecollection.com\/fr\/wp-json\/wp\/v2\/product\/3284293","targetHints":{"allow":["GET"]}}],"collection":[{"href":"https:\/\/theinvisiblecollection.com\/fr\/wp-json\/wp\/v2\/product"}],"about":[{"href":"https:\/\/theinvisiblecollection.com\/fr\/wp-json\/wp\/v2\/types\/product"}],"wp:featuredmedia":[{"embeddable":true,"href":"https:\/\/theinvisiblecollection.com\/fr\/wp-json\/wp\/v2\/media\/5335108"}],"wp:attachment":[{"href":"https:\/\/theinvisiblecollection.com\/fr\/wp-json\/wp\/v2\/media?parent=3284293"}],"wp:term":[{"taxonomy":"product_brand","embeddable":true,"href":"https:\/\/theinvisiblecollection.com\/fr\/wp-json\/wp\/v2\/product_brand?post=3284293"},{"taxonomy":"product_cat","embeddable":true,"href":"https:\/\/theinvisiblecollection.com\/fr\/wp-json\/wp\/v2\/product_cat?post=3284293"},{"taxonomy":"product_tag","embeddable":true,"href":"https:\/\/theinvisiblecollection.com\/fr\/wp-json\/wp\/v2\/product_tag?post=3284293"},{"taxonomy":"product_designer","embeddable":true,"href":"https:\/\/theinvisiblecollection.com\/fr\/wp-json\/wp\/v2\/product_designer?post=3284293"},{"taxonomy":"comfabric","embeddable":true,"href":"https:\/\/theinvisiblecollection.com\/fr\/wp-json\/wp\/v2\/comfabric?post=3284293"},{"taxonomy":"manufacturer","embeddable":true,"href":"https:\/\/theinvisiblecollection.com\/fr\/wp-json\/wp\/v2\/manufacturer?post=3284293"},{"taxonomy":"reporting_designer","embeddable":true,"href":"https:\/\/theinvisiblecollection.com\/fr\/wp-json\/wp\/v2\/reporting_designer?post=3284293"},{"taxonomy":"samplecomfabric","embeddable":true,"href":"https:\/\/theinvisiblecollection.com\/fr\/wp-json\/wp\/v2\/samplecomfabric?post=3284293"},{"taxonomy":"clubroom_product_designer","embeddable":true,"href":"https:\/\/theinvisiblecollection.com\/fr\/wp-json\/wp\/v2\/designer_clubroom?post=3284293"}],"curies":[{"name":"wp","href":"https:\/\/api.w.org\/{rel}","templated":true}]}}