{"id":3369034,"date":"2023-09-04T08:51:29","date_gmt":"2023-09-04T07:51:29","guid":{"rendered":"https:\/\/theinvisiblecollection.com\/?post_type=product&#038;p=3369034"},"modified":"2026-05-01T07:38:04","modified_gmt":"2026-05-01T07:38:04","slug":"le-berre-vevaud-ensemble-de-trois-tables","status":"publish","type":"product","link":"https:\/\/theinvisiblecollection.com\/fr\/produit\/le-berre-vevaud-ensemble-de-trois-tables\/","title":{"rendered":"Set De Tables Basses Alba, Gaia, Lena"},"content":{"rendered":"","protected":false},"excerpt":{"rendered":"<p>Table avec plateau en ch\u00eane noir bross\u00e9 et marbre Lilac adouci<br \/>\nPi\u00e8tement en acier laqu\u00e9 \u00e9poxy brillant, couleur Aubergine<\/p>\n<p>L 120 x l 220 x H 73 cm<\/p>\n<p>Fabriqu\u00e9e \u00e0 la main en France<br \/>\nD\u00e9lais de fabrication : 12 semaines<\/p>\n<p><span style=\"text-decoration: underline;\"><a href=\"https:\/\/www.theinvisiblecollection.com\/fr\/demande-de-devis\/?product_id=870206\" target=\"_blank\" rel=\"noopener\">Contactez-nous pour toute demande de devis ou de renseignement<\/a><\/span><\/p>\n","protected":false},"featured_media":3394377,"template":"","meta":{"_acf_changed":false,"content-type":"","_themeisle_gutenberg_block_has_review":false},"product_brand":[],"product_cat":[7509,12503],"product_tag":[7435,14925],"product_designer":[8868],"comfabric":[],"manufacturer":[35599],"reporting_designer":[37160],"samplecomfabric":[],"designer_clubroom":[],"class_list":{"0":"post-3369034","1":"product","2":"type-product","3":"status-publish","4":"has-post-thumbnail","6":"product_cat-tables-basses-dappoint","7":"product_cat-tables-fr","8":"product_tag-new-in-fr","9":"product_tag-hpfav-fr","10":"pa_choice-set-de-3","11":"pa_choice-alba-fr","12":"pa_choice-gaia-fr","13":"pa_choice-lena-fr","14":"pa_size-set-de-3-fr","15":"pa_size-alba-fr","16":"pa_size-gaia-fr","17":"pa_size-lena-fr","18":"product_designer-le-berre-vevaud-fr","19":"manufacturer-le-berre-vevaud-oficinna-22-pt-fr","20":"reporting_designer-le-berre-vevaud","22":"first","23":"instock","24":"taxable","25":"shipping-taxable","26":"purchasable","27":"product-type-variable"},"acf":[],"_links":{"self":[{"href":"https:\/\/theinvisiblecollection.com\/fr\/wp-json\/wp\/v2\/product\/3369034","targetHints":{"allow":["GET"]}}],"collection":[{"href":"https:\/\/theinvisiblecollection.com\/fr\/wp-json\/wp\/v2\/product"}],"about":[{"href":"https:\/\/theinvisiblecollection.com\/fr\/wp-json\/wp\/v2\/types\/product"}],"wp:featuredmedia":[{"embeddable":true,"href":"https:\/\/theinvisiblecollection.com\/fr\/wp-json\/wp\/v2\/media\/3394377"}],"wp:attachment":[{"href":"https:\/\/theinvisiblecollection.com\/fr\/wp-json\/wp\/v2\/media?parent=3369034"}],"wp:term":[{"taxonomy":"product_brand","embeddable":true,"href":"https:\/\/theinvisiblecollection.com\/fr\/wp-json\/wp\/v2\/product_brand?post=3369034"},{"taxonomy":"product_cat","embeddable":true,"href":"https:\/\/theinvisiblecollection.com\/fr\/wp-json\/wp\/v2\/product_cat?post=3369034"},{"taxonomy":"product_tag","embeddable":true,"href":"https:\/\/theinvisiblecollection.com\/fr\/wp-json\/wp\/v2\/product_tag?post=3369034"},{"taxonomy":"product_designer","embeddable":true,"href":"https:\/\/theinvisiblecollection.com\/fr\/wp-json\/wp\/v2\/product_designer?post=3369034"},{"taxonomy":"comfabric","embeddable":true,"href":"https:\/\/theinvisiblecollection.com\/fr\/wp-json\/wp\/v2\/comfabric?post=3369034"},{"taxonomy":"manufacturer","embeddable":true,"href":"https:\/\/theinvisiblecollection.com\/fr\/wp-json\/wp\/v2\/manufacturer?post=3369034"},{"taxonomy":"reporting_designer","embeddable":true,"href":"https:\/\/theinvisiblecollection.com\/fr\/wp-json\/wp\/v2\/reporting_designer?post=3369034"},{"taxonomy":"samplecomfabric","embeddable":true,"href":"https:\/\/theinvisiblecollection.com\/fr\/wp-json\/wp\/v2\/samplecomfabric?post=3369034"},{"taxonomy":"clubroom_product_designer","embeddable":true,"href":"https:\/\/theinvisiblecollection.com\/fr\/wp-json\/wp\/v2\/designer_clubroom?post=3369034"}],"curies":[{"name":"wp","href":"https:\/\/api.w.org\/{rel}","templated":true}]}}