{"id":3377118,"date":"2023-11-13T08:51:05","date_gmt":"2023-11-13T07:51:05","guid":{"rendered":"https:\/\/theinvisiblecollection.com\/?post_type=product&#038;p=3377118"},"modified":"2026-05-01T07:38:04","modified_gmt":"2026-05-01T07:38:04","slug":"emmanuelle-simon-table-basse-orma","status":"publish","type":"product","link":"https:\/\/theinvisiblecollection.com\/fr\/produit\/emmanuelle-simon-table-basse-orma\/","title":{"rendered":"Table Basse Orma"},"content":{"rendered":"<p style=\"text-align: justify;\"><span class=\"TextRun SCXW56544347 BCX0\" lang=\"FR-FR\" xml:lang=\"FR-FR\" data-contrast=\"auto\"><span class=\"NormalTextRun SCXW56544347 BCX0\">Dessin\u00e9e par Emmanuelle Simon, la table basse <\/span><span class=\"NormalTextRun SpellingErrorV2Themed SCXW56544347 BCX0\">O<\/span><span class=\"NormalTextRun SpellingErrorV2Themed SCXW56544347 BCX0\">rma<\/span><span class=\"NormalTextRun SCXW56544347 BCX0\"> aux courbes fluides et al\u00e9atoires est un duo qui se compl\u00e8te, s\u2019embo\u00eete et s\u2019assemble. Tant\u00f4t carr\u00e9, tant\u00f4t rectangle, elle se forme et se d\u00e9forme au gr\u00e9 de vos envies. Cet ensemble interd\u00e9pendant se d\u00e9place tel un tandem, \u00e0 la fois uni et libre.<\/span><\/span><span class=\"EOP SCXW56544347 BCX0\" data-ccp-props=\"{&quot;201341983&quot;:0,&quot;335559740&quot;:259}\">\u00a0<\/span><\/p>\n","protected":false},"excerpt":{"rendered":"<p>Fauteuil en ch\u00eane massif bross\u00e9 et tissus<br \/>\nPhotographi\u00e9 ici en Dedar Karakorum \u00c9cume<br \/>\n<a href=\"https:\/\/theinvisiblecollection.com\/wp-content\/uploads\/2022\/11\/TheInvisibleCollection_EmmanuelleSimon_Fabric_Selection1.pdf\" target=\"_blank\" rel=\"noopener\"><span style=\"text-decoration: underline;\">D\u00e9couvrez la s\u00e9lection de tissus ici<\/span><\/a><\/p>\n<p>L 129 x l 98 x H 71 cm<br \/>\nHauteur d&#8217;assise : 40 cm<\/p>\n<p>Fabriqu\u00e9 \u00e0 la main en France<br \/>\nD\u00e9lais de production : 18 &#8211; 20 semaines<\/p>\n<p class=\"p1\"><span style=\"text-decoration: underline;\"><span class=\"s1\"><a href=\"https:\/\/www.theinvisiblecollection.com\/fr\/demande-de-devis\/?product_id=56955\">Contactez-nous pour toute demande de devis ou de renseignements<\/a><\/span><\/span><\/p>\n","protected":false},"featured_media":3459536,"template":"","meta":{"_acf_changed":false,"content-type":"","_themeisle_gutenberg_block_has_review":false},"product_brand":[],"product_cat":[7509,12503],"product_tag":[9066,10255,14925,31477],"product_designer":[8897],"comfabric":[],"manufacturer":[28580],"reporting_designer":[37271],"samplecomfabric":[],"designer_clubroom":[],"class_list":{"0":"post-3377118","1":"product","2":"type-product","3":"status-publish","4":"has-post-thumbnail","6":"product_cat-tables-basses-dappoint","7":"product_cat-tables-fr","8":"product_tag-table-basse","9":"product_tag-salon-fr-4","10":"product_tag-hpfav-fr","11":"product_tag-st-curvy-fr","12":"product_designer-emmanuelle-simon-fr","13":"manufacturer-laval-pick-up-emmanuelle-simon-fr","14":"reporting_designer-emmanuelle-simon","16":"first","17":"instock","18":"taxable","19":"shipping-taxable","20":"purchasable","21":"product-type-simple"},"acf":[],"_links":{"self":[{"href":"https:\/\/theinvisiblecollection.com\/fr\/wp-json\/wp\/v2\/product\/3377118","targetHints":{"allow":["GET"]}}],"collection":[{"href":"https:\/\/theinvisiblecollection.com\/fr\/wp-json\/wp\/v2\/product"}],"about":[{"href":"https:\/\/theinvisiblecollection.com\/fr\/wp-json\/wp\/v2\/types\/product"}],"wp:featuredmedia":[{"embeddable":true,"href":"https:\/\/theinvisiblecollection.com\/fr\/wp-json\/wp\/v2\/media\/3459536"}],"wp:attachment":[{"href":"https:\/\/theinvisiblecollection.com\/fr\/wp-json\/wp\/v2\/media?parent=3377118"}],"wp:term":[{"taxonomy":"product_brand","embeddable":true,"href":"https:\/\/theinvisiblecollection.com\/fr\/wp-json\/wp\/v2\/product_brand?post=3377118"},{"taxonomy":"product_cat","embeddable":true,"href":"https:\/\/theinvisiblecollection.com\/fr\/wp-json\/wp\/v2\/product_cat?post=3377118"},{"taxonomy":"product_tag","embeddable":true,"href":"https:\/\/theinvisiblecollection.com\/fr\/wp-json\/wp\/v2\/product_tag?post=3377118"},{"taxonomy":"product_designer","embeddable":true,"href":"https:\/\/theinvisiblecollection.com\/fr\/wp-json\/wp\/v2\/product_designer?post=3377118"},{"taxonomy":"comfabric","embeddable":true,"href":"https:\/\/theinvisiblecollection.com\/fr\/wp-json\/wp\/v2\/comfabric?post=3377118"},{"taxonomy":"manufacturer","embeddable":true,"href":"https:\/\/theinvisiblecollection.com\/fr\/wp-json\/wp\/v2\/manufacturer?post=3377118"},{"taxonomy":"reporting_designer","embeddable":true,"href":"https:\/\/theinvisiblecollection.com\/fr\/wp-json\/wp\/v2\/reporting_designer?post=3377118"},{"taxonomy":"samplecomfabric","embeddable":true,"href":"https:\/\/theinvisiblecollection.com\/fr\/wp-json\/wp\/v2\/samplecomfabric?post=3377118"},{"taxonomy":"clubroom_product_designer","embeddable":true,"href":"https:\/\/theinvisiblecollection.com\/fr\/wp-json\/wp\/v2\/designer_clubroom?post=3377118"}],"curies":[{"name":"wp","href":"https:\/\/api.w.org\/{rel}","templated":true}]}}