{"id":3393446,"date":"2023-07-26T11:31:30","date_gmt":"2023-07-26T10:31:30","guid":{"rendered":"https:\/\/theinvisiblecollection.com\/?post_type=product&#038;p=3393446"},"modified":"2026-05-01T07:38:01","modified_gmt":"2026-05-01T07:38:01","slug":"louise-liljencrenz-table-basse-ssu-02-cerisier","status":"publish","type":"product","link":"https:\/\/theinvisiblecollection.com\/fr\/produit\/louise-liljencrenz-table-basse-ssu-02-cerisier\/","title":{"rendered":"Table basse SSU 02 Cerisier"},"content":{"rendered":"<p style=\"text-align: justify;\">Cette table basse en bois massif sera la touche finale d&#8217;un salon impeccablement d\u00e9cor\u00e9. La designer su\u00e9doise Louise Liljencrantz a cr\u00e9\u00e9 une pi\u00e8ce qui donne une impression de robustesse \u00e9l\u00e9gante et en m\u00eame temps de l\u00e9g\u00e8ret\u00e9 d\u00e9licate, \u00e0 mesure que le plateau diminue progressivement vers sa base. La table basse Sunny Side Up est disponible en noyer ou acajou.<\/p>\n","protected":false},"excerpt":{"rendered":"<p>Table en Noyer, Mappa Burl ou Acajou<br \/>\n<a href=\"https:\/\/theinvisiblecollection.com\/wp-content\/uploads\/2022\/12\/TheInvisibleCollection_Veermakers_Liljencrantz_WoodSelection_SSUCoffeeTable.jpg\" target=\"_blank\" rel=\"noopener\"><span style=\"text-decoration: underline;\">D\u00e9couvrez la s\u00e9lection de bois ici<\/span><\/a><br \/>\nFinitions : bois massif avec angles graduels selon le rayon, cire \u00e0 base d&#8217;huile pigment\u00e9e<br \/>\nDisponible avec les <a href=\"https:\/\/theinvisiblecollection.com\/wp-content\/uploads\/2022\/12\/TheInvisibleCollection_Veermakers_Liljencrantz_WoodSelection_SSUCoffeeTable_Rough_Smooth.jpg\" target=\"_blank\" rel=\"noopener\"><span style=\"text-decoration: underline;\">c\u00f4t\u00e9s lisses ou rugueux<\/span><\/a><br \/>\nDimensions sur-mesure sur demande<\/p>\n<p>Disponible en deux dimensions:<br \/>\nMedium : L 150 x l 96 x H 30 cm<br \/>\nLarge : L 180 x l 110 x H 30 cm<\/p>\n<p>Fabriqu\u00e9e \u00e0 la main \u00e0 Stockholm, en Su\u00e8de<br \/>\nD\u00e9lais de fabrication : 12 &#8211; 14 semaines<\/p>\n<p class=\"p1\"><span style=\"text-decoration: underline;\"><span class=\"s1\"><a href=\"https:\/\/www.theinvisiblecollection.com\/fr\/demande-de-devis\/?product_id=39384\">Contactez-nous pour toute demande de devis ou de renseignements<\/a><\/span><\/span><\/p>\n","protected":false},"featured_media":3393575,"template":"","meta":{"_acf_changed":false,"content-type":"","_themeisle_gutenberg_block_has_review":false},"product_brand":[],"product_cat":[7509,12503],"product_tag":[10268,12464,12465],"product_designer":[8899],"comfabric":[],"manufacturer":[32679],"reporting_designer":[],"samplecomfabric":[],"designer_clubroom":[],"class_list":{"0":"post-3393446","1":"product","2":"type-product","3":"status-publish","4":"has-post-thumbnail","6":"product_cat-tables-basses-dappoint","7":"product_cat-tables-fr","8":"product_tag-louise-liljencrantz-fr-fr","9":"product_tag-liljencrantz-fr","10":"product_tag-walnut-fr","11":"pa_size-grand-fr","12":"pa_size-moyen","13":"product_designer-veermakers-par-louise-liljencrantz-fr","14":"manufacturer-louise-liljencrantz-finland-atelier-fr","16":"first","17":"instock","18":"featured","19":"taxable","20":"shipping-taxable","21":"purchasable","22":"product-type-variable"},"acf":[],"_links":{"self":[{"href":"https:\/\/theinvisiblecollection.com\/fr\/wp-json\/wp\/v2\/product\/3393446","targetHints":{"allow":["GET"]}}],"collection":[{"href":"https:\/\/theinvisiblecollection.com\/fr\/wp-json\/wp\/v2\/product"}],"about":[{"href":"https:\/\/theinvisiblecollection.com\/fr\/wp-json\/wp\/v2\/types\/product"}],"wp:featuredmedia":[{"embeddable":true,"href":"https:\/\/theinvisiblecollection.com\/fr\/wp-json\/wp\/v2\/media\/3393575"}],"wp:attachment":[{"href":"https:\/\/theinvisiblecollection.com\/fr\/wp-json\/wp\/v2\/media?parent=3393446"}],"wp:term":[{"taxonomy":"product_brand","embeddable":true,"href":"https:\/\/theinvisiblecollection.com\/fr\/wp-json\/wp\/v2\/product_brand?post=3393446"},{"taxonomy":"product_cat","embeddable":true,"href":"https:\/\/theinvisiblecollection.com\/fr\/wp-json\/wp\/v2\/product_cat?post=3393446"},{"taxonomy":"product_tag","embeddable":true,"href":"https:\/\/theinvisiblecollection.com\/fr\/wp-json\/wp\/v2\/product_tag?post=3393446"},{"taxonomy":"product_designer","embeddable":true,"href":"https:\/\/theinvisiblecollection.com\/fr\/wp-json\/wp\/v2\/product_designer?post=3393446"},{"taxonomy":"comfabric","embeddable":true,"href":"https:\/\/theinvisiblecollection.com\/fr\/wp-json\/wp\/v2\/comfabric?post=3393446"},{"taxonomy":"manufacturer","embeddable":true,"href":"https:\/\/theinvisiblecollection.com\/fr\/wp-json\/wp\/v2\/manufacturer?post=3393446"},{"taxonomy":"reporting_designer","embeddable":true,"href":"https:\/\/theinvisiblecollection.com\/fr\/wp-json\/wp\/v2\/reporting_designer?post=3393446"},{"taxonomy":"samplecomfabric","embeddable":true,"href":"https:\/\/theinvisiblecollection.com\/fr\/wp-json\/wp\/v2\/samplecomfabric?post=3393446"},{"taxonomy":"clubroom_product_designer","embeddable":true,"href":"https:\/\/theinvisiblecollection.com\/fr\/wp-json\/wp\/v2\/designer_clubroom?post=3393446"}],"curies":[{"name":"wp","href":"https:\/\/api.w.org\/{rel}","templated":true}]}}