{"id":3458880,"date":"2023-08-04T08:52:47","date_gmt":"2023-08-04T07:52:47","guid":{"rendered":"https:\/\/theinvisiblecollection.com\/?post_type=product&#038;p=3458880"},"modified":"2026-05-01T07:38:01","modified_gmt":"2026-05-01T07:38:01","slug":"floris-wubben-galerie-jag-tabouret-en-resine-modele-quatre-rose-fumee","status":"publish","type":"product","link":"https:\/\/theinvisiblecollection.com\/fr\/produit\/floris-wubben-galerie-jag-tabouret-en-resine-modele-quatre-rose-fumee\/","title":{"rendered":"Tabouret en R\u00e9sine Mod\u00e8le 4 &#8211; Rose Fum\u00e9e"},"content":{"rendered":"<p style=\"text-align: justify;\">Les objets uniques et en s\u00e9rie du Studio Floris Wubben sont fabriqu\u00e9s dans ses propres ateliers dans un style fonctionnel et sculptural. La combinaison de l&#8217;utilisation de mat\u00e9riaux naturels comme la c\u00e9ramique, et l&#8217;influence du designer sur le d\u00e9veloppement de fabrication donnent des formes de caract\u00e8re.<\/p>\n<p data-pm-slice=\"1 1 []\">Projet de Marie Sophie Roussel photographi\u00e9 par Harry Crowder.<\/p>\n","protected":false},"excerpt":{"rendered":"<p>Floris Wubben x Galerie JAG<br \/>\nPi\u00e8ce unique<br \/>\nTabouret en r\u00e9sine fait \u00e0 la main, avec une couche d&#8217;epoxy comme finition<\/p>\n<p>\u00d8 40 x H 42 cm<\/p>\n<div style=\"text-align: justify;\">Fabriqu\u00e9e \u00e0 la main en Hollande<\/div>\n<p style=\"text-align: justify;\"><span style=\"text-decoration: underline;\"><a href=\"https:\/\/www.theinvisiblecollection.com\/fr\/demande-de-devis\/?product_id=67545\" target=\"_blank\" rel=\"noopener\">Contactez-nous pour toute demande de devis ou de renseignements<\/a><\/span><\/p>\n","protected":false},"featured_media":3459133,"template":"","meta":{"_acf_changed":false,"content-type":"","_themeisle_gutenberg_block_has_review":false},"product_brand":[],"product_cat":[8969,12332,12499,12503,12514],"product_tag":[14925,31475,31477],"product_designer":[32939],"comfabric":[],"manufacturer":[21677],"reporting_designer":[37151],"samplecomfabric":[],"designer_clubroom":[],"class_list":{"0":"post-3458880","1":"product","2":"type-product","3":"status-publish","4":"has-post-thumbnail","6":"product_cat-ottomans-tabourets","7":"product_cat-tables-dappoint","8":"product_cat-assises","9":"product_cat-tables-fr","10":"product_cat-tables-de-chevet","11":"product_tag-hpfav-fr","12":"product_tag-st-ceramic-fr","13":"product_tag-st-curvy-fr","14":"product_designer-floris-wubben-fr","15":"manufacturer-floris-wubben-atelier-fr","16":"reporting_designer-floris-wubben","17":"exhibitions-new-york-fr","19":"first","20":"onbackorder","21":"taxable","22":"shipping-taxable","23":"purchasable","24":"product-type-simple"},"acf":[],"_links":{"self":[{"href":"https:\/\/theinvisiblecollection.com\/fr\/wp-json\/wp\/v2\/product\/3458880","targetHints":{"allow":["GET"]}}],"collection":[{"href":"https:\/\/theinvisiblecollection.com\/fr\/wp-json\/wp\/v2\/product"}],"about":[{"href":"https:\/\/theinvisiblecollection.com\/fr\/wp-json\/wp\/v2\/types\/product"}],"wp:featuredmedia":[{"embeddable":true,"href":"https:\/\/theinvisiblecollection.com\/fr\/wp-json\/wp\/v2\/media\/3459133"}],"wp:attachment":[{"href":"https:\/\/theinvisiblecollection.com\/fr\/wp-json\/wp\/v2\/media?parent=3458880"}],"wp:term":[{"taxonomy":"product_brand","embeddable":true,"href":"https:\/\/theinvisiblecollection.com\/fr\/wp-json\/wp\/v2\/product_brand?post=3458880"},{"taxonomy":"product_cat","embeddable":true,"href":"https:\/\/theinvisiblecollection.com\/fr\/wp-json\/wp\/v2\/product_cat?post=3458880"},{"taxonomy":"product_tag","embeddable":true,"href":"https:\/\/theinvisiblecollection.com\/fr\/wp-json\/wp\/v2\/product_tag?post=3458880"},{"taxonomy":"product_designer","embeddable":true,"href":"https:\/\/theinvisiblecollection.com\/fr\/wp-json\/wp\/v2\/product_designer?post=3458880"},{"taxonomy":"comfabric","embeddable":true,"href":"https:\/\/theinvisiblecollection.com\/fr\/wp-json\/wp\/v2\/comfabric?post=3458880"},{"taxonomy":"manufacturer","embeddable":true,"href":"https:\/\/theinvisiblecollection.com\/fr\/wp-json\/wp\/v2\/manufacturer?post=3458880"},{"taxonomy":"reporting_designer","embeddable":true,"href":"https:\/\/theinvisiblecollection.com\/fr\/wp-json\/wp\/v2\/reporting_designer?post=3458880"},{"taxonomy":"samplecomfabric","embeddable":true,"href":"https:\/\/theinvisiblecollection.com\/fr\/wp-json\/wp\/v2\/samplecomfabric?post=3458880"},{"taxonomy":"clubroom_product_designer","embeddable":true,"href":"https:\/\/theinvisiblecollection.com\/fr\/wp-json\/wp\/v2\/designer_clubroom?post=3458880"}],"curies":[{"name":"wp","href":"https:\/\/api.w.org\/{rel}","templated":true}]}}