{"id":3514444,"date":"2024-07-17T08:52:33","date_gmt":"2024-07-17T08:52:33","guid":{"rendered":"https:\/\/theinvisiblecollection.com\/?post_type=product&#038;p=3514444"},"modified":"2026-05-01T07:38:01","modified_gmt":"2026-05-01T07:38:01","slug":"pierre-augustin-rose-meridienne","status":"publish","type":"product","link":"https:\/\/theinvisiblecollection.com\/fr\/produit\/pierre-augustin-rose-meridienne\/","title":{"rendered":"M\u00e9ridienne Canap\u00e9"},"content":{"rendered":"<p style=\"text-align: justify;\"><span dir=\"ltr\" role=\"presentation\">V<\/span><span dir=\"ltr\" role=\"presentation\">ersion ludique d&#8217;une causeuse, le grand <\/span><span dir=\"ltr\" role=\"presentation\">dossier incurv\u00e9 du canap\u00e9 Vend\u00f4me de Pierre Augustin Rose enveloppe <\/span><span dir=\"ltr\" role=\"presentation\">deux assises dans le confort et l\u2019intimit\u00e9.<\/span><\/p>\n","protected":false},"excerpt":{"rendered":"<p>Canap\u00e9 photographi\u00e9 ici en tissu Teddy Mohair de Pierre Frey, couleur miel<br \/>\n<a href=\"https:\/\/theinvisiblecollection.com\/wp-content\/uploads\/2022\/02\/TheInvisibleCollection_PierreAugustinRose_PierreFrey_FabricSelection_SofaVendome.pdf\" target=\"_blank\" rel=\"noopener\"><span style=\"text-decoration: underline;\">D\u00e9couvrez la s\u00e9lection de tissus Pierre Frey<\/span><\/a><br \/>\n\u00c9galement disponible en blanc sans tissu<br \/>\nDimensions sur-mesure sur demande<\/p>\n<p>Trois dimensions disponibles :<br \/>\nL 280 x P 105 x H 69 cm<br \/>\nTissu requis : 12 m<br \/>\nComprend 3 coussins de dossier &amp; 2 petits coussins (30 x 30 cm)<br \/>\nL 320 x P 105 x H 69 cm<br \/>\nTissu requis : 13 m<br \/>\nComprend 4 coussins de dossier &amp; 3 petits coussins (30 x 30 cm)<br \/>\nL 360 x P 105 x H 69 cm<br \/>\nTissu requis : 14 m<br \/>\nComprend 4 coussins de dossier &amp; 3 petits coussins (30 x 30 cm)<\/p>\n<p>Hauteur d&#8217;assise : 43 cm<br \/>\nProfondeur d&#8217;assise : 70 cm<\/p>\n<p>Fabriqu\u00e9 \u00e0 la main en Europe<br \/>\nD\u00e9lais de production : 12 &#8211; 14 semaines<\/p>\n<p><span style=\"text-decoration: underline;\"><a href=\"https:\/\/www.theinvisiblecollection.com\/fr\/demande-de-devis\/?product_id=154624\" target=\"_blank\" rel=\"noopener\">Contactez-nous pour toute demande de devis ou de renseignement<\/a><\/span><\/p>\n","protected":false},"featured_media":3514469,"template":"","meta":{"_acf_changed":false,"content-type":"","_themeisle_gutenberg_block_has_review":false},"product_brand":[],"product_cat":[8973,8976,12499,12501],"product_tag":[14925,31474,31477,35206],"product_designer":[8908],"comfabric":[29018],"manufacturer":[16828],"reporting_designer":[37607],"samplecomfabric":[30018],"designer_clubroom":[],"class_list":{"0":"post-3514444","1":"product","2":"type-product","3":"status-publish","4":"has-post-thumbnail","6":"product_cat-canapes-lits","7":"product_cat-canapes","8":"product_cat-assises","9":"product_cat-chambre-a-coucher","10":"product_tag-hpfav-fr","11":"product_tag-co-white-fr","12":"product_tag-st-curvy-fr","13":"product_tag-exclusive-fr","14":"pa_fabric-en-blanc-sans-tissu-fr","15":"pa_fabric-pierre-frey-angkor-fr","16":"pa_fabric-pierre-frey-arsene-fr","17":"pa_fabric-pierre-frey-loft-fr","18":"pa_fabric-pierre-frey-opio-fr","19":"pa_fabric-pierre-frey-valreas-fr","20":"pa_fabric-pierre-frey-teddy-mohair-fr","21":"product_designer-pierre-augustin-rose-fr","22":"comfabric-pierre-augustin-rose-fr","23":"manufacturer-charvin-logistics-saint-ouen-la-ex-egetra-fr","24":"reporting_designer-pierre-augustin-rose","25":"samplecomfabric-pierre-augustin-rose-fr","27":"first","28":"instock","29":"taxable","30":"shipping-taxable","31":"purchasable","32":"product-type-variable"},"acf":[],"_links":{"self":[{"href":"https:\/\/theinvisiblecollection.com\/fr\/wp-json\/wp\/v2\/product\/3514444","targetHints":{"allow":["GET"]}}],"collection":[{"href":"https:\/\/theinvisiblecollection.com\/fr\/wp-json\/wp\/v2\/product"}],"about":[{"href":"https:\/\/theinvisiblecollection.com\/fr\/wp-json\/wp\/v2\/types\/product"}],"wp:featuredmedia":[{"embeddable":true,"href":"https:\/\/theinvisiblecollection.com\/fr\/wp-json\/wp\/v2\/media\/3514469"}],"wp:attachment":[{"href":"https:\/\/theinvisiblecollection.com\/fr\/wp-json\/wp\/v2\/media?parent=3514444"}],"wp:term":[{"taxonomy":"product_brand","embeddable":true,"href":"https:\/\/theinvisiblecollection.com\/fr\/wp-json\/wp\/v2\/product_brand?post=3514444"},{"taxonomy":"product_cat","embeddable":true,"href":"https:\/\/theinvisiblecollection.com\/fr\/wp-json\/wp\/v2\/product_cat?post=3514444"},{"taxonomy":"product_tag","embeddable":true,"href":"https:\/\/theinvisiblecollection.com\/fr\/wp-json\/wp\/v2\/product_tag?post=3514444"},{"taxonomy":"product_designer","embeddable":true,"href":"https:\/\/theinvisiblecollection.com\/fr\/wp-json\/wp\/v2\/product_designer?post=3514444"},{"taxonomy":"comfabric","embeddable":true,"href":"https:\/\/theinvisiblecollection.com\/fr\/wp-json\/wp\/v2\/comfabric?post=3514444"},{"taxonomy":"manufacturer","embeddable":true,"href":"https:\/\/theinvisiblecollection.com\/fr\/wp-json\/wp\/v2\/manufacturer?post=3514444"},{"taxonomy":"reporting_designer","embeddable":true,"href":"https:\/\/theinvisiblecollection.com\/fr\/wp-json\/wp\/v2\/reporting_designer?post=3514444"},{"taxonomy":"samplecomfabric","embeddable":true,"href":"https:\/\/theinvisiblecollection.com\/fr\/wp-json\/wp\/v2\/samplecomfabric?post=3514444"},{"taxonomy":"clubroom_product_designer","embeddable":true,"href":"https:\/\/theinvisiblecollection.com\/fr\/wp-json\/wp\/v2\/designer_clubroom?post=3514444"}],"curies":[{"name":"wp","href":"https:\/\/api.w.org\/{rel}","templated":true}]}}