{"id":3529438,"date":"2023-08-09T13:39:45","date_gmt":"2023-08-09T12:39:45","guid":{"rendered":"https:\/\/theinvisiblecollection.com\/?post_type=product&#038;p=3529438"},"modified":"2026-05-08T04:39:16","modified_gmt":"2026-05-08T04:39:16","slug":"ingot-objects-set-de-2-verres-email-cendre-sans-pied","status":"publish","type":"product","link":"https:\/\/theinvisiblecollection.com\/fr\/produit\/ingot-objects-set-de-2-verres-email-cendre-sans-pied\/","title":{"rendered":"Set de 2 Verres \u00c9mail Cendr\u00e9 Sans Pied"},"content":{"rendered":"<p style=\"text-align: justify;\">Duo de gobelets labor\u00e9 dans une argile de gr\u00e8s, \u00e0 base de cendres de bois. Les cendres ont \u00e9t\u00e9 r\u00e9colt\u00e9es lors de l&#8217;entretien de r\u00e9serves naturelles pour favoriser la croissance de prairies de fleurs.<\/p>\n","protected":false},"excerpt":{"rendered":"<ul>\n<li>Composition : porcelaine textur\u00e9e avec une gla\u00e7ure cendre de bois de pommier<\/li>\n<\/ul>\n","protected":false},"featured_media":3529671,"template":"","meta":{"_acf_changed":false,"content-type":"","_themeisle_gutenberg_block_has_review":false},"product_brand":[],"product_cat":[19981,19982],"product_tag":[22790],"product_designer":[],"comfabric":[],"manufacturer":[21586],"reporting_designer":[],"samplecomfabric":[],"designer_clubroom":[21590],"class_list":{"0":"post-3529438","1":"product","2":"type-product","3":"status-publish","4":"has-post-thumbnail","6":"clubroom_taxonomies-gift-room","7":"product_cat-art-de-la-table","8":"product_cat-tasse-a-the-et-mugs","9":"product_tag-disponible-immediatement","10":"manufacturer-ingot-objects-fr","11":"clubroom_product_designer-ingot-objects-fr","12":"exhibitions-paris-fr","14":"first","15":"instock","16":"taxable","17":"shipping-taxable","18":"purchasable","19":"product-type-simple"},"acf":[],"_links":{"self":[{"href":"https:\/\/theinvisiblecollection.com\/fr\/wp-json\/wp\/v2\/product\/3529438","targetHints":{"allow":["GET"]}}],"collection":[{"href":"https:\/\/theinvisiblecollection.com\/fr\/wp-json\/wp\/v2\/product"}],"about":[{"href":"https:\/\/theinvisiblecollection.com\/fr\/wp-json\/wp\/v2\/types\/product"}],"wp:featuredmedia":[{"embeddable":true,"href":"https:\/\/theinvisiblecollection.com\/fr\/wp-json\/wp\/v2\/media\/3529671"}],"wp:attachment":[{"href":"https:\/\/theinvisiblecollection.com\/fr\/wp-json\/wp\/v2\/media?parent=3529438"}],"wp:term":[{"taxonomy":"product_brand","embeddable":true,"href":"https:\/\/theinvisiblecollection.com\/fr\/wp-json\/wp\/v2\/product_brand?post=3529438"},{"taxonomy":"product_cat","embeddable":true,"href":"https:\/\/theinvisiblecollection.com\/fr\/wp-json\/wp\/v2\/product_cat?post=3529438"},{"taxonomy":"product_tag","embeddable":true,"href":"https:\/\/theinvisiblecollection.com\/fr\/wp-json\/wp\/v2\/product_tag?post=3529438"},{"taxonomy":"product_designer","embeddable":true,"href":"https:\/\/theinvisiblecollection.com\/fr\/wp-json\/wp\/v2\/product_designer?post=3529438"},{"taxonomy":"comfabric","embeddable":true,"href":"https:\/\/theinvisiblecollection.com\/fr\/wp-json\/wp\/v2\/comfabric?post=3529438"},{"taxonomy":"manufacturer","embeddable":true,"href":"https:\/\/theinvisiblecollection.com\/fr\/wp-json\/wp\/v2\/manufacturer?post=3529438"},{"taxonomy":"reporting_designer","embeddable":true,"href":"https:\/\/theinvisiblecollection.com\/fr\/wp-json\/wp\/v2\/reporting_designer?post=3529438"},{"taxonomy":"samplecomfabric","embeddable":true,"href":"https:\/\/theinvisiblecollection.com\/fr\/wp-json\/wp\/v2\/samplecomfabric?post=3529438"},{"taxonomy":"clubroom_product_designer","embeddable":true,"href":"https:\/\/theinvisiblecollection.com\/fr\/wp-json\/wp\/v2\/designer_clubroom?post=3529438"}],"curies":[{"name":"wp","href":"https:\/\/api.w.org\/{rel}","templated":true}]}}