{"id":35658,"date":"2016-04-22T00:00:00","date_gmt":"2016-04-22T00:00:00","guid":{"rendered":"https:\/\/www.theinvisiblecollection.com\/product\/applique-cube\/"},"modified":"2026-05-08T04:41:24","modified_gmt":"2026-05-08T04:41:24","slug":"jerome-faillant-dumas-applique-cube","status":"publish","type":"product","link":"https:\/\/theinvisiblecollection.com\/fr\/produit\/jerome-faillant-dumas-applique-cube\/","title":{"rendered":"Applique Cube"},"content":{"rendered":"<p style=\"text-align: justify;\"><span class=\"TextRun SCXW224633651 BCX0\" lang=\"FR-FR\" xml:lang=\"FR-FR\" data-contrast=\"auto\"><span class=\"NormalTextRun SCXW224633651 BCX0\">L\u2019Applique Cube de J\u00e9r\u00f4me Faillant-Dumas na\u00eet d\u2019une vision po\u00e9tique : une accumulation de cubes lumineux \u00e9voquant un ciel \u00e9toil\u00e9. Compos\u00e9e de deux cubes jouant avec des mat\u00e9riaux nobles \u2014 alb\u00e2tre, pl\u00e2tre et laiton \u2014 cette lampe allie modernit\u00e9 et po\u00e9sie lumineuse.\u00a0<\/span><\/span><span class=\"EOP SCXW224633651 BCX0\" data-ccp-props=\"{&quot;134233117&quot;:false,&quot;134233118&quot;:false,&quot;201341983&quot;:0,&quot;335551550&quot;:1,&quot;335551620&quot;:1,&quot;335559685&quot;:0,&quot;335559737&quot;:0,&quot;335559738&quot;:0,&quot;335559739&quot;:160,&quot;335559740&quot;:279}\">\u00a0<\/span><\/p>\n","protected":false},"excerpt":{"rendered":"<p>Applique en alb\u00e2tre et pl\u00e2tre<br \/>\n\u00c9galement disponible en alb\u00e2tre et laiton dor\u00e9 ou alb\u00e2tre et chrome<br \/>\nAutres finitions sur mesure sur demande<\/p>\n<p>L 12.5 x l 13 x H 22.5 cm<\/p>\n<p>Fabriqu\u00e9e \u00e0 la main en France<br \/>\nD\u00e9lais de fabrication : 12 &#8211; 14 semaines<\/p>\n<p><span style=\"text-decoration: underline;\"><span class=\"s1\"><a href=\"https:\/\/www.theinvisiblecollection.com\/fr\/demande-de-devis\/?product_id=35658\">Contactez-nous pour toute demande de devis ou de renseignements<\/a><\/span><\/span><\/p>\n","protected":false},"featured_media":532140,"template":"","meta":{"_acf_changed":false,"content-type":"","_themeisle_gutenberg_block_has_review":false},"product_brand":[],"product_cat":[8975,12507],"product_tag":[10389,31474,8990,8993,9200,9553,9785],"product_designer":[8887],"comfabric":[],"manufacturer":[],"reporting_designer":[37606],"samplecomfabric":[],"designer_clubroom":[],"class_list":{"0":"post-35658","1":"product","2":"type-product","3":"status-publish","4":"has-post-thumbnail","6":"product_cat-appliques-murales","7":"product_cat-luminaires","8":"product_tag-jerome-faillant-dumas-fr-fr","9":"product_tag-co-white-fr","10":"product_tag-applique-murale","11":"product_tag-salon","12":"product_tag-luminaire-fr-2","13":"product_tag-geometrique","14":"product_tag-platre","15":"pa_material-albatre-et-chrome","16":"pa_material-albatre-et-laiton-dore","17":"pa_material-albatre-et-platre","18":"product_designer-jerome-faillant-dumas-fr","19":"reporting_designer-jerome-faillant-dumas","21":"first","22":"instock","23":"taxable","24":"shipping-taxable","25":"product-type-variable"},"acf":[],"_links":{"self":[{"href":"https:\/\/theinvisiblecollection.com\/fr\/wp-json\/wp\/v2\/product\/35658","targetHints":{"allow":["GET"]}}],"collection":[{"href":"https:\/\/theinvisiblecollection.com\/fr\/wp-json\/wp\/v2\/product"}],"about":[{"href":"https:\/\/theinvisiblecollection.com\/fr\/wp-json\/wp\/v2\/types\/product"}],"wp:featuredmedia":[{"embeddable":true,"href":"https:\/\/theinvisiblecollection.com\/fr\/wp-json\/wp\/v2\/media\/532140"}],"wp:attachment":[{"href":"https:\/\/theinvisiblecollection.com\/fr\/wp-json\/wp\/v2\/media?parent=35658"}],"wp:term":[{"taxonomy":"product_brand","embeddable":true,"href":"https:\/\/theinvisiblecollection.com\/fr\/wp-json\/wp\/v2\/product_brand?post=35658"},{"taxonomy":"product_cat","embeddable":true,"href":"https:\/\/theinvisiblecollection.com\/fr\/wp-json\/wp\/v2\/product_cat?post=35658"},{"taxonomy":"product_tag","embeddable":true,"href":"https:\/\/theinvisiblecollection.com\/fr\/wp-json\/wp\/v2\/product_tag?post=35658"},{"taxonomy":"product_designer","embeddable":true,"href":"https:\/\/theinvisiblecollection.com\/fr\/wp-json\/wp\/v2\/product_designer?post=35658"},{"taxonomy":"comfabric","embeddable":true,"href":"https:\/\/theinvisiblecollection.com\/fr\/wp-json\/wp\/v2\/comfabric?post=35658"},{"taxonomy":"manufacturer","embeddable":true,"href":"https:\/\/theinvisiblecollection.com\/fr\/wp-json\/wp\/v2\/manufacturer?post=35658"},{"taxonomy":"reporting_designer","embeddable":true,"href":"https:\/\/theinvisiblecollection.com\/fr\/wp-json\/wp\/v2\/reporting_designer?post=35658"},{"taxonomy":"samplecomfabric","embeddable":true,"href":"https:\/\/theinvisiblecollection.com\/fr\/wp-json\/wp\/v2\/samplecomfabric?post=35658"},{"taxonomy":"clubroom_product_designer","embeddable":true,"href":"https:\/\/theinvisiblecollection.com\/fr\/wp-json\/wp\/v2\/designer_clubroom?post=35658"}],"curies":[{"name":"wp","href":"https:\/\/api.w.org\/{rel}","templated":true}]}}