{"id":35666,"date":"2020-02-25T00:00:00","date_gmt":"2020-02-25T00:00:00","guid":{"rendered":"https:\/\/www.theinvisiblecollection.com\/product\/applique-enso\/"},"modified":"2026-05-01T07:40:10","modified_gmt":"2026-05-01T07:40:10","slug":"gustavo-neves-applique-enso","status":"publish","type":"product","link":"https:\/\/theinvisiblecollection.com\/fr\/produit\/gustavo-neves-applique-enso\/","title":{"rendered":"Applique Enso (Pr\u00e9-Commande)"},"content":{"rendered":"","protected":false},"excerpt":{"rendered":"<p>\u00c9dition Limit\u00e9e de 8 pi\u00e8ces + 4 Preuves d\u2019Artiste<br \/>\nApplique en bronze et s\u00e9l\u00e9nite blanche<br \/>\nAmpoule incluse<\/p>\n<p>L 14 x l 8 x H 69 cm<\/p>\n<p><p style=\"text-align: justify;\">Cette pi\u00e8ce est r\u00e9alis\u00e9e \u00e0 la main au Br\u00e9sil, \u00e0 partir de mat\u00e9riaux faisant l\u2019objet d\u2019une gestion durable. Ainsi, nous ne pouvons pas garantir de d\u00e9lais de production actuellement. La production pourrait prendre jusqu\u2019\u00e0 une ann\u00e9e enti\u00e8re. Commandez maintenant pour vous placer en haut de la liste d\u2019attente ou\u00a0<a class=\"css-1rn59kg\" title=\"https:\/\/www.theinvisiblecollection.com\/fr\/demande-de-devis\/?product_id=37005\" href=\"https:\/\/www.theinvisiblecollection.com\/fr\/demande-de-devis\/?product_id=35666\" data-renderer-mark=\"true\"><span style=\"text-decoration: underline;\">contactez-nous pour recevoir d\u2019autres propositions<\/span>.<\/a><\/p><\/p>\n","protected":false},"featured_media":81030,"template":"","meta":{"_acf_changed":false,"content-type":"","_themeisle_gutenberg_block_has_review":false},"product_brand":[],"product_cat":[8975,12507],"product_tag":[11335,11337,31477,8990,9048,9058,9314,9346,11334],"product_designer":[8926],"comfabric":[],"manufacturer":[16887],"reporting_designer":[37166],"samplecomfabric":[],"designer_clubroom":[],"class_list":{"0":"post-35666","1":"product","2":"type-product","3":"status-publish","4":"has-post-thumbnail","6":"product_cat-appliques-murales","7":"product_cat-luminaires","8":"product_tag-eco-design","9":"product_tag-durable","10":"product_tag-st-curvy-fr","11":"product_tag-applique-murale","12":"product_tag-lampe","13":"product_tag-bronze-fr-2","14":"product_tag-selenite-blanche","15":"product_tag-selenite-fr","16":"product_tag-eco-friendly-fr","17":"product_designer-gustavo-neves-fr","18":"manufacturer-gustavo-neves-showroom-fr","19":"reporting_designer-gustavo-neves","21":"first","22":"instock","23":"taxable","24":"shipping-taxable","25":"purchasable","26":"product-type-simple"},"acf":[],"_links":{"self":[{"href":"https:\/\/theinvisiblecollection.com\/fr\/wp-json\/wp\/v2\/product\/35666","targetHints":{"allow":["GET"]}}],"collection":[{"href":"https:\/\/theinvisiblecollection.com\/fr\/wp-json\/wp\/v2\/product"}],"about":[{"href":"https:\/\/theinvisiblecollection.com\/fr\/wp-json\/wp\/v2\/types\/product"}],"wp:featuredmedia":[{"embeddable":true,"href":"https:\/\/theinvisiblecollection.com\/fr\/wp-json\/wp\/v2\/media\/81030"}],"wp:attachment":[{"href":"https:\/\/theinvisiblecollection.com\/fr\/wp-json\/wp\/v2\/media?parent=35666"}],"wp:term":[{"taxonomy":"product_brand","embeddable":true,"href":"https:\/\/theinvisiblecollection.com\/fr\/wp-json\/wp\/v2\/product_brand?post=35666"},{"taxonomy":"product_cat","embeddable":true,"href":"https:\/\/theinvisiblecollection.com\/fr\/wp-json\/wp\/v2\/product_cat?post=35666"},{"taxonomy":"product_tag","embeddable":true,"href":"https:\/\/theinvisiblecollection.com\/fr\/wp-json\/wp\/v2\/product_tag?post=35666"},{"taxonomy":"product_designer","embeddable":true,"href":"https:\/\/theinvisiblecollection.com\/fr\/wp-json\/wp\/v2\/product_designer?post=35666"},{"taxonomy":"comfabric","embeddable":true,"href":"https:\/\/theinvisiblecollection.com\/fr\/wp-json\/wp\/v2\/comfabric?post=35666"},{"taxonomy":"manufacturer","embeddable":true,"href":"https:\/\/theinvisiblecollection.com\/fr\/wp-json\/wp\/v2\/manufacturer?post=35666"},{"taxonomy":"reporting_designer","embeddable":true,"href":"https:\/\/theinvisiblecollection.com\/fr\/wp-json\/wp\/v2\/reporting_designer?post=35666"},{"taxonomy":"samplecomfabric","embeddable":true,"href":"https:\/\/theinvisiblecollection.com\/fr\/wp-json\/wp\/v2\/samplecomfabric?post=35666"},{"taxonomy":"clubroom_product_designer","embeddable":true,"href":"https:\/\/theinvisiblecollection.com\/fr\/wp-json\/wp\/v2\/designer_clubroom?post=35666"}],"curies":[{"name":"wp","href":"https:\/\/api.w.org\/{rel}","templated":true}]}}