{"id":35667,"date":"2019-03-29T00:00:00","date_gmt":"2019-03-28T23:00:00","guid":{"rendered":"https:\/\/www.theinvisiblecollection.com\/product\/applique-foglia\/"},"modified":"2026-05-08T04:41:24","modified_gmt":"2026-05-08T04:41:24","slug":"applique-foglia","status":"publish","type":"product","link":"https:\/\/theinvisiblecollection.com\/fr\/produit\/applique-foglia\/","title":{"rendered":"Applique Foglia"},"content":{"rendered":"<p style=\"text-align: justify;\">Un automne \u00e0 Londres : des feuilles \u00e9parpill\u00e9es au hasard partout sur le sol&#8230; Elles \u00e9taient magnifiques\u00a0 et comme elles allaient bient\u00f4t perdre leur couleur et mourir, j&#8217;ai pens\u00e9 qu&#8217;il serait bien de les figer et de transformer chaque feuille en une applique.<\/p>\n","protected":false},"excerpt":{"rendered":"<p>Bronze naturel sculpt\u00e9 gr\u00e2ce \u00e0 la technique de la cire perdue<br \/>\nChaque pi\u00e8ce est unique<br \/>\nDimensions et mat\u00e9riaux sur-mesure sur demande<\/p>\n<p>Fabriqu\u00e9e \u00e0 la main en Italie<br \/>\nD\u00e9lais de production : 14 &#8211; 18 semaines<br \/>\n<span style=\"text-decoration: underline;\"><a href=\"https:\/\/www.theinvisiblecollection.com\/fr\/demande-de-devis\/?product_id=35667\" target=\"_blank\" rel=\"noopener noreferrer\">Contactez-nous pour toute demande de devis ou de renseignements<\/a><\/span><\/p>\n","protected":false},"featured_media":72353,"template":"","meta":{"_acf_changed":false,"content-type":"","_themeisle_gutenberg_block_has_review":false},"product_brand":[],"product_cat":[8975,12507],"product_tag":[9016,9200,9416,9448,9681,9715,10249,10497,31476],"product_designer":[8873],"comfabric":[],"manufacturer":[20003],"reporting_designer":[37502],"samplecomfabric":[],"designer_clubroom":[],"class_list":{"0":"post-35667","1":"product","2":"type-product","3":"status-publish","4":"has-post-thumbnail","6":"product_cat-appliques-murales","7":"product_cat-luminaires","8":"product_tag-chambre-fr-2","9":"product_tag-luminaire-fr-2","10":"product_tag-design-fr","11":"product_tag-applique-fr-3","12":"product_tag-osanna-visconti-fr-fr","13":"product_tag-salon-fr-2","14":"product_tag-entrance-fr","15":"product_tag-objet-dart-fr","16":"product_tag-st-collectible-fr","17":"pa_leaf-cercis-fr","18":"pa_leaf-fatsia-fr","19":"pa_leaf-maple-fr","20":"pa_leaf-palm-fr","21":"pa_leaf-set-de-5-fr","22":"pa_leaf-walnut-fr","23":"product_designer-osanna-visconti-fr","24":"manufacturer-osanna-visconti-foundry-fr","25":"reporting_designer-osanna-visconti","27":"first","28":"instock","29":"taxable","30":"shipping-taxable","31":"purchasable","32":"product-type-variable"},"acf":[],"_links":{"self":[{"href":"https:\/\/theinvisiblecollection.com\/fr\/wp-json\/wp\/v2\/product\/35667","targetHints":{"allow":["GET"]}}],"collection":[{"href":"https:\/\/theinvisiblecollection.com\/fr\/wp-json\/wp\/v2\/product"}],"about":[{"href":"https:\/\/theinvisiblecollection.com\/fr\/wp-json\/wp\/v2\/types\/product"}],"wp:featuredmedia":[{"embeddable":true,"href":"https:\/\/theinvisiblecollection.com\/fr\/wp-json\/wp\/v2\/media\/72353"}],"wp:attachment":[{"href":"https:\/\/theinvisiblecollection.com\/fr\/wp-json\/wp\/v2\/media?parent=35667"}],"wp:term":[{"taxonomy":"product_brand","embeddable":true,"href":"https:\/\/theinvisiblecollection.com\/fr\/wp-json\/wp\/v2\/product_brand?post=35667"},{"taxonomy":"product_cat","embeddable":true,"href":"https:\/\/theinvisiblecollection.com\/fr\/wp-json\/wp\/v2\/product_cat?post=35667"},{"taxonomy":"product_tag","embeddable":true,"href":"https:\/\/theinvisiblecollection.com\/fr\/wp-json\/wp\/v2\/product_tag?post=35667"},{"taxonomy":"product_designer","embeddable":true,"href":"https:\/\/theinvisiblecollection.com\/fr\/wp-json\/wp\/v2\/product_designer?post=35667"},{"taxonomy":"comfabric","embeddable":true,"href":"https:\/\/theinvisiblecollection.com\/fr\/wp-json\/wp\/v2\/comfabric?post=35667"},{"taxonomy":"manufacturer","embeddable":true,"href":"https:\/\/theinvisiblecollection.com\/fr\/wp-json\/wp\/v2\/manufacturer?post=35667"},{"taxonomy":"reporting_designer","embeddable":true,"href":"https:\/\/theinvisiblecollection.com\/fr\/wp-json\/wp\/v2\/reporting_designer?post=35667"},{"taxonomy":"samplecomfabric","embeddable":true,"href":"https:\/\/theinvisiblecollection.com\/fr\/wp-json\/wp\/v2\/samplecomfabric?post=35667"},{"taxonomy":"clubroom_product_designer","embeddable":true,"href":"https:\/\/theinvisiblecollection.com\/fr\/wp-json\/wp\/v2\/designer_clubroom?post=35667"}],"curies":[{"name":"wp","href":"https:\/\/api.w.org\/{rel}","templated":true}]}}