{"id":35686,"date":"2018-07-16T00:00:00","date_gmt":"2018-07-15T23:00:00","guid":{"rendered":"https:\/\/www.theinvisiblecollection.com\/product\/applique-ice\/"},"modified":"2026-05-08T04:41:24","modified_gmt":"2026-05-08T04:41:24","slug":"applique-ice","status":"publish","type":"product","link":"https:\/\/theinvisiblecollection.com\/fr\/produit\/applique-ice\/","title":{"rendered":"Applique Ice"},"content":{"rendered":"<p style=\"text-align: justify;\">Comme dans toutes ses cr\u00e9ations pr\u00e9c\u00e9dentes, le talentueux architecte\/designer Reda Amalou a su allier \u00e9l\u00e9gance pure et luxe minimaliste. Avec l&#8217;applique &#8220;Ice&#8221;, il ajoute un \u00e9l\u00e9ment de fragilit\u00e9 pr\u00e9cieuse, comme si le verre \u00e9tait suspendu par un fil.\u00a0 Pos\u00e9s sur un cadre simple en chrome et bronze, rappelant l&#8217;esth\u00e9tique moderniste, les &#8220;gla\u00e7ons&#8221; rectangulaires en verre de Murano flottent librement et diffusent une lumi\u00e8re inattendue et toujours changeante.\u00a0Chaque feuille de verre est pos\u00e9e \u00e0 la main, puis press\u00e9e \u00e0 la main, ce qui permet d&#8217;obtenir un motif unique et sp\u00e9cifique, diff\u00e9rent l&#8217;un de l&#8217;autre. Fabriqu\u00e9e en France par Veronese &#8211; connue pour son m\u00e9lange in\u00e9gal\u00e9 de traditions Murano et de design fran\u00e7ais &#8211; la lampe murale Ice est une v\u00e9ritable pi\u00e8ce sur mesure.<\/p>\n","protected":false},"excerpt":{"rendered":"<p>Reda Amalou x Veronese<br \/>\nApplique en verre de Murano et aluminium<br \/>\nCadre en bronze et poli miroir<br \/>\nVerre en cristal<br \/>\nSource lumineuse dimmable : 2x ruban LED 5W 220V\/110V<\/p>\n<p>L 20 x P 15 x H 35 cm<\/p>\n<p>Fabriqu\u00e9e \u00e0 la main en France<br \/>\nD\u00e9lais de production : 12 \u2013 16 semaines<\/p>\n<p class=\"p1\"><span style=\"text-decoration: underline;\"><span class=\"s1\"><a href=\"https:\/\/www.theinvisiblecollection.com\/fr\/contact-produit\/?product_id=35686\">Contactez-nous pour toute demande de devis ou de renseignements<\/a><\/span><\/span><\/p>\n","protected":false},"featured_media":91772,"template":"","meta":{"_acf_changed":false,"content-type":"","_themeisle_gutenberg_block_has_review":false},"product_brand":[],"product_cat":[8975,12507],"product_tag":[8990,9058,9097,9200,10884,31474],"product_designer":[8895,26916],"comfabric":[],"manufacturer":[34221],"reporting_designer":[37436,37724],"samplecomfabric":[],"designer_clubroom":[],"class_list":{"0":"post-35686","1":"product","2":"type-product","3":"status-publish","4":"has-post-thumbnail","6":"product_cat-appliques-murales","7":"product_cat-luminaires","8":"product_tag-applique-murale","9":"product_tag-bronze-fr-2","10":"product_tag-chrome-fr","11":"product_tag-luminaire-fr-2","12":"product_tag-amadou-fr","13":"product_tag-co-white-fr","14":"product_designer-reda-amalou-fr","15":"product_designer-veronese-fr","16":"manufacturer-reda-amalou-pick-up-cadogan-tate-cdg-fr","17":"reporting_designer-veronese-fr","18":"reporting_designer-reda-amalou","20":"first","21":"instock","22":"taxable","23":"shipping-taxable","24":"product-type-variable"},"acf":[],"_links":{"self":[{"href":"https:\/\/theinvisiblecollection.com\/fr\/wp-json\/wp\/v2\/product\/35686","targetHints":{"allow":["GET"]}}],"collection":[{"href":"https:\/\/theinvisiblecollection.com\/fr\/wp-json\/wp\/v2\/product"}],"about":[{"href":"https:\/\/theinvisiblecollection.com\/fr\/wp-json\/wp\/v2\/types\/product"}],"wp:featuredmedia":[{"embeddable":true,"href":"https:\/\/theinvisiblecollection.com\/fr\/wp-json\/wp\/v2\/media\/91772"}],"wp:attachment":[{"href":"https:\/\/theinvisiblecollection.com\/fr\/wp-json\/wp\/v2\/media?parent=35686"}],"wp:term":[{"taxonomy":"product_brand","embeddable":true,"href":"https:\/\/theinvisiblecollection.com\/fr\/wp-json\/wp\/v2\/product_brand?post=35686"},{"taxonomy":"product_cat","embeddable":true,"href":"https:\/\/theinvisiblecollection.com\/fr\/wp-json\/wp\/v2\/product_cat?post=35686"},{"taxonomy":"product_tag","embeddable":true,"href":"https:\/\/theinvisiblecollection.com\/fr\/wp-json\/wp\/v2\/product_tag?post=35686"},{"taxonomy":"product_designer","embeddable":true,"href":"https:\/\/theinvisiblecollection.com\/fr\/wp-json\/wp\/v2\/product_designer?post=35686"},{"taxonomy":"comfabric","embeddable":true,"href":"https:\/\/theinvisiblecollection.com\/fr\/wp-json\/wp\/v2\/comfabric?post=35686"},{"taxonomy":"manufacturer","embeddable":true,"href":"https:\/\/theinvisiblecollection.com\/fr\/wp-json\/wp\/v2\/manufacturer?post=35686"},{"taxonomy":"reporting_designer","embeddable":true,"href":"https:\/\/theinvisiblecollection.com\/fr\/wp-json\/wp\/v2\/reporting_designer?post=35686"},{"taxonomy":"samplecomfabric","embeddable":true,"href":"https:\/\/theinvisiblecollection.com\/fr\/wp-json\/wp\/v2\/samplecomfabric?post=35686"},{"taxonomy":"clubroom_product_designer","embeddable":true,"href":"https:\/\/theinvisiblecollection.com\/fr\/wp-json\/wp\/v2\/designer_clubroom?post=35686"}],"curies":[{"name":"wp","href":"https:\/\/api.w.org\/{rel}","templated":true}]}}