{"id":35743,"date":"2016-05-06T00:00:00","date_gmt":"2016-05-06T00:00:00","guid":{"rendered":"https:\/\/www.theinvisiblecollection.com\/product\/applique-sandrine-ronde\/"},"modified":"2026-05-01T07:40:10","modified_gmt":"2026-05-01T07:40:10","slug":"cslb-studio-applique-sandrine-ronde","status":"publish","type":"product","link":"https:\/\/theinvisiblecollection.com\/fr\/produit\/cslb-studio-applique-sandrine-ronde\/","title":{"rendered":"Diffuseur de Lumi\u00e8re Sandrine"},"content":{"rendered":"<p style=\"text-align: justify;\">Les lampes CSLB Studio ainsi que les vases utilisent le cristal de verre mis au point dans leur atelier. Travaill\u00e9 en volutes ou simplement opaque, ce cristal de verre opalin, proche de l\u2019alb\u00e2tre, diffuse et adoucit la lumi\u00e8re de mani\u00e8re unique.<\/p>\n","protected":false},"excerpt":{"rendered":"<p>Design par Laurent Bourgois<br \/>\nDiffuseur de lumi\u00e8re en laiton, pl\u00e2tre et cristal souffl\u00e9 \u00e0 la bouche<br \/>\n<a href=\"https:\/\/theinvisiblecollection.com\/wp-content\/uploads\/2022\/04\/TheInvisibleCollection_CSLB_Metal-Selection.pdf\" target=\"_blank\" rel=\"noopener\"><span style=\"text-decoration: underline;\">D\u00e9couvrez la s\u00e9lection de m\u00e9taux ici<\/span><\/a><br \/>\n\u00c0 placer sur un spot encastr\u00e9 existant<br \/>\nNon electrifi\u00e9<\/p>\n<p>\u2205 27 x l 30 x H 4.2 cm<\/p>\n<p>R\u00e9alis\u00e9 \u00e0 la main en France<br \/>\nD\u00e9lais de fabrication : 8 &#8211; 12 semaines<\/p>\n<p><span style=\"text-decoration: underline;\"><a href=\"https:\/\/www.theinvisiblecollection.com\/fr\/demande-de-devis\/?product_id=35743\" target=\"_blank\" rel=\"noopener noreferrer\">Contactez-nous pour toute demande de devis ou de renseignements<\/a><\/span><\/p>\n","protected":false},"featured_media":101291,"template":"","meta":{"_acf_changed":false,"content-type":"","_themeisle_gutenberg_block_has_review":false},"product_brand":[],"product_cat":[8975,12507],"product_tag":[9048,9200,9405,9406,9407,9446,9448,9449],"product_designer":[8898],"comfabric":[],"manufacturer":[16870],"reporting_designer":[37354],"samplecomfabric":[],"designer_clubroom":[],"class_list":{"0":"post-35743","1":"product","2":"type-product","3":"status-publish","4":"has-post-thumbnail","6":"product_cat-appliques-murales","7":"product_cat-luminaires","8":"product_tag-lampe","9":"product_tag-luminaire-fr-2","10":"product_tag-caroline-sarkozy","11":"product_tag-cslb-fr","12":"product_tag-cslb-studio","13":"product_tag-suspension","14":"product_tag-applique-fr-3","15":"product_tag-laurent-bourgois-fr","16":"pa_metal-bronze-medaille-clair-vernis-brillant","17":"pa_metal-bronze-medaille-clair-vernis-mat","18":"pa_metal-bronze-medaille-fonce-microbille-vernis-mat","19":"pa_metal-bronze-medaille-fonce-vernis-brillant-fr","20":"pa_metal-bronze-medaille-fonce-vernis-brillant","21":"pa_metal-bronze-medaille-fonce-vernis-mat","22":"pa_metal-bronze-medaille-moyen-vernis-mat","23":"pa_metal-nickel-brillant","24":"pa_metal-nickel-mat","25":"pa_metal-patine-noir-mat-vernis-mat","26":"product_designer-cslb-studio-fr","27":"manufacturer-cslb-studio-fr","28":"reporting_designer-cslb-studio","30":"first","31":"instock","32":"taxable","33":"shipping-taxable","34":"purchasable","35":"product-type-variable"},"acf":[],"_links":{"self":[{"href":"https:\/\/theinvisiblecollection.com\/fr\/wp-json\/wp\/v2\/product\/35743","targetHints":{"allow":["GET"]}}],"collection":[{"href":"https:\/\/theinvisiblecollection.com\/fr\/wp-json\/wp\/v2\/product"}],"about":[{"href":"https:\/\/theinvisiblecollection.com\/fr\/wp-json\/wp\/v2\/types\/product"}],"wp:featuredmedia":[{"embeddable":true,"href":"https:\/\/theinvisiblecollection.com\/fr\/wp-json\/wp\/v2\/media\/101291"}],"wp:attachment":[{"href":"https:\/\/theinvisiblecollection.com\/fr\/wp-json\/wp\/v2\/media?parent=35743"}],"wp:term":[{"taxonomy":"product_brand","embeddable":true,"href":"https:\/\/theinvisiblecollection.com\/fr\/wp-json\/wp\/v2\/product_brand?post=35743"},{"taxonomy":"product_cat","embeddable":true,"href":"https:\/\/theinvisiblecollection.com\/fr\/wp-json\/wp\/v2\/product_cat?post=35743"},{"taxonomy":"product_tag","embeddable":true,"href":"https:\/\/theinvisiblecollection.com\/fr\/wp-json\/wp\/v2\/product_tag?post=35743"},{"taxonomy":"product_designer","embeddable":true,"href":"https:\/\/theinvisiblecollection.com\/fr\/wp-json\/wp\/v2\/product_designer?post=35743"},{"taxonomy":"comfabric","embeddable":true,"href":"https:\/\/theinvisiblecollection.com\/fr\/wp-json\/wp\/v2\/comfabric?post=35743"},{"taxonomy":"manufacturer","embeddable":true,"href":"https:\/\/theinvisiblecollection.com\/fr\/wp-json\/wp\/v2\/manufacturer?post=35743"},{"taxonomy":"reporting_designer","embeddable":true,"href":"https:\/\/theinvisiblecollection.com\/fr\/wp-json\/wp\/v2\/reporting_designer?post=35743"},{"taxonomy":"samplecomfabric","embeddable":true,"href":"https:\/\/theinvisiblecollection.com\/fr\/wp-json\/wp\/v2\/samplecomfabric?post=35743"},{"taxonomy":"clubroom_product_designer","embeddable":true,"href":"https:\/\/theinvisiblecollection.com\/fr\/wp-json\/wp\/v2\/designer_clubroom?post=35743"}],"curies":[{"name":"wp","href":"https:\/\/api.w.org\/{rel}","templated":true}]}}