{"id":35789,"date":"2018-10-04T00:00:00","date_gmt":"2018-10-03T23:00:00","guid":{"rendered":"https:\/\/www.theinvisiblecollection.com\/product\/applique-ysa\/"},"modified":"2026-05-08T04:41:22","modified_gmt":"2026-05-08T04:41:22","slug":"tristan-auer-applique-ysa","status":"publish","type":"product","link":"https:\/\/theinvisiblecollection.com\/fr\/produit\/tristan-auer-applique-ysa\/","title":{"rendered":"Applique Ysa"},"content":{"rendered":"","protected":false},"excerpt":{"rendered":"<p>Tristan Auer x Veronese<br \/>\nApplique en verre de Murano et aluminium<br \/>\nCadre en poli miroir<br \/>\nVerre compos\u00e9 en trois parties : verre stri\u00e9 sabl\u00e9, verre fum\u00e9 avec un motif de rayure et verre effet miroir<br \/>\nSource lumineuse dimmable : 2x LED 5W 220V\/110V<\/p>\n<p>L 40 x l 13 x H 52 cm<\/p>\n<p>Fabriqu\u00e9e \u00e0 la main en France<br \/>\nD\u00e9lais de production : 12 &#8211; 16 semaines<\/p>\n<p class=\"p1\"><span style=\"text-decoration: underline;\"><span class=\"s1\"><a href=\"https:\/\/www.theinvisiblecollection.com\/fr\/contact-produit\/?product_id=35789\">Contactez-nous pour toute demande de devis ou de renseignements<\/a><\/span><\/span><\/p>\n","protected":false},"featured_media":91743,"template":"","meta":{"_acf_changed":false,"content-type":"","_themeisle_gutenberg_block_has_review":false},"product_brand":[],"product_cat":[8975,12507],"product_tag":[9086,9448,10386,10393],"product_designer":[14826,26916],"comfabric":[],"manufacturer":[36871],"reporting_designer":[37436,37532],"samplecomfabric":[],"designer_clubroom":[],"class_list":{"0":"post-35789","1":"product","2":"type-product","3":"status-publish","4":"has-post-thumbnail","6":"product_cat-appliques-murales","7":"product_cat-luminaires","8":"product_tag-acier","9":"product_tag-applique-fr-3","10":"product_tag-shippables-fr-fr","11":"product_tag-tristan-auer-fr-2","12":"pa_choice-paire-de-lampes","13":"pa_choice-une-lampe","14":"product_designer-tristan-auer-fr","15":"product_designer-veronese-fr","16":"manufacturer-veronese-pick-up-fr","17":"reporting_designer-veronese-fr","18":"reporting_designer-tristan-auer","20":"first","21":"instock","22":"taxable","23":"shipping-taxable","24":"product-type-variable"},"acf":[],"_links":{"self":[{"href":"https:\/\/theinvisiblecollection.com\/fr\/wp-json\/wp\/v2\/product\/35789","targetHints":{"allow":["GET"]}}],"collection":[{"href":"https:\/\/theinvisiblecollection.com\/fr\/wp-json\/wp\/v2\/product"}],"about":[{"href":"https:\/\/theinvisiblecollection.com\/fr\/wp-json\/wp\/v2\/types\/product"}],"wp:featuredmedia":[{"embeddable":true,"href":"https:\/\/theinvisiblecollection.com\/fr\/wp-json\/wp\/v2\/media\/91743"}],"wp:attachment":[{"href":"https:\/\/theinvisiblecollection.com\/fr\/wp-json\/wp\/v2\/media?parent=35789"}],"wp:term":[{"taxonomy":"product_brand","embeddable":true,"href":"https:\/\/theinvisiblecollection.com\/fr\/wp-json\/wp\/v2\/product_brand?post=35789"},{"taxonomy":"product_cat","embeddable":true,"href":"https:\/\/theinvisiblecollection.com\/fr\/wp-json\/wp\/v2\/product_cat?post=35789"},{"taxonomy":"product_tag","embeddable":true,"href":"https:\/\/theinvisiblecollection.com\/fr\/wp-json\/wp\/v2\/product_tag?post=35789"},{"taxonomy":"product_designer","embeddable":true,"href":"https:\/\/theinvisiblecollection.com\/fr\/wp-json\/wp\/v2\/product_designer?post=35789"},{"taxonomy":"comfabric","embeddable":true,"href":"https:\/\/theinvisiblecollection.com\/fr\/wp-json\/wp\/v2\/comfabric?post=35789"},{"taxonomy":"manufacturer","embeddable":true,"href":"https:\/\/theinvisiblecollection.com\/fr\/wp-json\/wp\/v2\/manufacturer?post=35789"},{"taxonomy":"reporting_designer","embeddable":true,"href":"https:\/\/theinvisiblecollection.com\/fr\/wp-json\/wp\/v2\/reporting_designer?post=35789"},{"taxonomy":"samplecomfabric","embeddable":true,"href":"https:\/\/theinvisiblecollection.com\/fr\/wp-json\/wp\/v2\/samplecomfabric?post=35789"},{"taxonomy":"clubroom_product_designer","embeddable":true,"href":"https:\/\/theinvisiblecollection.com\/fr\/wp-json\/wp\/v2\/designer_clubroom?post=35789"}],"curies":[{"name":"wp","href":"https:\/\/api.w.org\/{rel}","templated":true}]}}