{"id":35791,"date":"2016-06-18T00:00:00","date_gmt":"2016-06-18T00:00:00","guid":{"rendered":"https:\/\/www.theinvisiblecollection.com\/product\/armoire-automne\/"},"modified":"2026-05-01T07:40:10","modified_gmt":"2026-05-01T07:40:10","slug":"piotr-sierakowsky-commode-automne","status":"publish","type":"product","link":"https:\/\/theinvisiblecollection.com\/fr\/produit\/piotr-sierakowsky-commode-automne\/","title":{"rendered":"Commode Automne"},"content":{"rendered":"","protected":false},"excerpt":{"rendered":"<p>Commode en marqueterie d\u2019amarante, \u00e9b\u00e8ne, fr\u00eane et poirier<br \/>\nPlateau sup\u00e9rieur et pieds ant\u00e9rieurs en bronze patin\u00e9<br \/>\nInt\u00e9rieur fini en poirier Suisse<\/p>\n<p>L 98 x l 37 x H 130 cm<\/p>\n<p>D\u00e9lais de fabrication : sur demande<\/p>\n<p><span style=\"text-decoration: underline;\"><a href=\"https:\/\/www.theinvisiblecollection.com\/fr\/demande-de-devis\/?product_id=35791\" target=\"_blank\" rel=\"noopener\">Contactez-nous pour toute demande de devis ou de renseignement<\/a><\/span><\/p>\n","protected":false},"featured_media":80964,"template":"","meta":{"_acf_changed":false,"content-type":"","_themeisle_gutenberg_block_has_review":false},"product_brand":[],"product_cat":[8957,12505],"product_tag":[8993,9254,9366,9423,9456,11212,31474],"product_designer":[8883],"comfabric":[],"manufacturer":[16743],"reporting_designer":[37760],"samplecomfabric":[],"designer_clubroom":[],"class_list":{"0":"post-35791","1":"product","2":"type-product","3":"status-publish","4":"has-post-thumbnail","6":"product_cat-commodes","7":"product_cat-rangements","8":"product_tag-salon","9":"product_tag-marqueterie","10":"product_tag-bois-de-frene-fr","11":"product_tag-storage","12":"product_tag-cabinet","13":"product_tag-ebene","14":"product_tag-co-white-fr","15":"product_designer-piotr-sierakowski-fr","16":"manufacturer-piotr-sierakowski-fr","17":"reporting_designer-piotr-sierakowski","19":"first","20":"instock","21":"taxable","22":"shipping-taxable","23":"purchasable","24":"product-type-simple"},"acf":[],"_links":{"self":[{"href":"https:\/\/theinvisiblecollection.com\/fr\/wp-json\/wp\/v2\/product\/35791","targetHints":{"allow":["GET"]}}],"collection":[{"href":"https:\/\/theinvisiblecollection.com\/fr\/wp-json\/wp\/v2\/product"}],"about":[{"href":"https:\/\/theinvisiblecollection.com\/fr\/wp-json\/wp\/v2\/types\/product"}],"wp:featuredmedia":[{"embeddable":true,"href":"https:\/\/theinvisiblecollection.com\/fr\/wp-json\/wp\/v2\/media\/80964"}],"wp:attachment":[{"href":"https:\/\/theinvisiblecollection.com\/fr\/wp-json\/wp\/v2\/media?parent=35791"}],"wp:term":[{"taxonomy":"product_brand","embeddable":true,"href":"https:\/\/theinvisiblecollection.com\/fr\/wp-json\/wp\/v2\/product_brand?post=35791"},{"taxonomy":"product_cat","embeddable":true,"href":"https:\/\/theinvisiblecollection.com\/fr\/wp-json\/wp\/v2\/product_cat?post=35791"},{"taxonomy":"product_tag","embeddable":true,"href":"https:\/\/theinvisiblecollection.com\/fr\/wp-json\/wp\/v2\/product_tag?post=35791"},{"taxonomy":"product_designer","embeddable":true,"href":"https:\/\/theinvisiblecollection.com\/fr\/wp-json\/wp\/v2\/product_designer?post=35791"},{"taxonomy":"comfabric","embeddable":true,"href":"https:\/\/theinvisiblecollection.com\/fr\/wp-json\/wp\/v2\/comfabric?post=35791"},{"taxonomy":"manufacturer","embeddable":true,"href":"https:\/\/theinvisiblecollection.com\/fr\/wp-json\/wp\/v2\/manufacturer?post=35791"},{"taxonomy":"reporting_designer","embeddable":true,"href":"https:\/\/theinvisiblecollection.com\/fr\/wp-json\/wp\/v2\/reporting_designer?post=35791"},{"taxonomy":"samplecomfabric","embeddable":true,"href":"https:\/\/theinvisiblecollection.com\/fr\/wp-json\/wp\/v2\/samplecomfabric?post=35791"},{"taxonomy":"clubroom_product_designer","embeddable":true,"href":"https:\/\/theinvisiblecollection.com\/fr\/wp-json\/wp\/v2\/designer_clubroom?post=35791"}],"curies":[{"name":"wp","href":"https:\/\/api.w.org\/{rel}","templated":true}]}}