{"id":35793,"date":"2016-06-18T00:00:00","date_gmt":"2016-06-18T00:00:00","guid":{"rendered":"https:\/\/www.theinvisiblecollection.com\/product\/armoire-crepuscule\/"},"modified":"2026-05-08T04:41:22","modified_gmt":"2026-05-08T04:41:22","slug":"piotr-sierakowsky-commode-crepuscule","status":"publish","type":"product","link":"https:\/\/theinvisiblecollection.com\/fr\/produit\/piotr-sierakowsky-commode-crepuscule\/","title":{"rendered":"Commode Cr\u00e9puscule"},"content":{"rendered":"","protected":false},"excerpt":{"rendered":"<p>Commode en marqueterie de bois de padouk et weng\u00e9<br \/>\nPlateau sup\u00e9rieur et pieds ant\u00e9rieurs en laiton argent\u00e9<br \/>\nInt\u00e9rieur en weng\u00e9<\/p>\n<p>L 98 x l 37 x H 130 cm<\/p>\n<p>D\u00e9lais de fabrication : sur demande<\/p>\n<p><span style=\"text-decoration: underline;\"><a href=\"https:\/\/www.theinvisiblecollection.com\/fr\/demande-de-devis\/?product_id=35793\" target=\"_blank\" rel=\"noopener\">Contactez-nous pour toute demande de devis ou de renseignement<\/a><\/span><\/p>\n","protected":false},"featured_media":126133,"template":"","meta":{"_acf_changed":false,"content-type":"","_themeisle_gutenberg_block_has_review":false},"product_brand":[],"product_cat":[8957,12505],"product_tag":[8993,9423,9456,31474],"product_designer":[8883],"comfabric":[],"manufacturer":[16743],"reporting_designer":[37760],"samplecomfabric":[],"designer_clubroom":[],"class_list":{"0":"post-35793","1":"product","2":"type-product","3":"status-publish","4":"has-post-thumbnail","6":"product_cat-commodes","7":"product_cat-rangements","8":"product_tag-salon","9":"product_tag-storage","10":"product_tag-cabinet","11":"product_tag-co-white-fr","12":"product_designer-piotr-sierakowski-fr","13":"manufacturer-piotr-sierakowski-fr","14":"reporting_designer-piotr-sierakowski","16":"first","17":"instock","18":"taxable","19":"shipping-taxable","20":"purchasable","21":"product-type-simple"},"acf":[],"_links":{"self":[{"href":"https:\/\/theinvisiblecollection.com\/fr\/wp-json\/wp\/v2\/product\/35793","targetHints":{"allow":["GET"]}}],"collection":[{"href":"https:\/\/theinvisiblecollection.com\/fr\/wp-json\/wp\/v2\/product"}],"about":[{"href":"https:\/\/theinvisiblecollection.com\/fr\/wp-json\/wp\/v2\/types\/product"}],"wp:featuredmedia":[{"embeddable":true,"href":"https:\/\/theinvisiblecollection.com\/fr\/wp-json\/wp\/v2\/media\/126133"}],"wp:attachment":[{"href":"https:\/\/theinvisiblecollection.com\/fr\/wp-json\/wp\/v2\/media?parent=35793"}],"wp:term":[{"taxonomy":"product_brand","embeddable":true,"href":"https:\/\/theinvisiblecollection.com\/fr\/wp-json\/wp\/v2\/product_brand?post=35793"},{"taxonomy":"product_cat","embeddable":true,"href":"https:\/\/theinvisiblecollection.com\/fr\/wp-json\/wp\/v2\/product_cat?post=35793"},{"taxonomy":"product_tag","embeddable":true,"href":"https:\/\/theinvisiblecollection.com\/fr\/wp-json\/wp\/v2\/product_tag?post=35793"},{"taxonomy":"product_designer","embeddable":true,"href":"https:\/\/theinvisiblecollection.com\/fr\/wp-json\/wp\/v2\/product_designer?post=35793"},{"taxonomy":"comfabric","embeddable":true,"href":"https:\/\/theinvisiblecollection.com\/fr\/wp-json\/wp\/v2\/comfabric?post=35793"},{"taxonomy":"manufacturer","embeddable":true,"href":"https:\/\/theinvisiblecollection.com\/fr\/wp-json\/wp\/v2\/manufacturer?post=35793"},{"taxonomy":"reporting_designer","embeddable":true,"href":"https:\/\/theinvisiblecollection.com\/fr\/wp-json\/wp\/v2\/reporting_designer?post=35793"},{"taxonomy":"samplecomfabric","embeddable":true,"href":"https:\/\/theinvisiblecollection.com\/fr\/wp-json\/wp\/v2\/samplecomfabric?post=35793"},{"taxonomy":"clubroom_product_designer","embeddable":true,"href":"https:\/\/theinvisiblecollection.com\/fr\/wp-json\/wp\/v2\/designer_clubroom?post=35793"}],"curies":[{"name":"wp","href":"https:\/\/api.w.org\/{rel}","templated":true}]}}