{"id":35801,"date":"2016-06-18T00:00:00","date_gmt":"2016-06-18T00:00:00","guid":{"rendered":"https:\/\/www.theinvisiblecollection.com\/product\/armoire-nuit-trouble\/"},"modified":"2026-05-08T04:41:22","modified_gmt":"2026-05-08T04:41:22","slug":"piotr-sierakowsky-commode-nuit-trouble","status":"publish","type":"product","link":"https:\/\/theinvisiblecollection.com\/fr\/produit\/piotr-sierakowsky-commode-nuit-trouble\/","title":{"rendered":"Commode Nuit Trouble"},"content":{"rendered":"<div class=\"page\" title=\"Page 3\">\n<div class=\"section\">\n<div class=\"layoutArea\">\n<div class=\"column\">\n<p style=\"text-align: justify;\">La silhouette \u00e9pur\u00e9e de cette armoire est habill\u00e9e d&#8217;une marqueterie aux motifs hypnotiques simulant un relief facett\u00e9 fa\u00e7on Op art. Myst\u00e9rieux et d\u00e9licat, ce meuble bijou de petite taille s&#8217;ouvre en scarab\u00e9e comme un coffre pr\u00e9cieux.<\/p>\n<\/div>\n<\/div>\n<\/div>\n<\/div>\n","protected":false},"excerpt":{"rendered":"<p>Commode en marqueterie de bois de sycomore et \u00e9b\u00e8ne<br \/>\nBase en marqueterie d&#8217;\u00e9b\u00e8ne<br \/>\nInt\u00e9rieur fini en poirier Suisse<\/p>\n<p>L 95 \u00a0x l 43 x H 163 cm<\/p>\n<p>D\u00e9lais de fabrication : sur demande<\/p>\n<p><span style=\"text-decoration: underline;\"><a href=\"https:\/\/www.theinvisiblecollection.com\/fr\/demande-de-devis\/?product_id=35801\" target=\"_blank\" rel=\"noopener\">Contactez-nous pour toute demande de devis ou de renseignement<\/a><\/span><\/p>\n","protected":false},"featured_media":126129,"template":"","meta":{"_acf_changed":false,"content-type":"","_themeisle_gutenberg_block_has_review":false},"product_brand":[],"product_cat":[8957,12505],"product_tag":[8952,8993,9423,9426,9456,11212,31474],"product_designer":[8883],"comfabric":[],"manufacturer":[16743],"reporting_designer":[37760],"samplecomfabric":[],"designer_clubroom":[],"class_list":{"0":"post-35801","1":"product","2":"type-product","3":"status-publish","4":"has-post-thumbnail","6":"product_cat-commodes","7":"product_cat-rangements","8":"product_tag-bois-fr","9":"product_tag-salon","10":"product_tag-storage","11":"product_tag-bois-sycomore","12":"product_tag-cabinet","13":"product_tag-ebene","14":"product_tag-co-white-fr","15":"product_designer-piotr-sierakowski-fr","16":"manufacturer-piotr-sierakowski-fr","17":"reporting_designer-piotr-sierakowski","19":"first","20":"instock","21":"taxable","22":"shipping-taxable","23":"purchasable","24":"product-type-simple"},"acf":[],"_links":{"self":[{"href":"https:\/\/theinvisiblecollection.com\/fr\/wp-json\/wp\/v2\/product\/35801","targetHints":{"allow":["GET"]}}],"collection":[{"href":"https:\/\/theinvisiblecollection.com\/fr\/wp-json\/wp\/v2\/product"}],"about":[{"href":"https:\/\/theinvisiblecollection.com\/fr\/wp-json\/wp\/v2\/types\/product"}],"wp:featuredmedia":[{"embeddable":true,"href":"https:\/\/theinvisiblecollection.com\/fr\/wp-json\/wp\/v2\/media\/126129"}],"wp:attachment":[{"href":"https:\/\/theinvisiblecollection.com\/fr\/wp-json\/wp\/v2\/media?parent=35801"}],"wp:term":[{"taxonomy":"product_brand","embeddable":true,"href":"https:\/\/theinvisiblecollection.com\/fr\/wp-json\/wp\/v2\/product_brand?post=35801"},{"taxonomy":"product_cat","embeddable":true,"href":"https:\/\/theinvisiblecollection.com\/fr\/wp-json\/wp\/v2\/product_cat?post=35801"},{"taxonomy":"product_tag","embeddable":true,"href":"https:\/\/theinvisiblecollection.com\/fr\/wp-json\/wp\/v2\/product_tag?post=35801"},{"taxonomy":"product_designer","embeddable":true,"href":"https:\/\/theinvisiblecollection.com\/fr\/wp-json\/wp\/v2\/product_designer?post=35801"},{"taxonomy":"comfabric","embeddable":true,"href":"https:\/\/theinvisiblecollection.com\/fr\/wp-json\/wp\/v2\/comfabric?post=35801"},{"taxonomy":"manufacturer","embeddable":true,"href":"https:\/\/theinvisiblecollection.com\/fr\/wp-json\/wp\/v2\/manufacturer?post=35801"},{"taxonomy":"reporting_designer","embeddable":true,"href":"https:\/\/theinvisiblecollection.com\/fr\/wp-json\/wp\/v2\/reporting_designer?post=35801"},{"taxonomy":"samplecomfabric","embeddable":true,"href":"https:\/\/theinvisiblecollection.com\/fr\/wp-json\/wp\/v2\/samplecomfabric?post=35801"},{"taxonomy":"clubroom_product_designer","embeddable":true,"href":"https:\/\/theinvisiblecollection.com\/fr\/wp-json\/wp\/v2\/designer_clubroom?post=35801"}],"curies":[{"name":"wp","href":"https:\/\/api.w.org\/{rel}","templated":true}]}}