{"id":35805,"date":"2018-06-07T00:00:00","date_gmt":"2018-06-06T23:00:00","guid":{"rendered":"https:\/\/www.theinvisiblecollection.com\/product\/arturo\/"},"modified":"2026-05-01T07:40:10","modified_gmt":"2026-05-01T07:40:10","slug":"mmairo-arturo","status":"publish","type":"product","link":"https:\/\/theinvisiblecollection.com\/fr\/produit\/mmairo-arturo\/","title":{"rendered":"Vase Arturo"},"content":{"rendered":"<p>Design par Matteo Cibic<\/p>\n","protected":false},"excerpt":{"rendered":"<p><p>Sculpture \/ Petit Vase \/ Porte Carte<br \/>Marbre Rosso Levanto et marbre Bianco Michelangelo avec finitions polies<br \/>En raison de leur nature artisanale, les oreilles ou les poign\u00e9es de plateau sont ornementales et non fonctionnelles<\/p>\n<\/p>\n<p>16,3 x 10 x 6,4 cm<br \/>\nPoids : 0,8 kg<\/p>\n<p>R\u00e9alis\u00e9 \u00e0 la main en Italie<br \/>\nD\u00e9lais de production : 6 semaines<\/p>\n<p class=\"p1\"><span class=\"s1\"><a href=\"https:\/\/www.theinvisiblecollection.com\/fr\/demande-de-devis\/?product_id=35805\">Contactez-nous pour toute demande de devis ou de renseignements<\/a><\/span><\/p><\/p>\n","protected":false},"featured_media":82001,"template":"","meta":{"_acf_changed":false,"content-type":"","_themeisle_gutenberg_block_has_review":false},"product_brand":[],"product_cat":[7517,12531,12537],"product_tag":[10401,10404,31474],"product_designer":[8892,10671],"comfabric":[],"manufacturer":[16732],"reporting_designer":[37663,37788],"samplecomfabric":[],"designer_clubroom":[],"class_list":{"0":"post-35805","1":"product","2":"type-product","3":"status-publish","4":"has-post-thumbnail","6":"product_cat-deco-fr","7":"product_cat-objets-de-decoration","8":"product_cat-vases","9":"product_tag-mmairo","10":"product_tag-matteo-cibic-fr-2","11":"product_tag-co-white-fr","12":"product_shipping_class-mmairo-1-2-fr","13":"product_designer-mmairo-fr","14":"product_designer-matteo-cibic-fr","15":"manufacturer-mmairo-fr","16":"reporting_designer-mmairo","17":"reporting_designer-matteo-cibic","19":"first","20":"instock","21":"taxable","22":"shipping-taxable","23":"purchasable","24":"product-type-simple"},"acf":[],"_links":{"self":[{"href":"https:\/\/theinvisiblecollection.com\/fr\/wp-json\/wp\/v2\/product\/35805","targetHints":{"allow":["GET"]}}],"collection":[{"href":"https:\/\/theinvisiblecollection.com\/fr\/wp-json\/wp\/v2\/product"}],"about":[{"href":"https:\/\/theinvisiblecollection.com\/fr\/wp-json\/wp\/v2\/types\/product"}],"wp:featuredmedia":[{"embeddable":true,"href":"https:\/\/theinvisiblecollection.com\/fr\/wp-json\/wp\/v2\/media\/82001"}],"wp:attachment":[{"href":"https:\/\/theinvisiblecollection.com\/fr\/wp-json\/wp\/v2\/media?parent=35805"}],"wp:term":[{"taxonomy":"product_brand","embeddable":true,"href":"https:\/\/theinvisiblecollection.com\/fr\/wp-json\/wp\/v2\/product_brand?post=35805"},{"taxonomy":"product_cat","embeddable":true,"href":"https:\/\/theinvisiblecollection.com\/fr\/wp-json\/wp\/v2\/product_cat?post=35805"},{"taxonomy":"product_tag","embeddable":true,"href":"https:\/\/theinvisiblecollection.com\/fr\/wp-json\/wp\/v2\/product_tag?post=35805"},{"taxonomy":"product_designer","embeddable":true,"href":"https:\/\/theinvisiblecollection.com\/fr\/wp-json\/wp\/v2\/product_designer?post=35805"},{"taxonomy":"comfabric","embeddable":true,"href":"https:\/\/theinvisiblecollection.com\/fr\/wp-json\/wp\/v2\/comfabric?post=35805"},{"taxonomy":"manufacturer","embeddable":true,"href":"https:\/\/theinvisiblecollection.com\/fr\/wp-json\/wp\/v2\/manufacturer?post=35805"},{"taxonomy":"reporting_designer","embeddable":true,"href":"https:\/\/theinvisiblecollection.com\/fr\/wp-json\/wp\/v2\/reporting_designer?post=35805"},{"taxonomy":"samplecomfabric","embeddable":true,"href":"https:\/\/theinvisiblecollection.com\/fr\/wp-json\/wp\/v2\/samplecomfabric?post=35805"},{"taxonomy":"clubroom_product_designer","embeddable":true,"href":"https:\/\/theinvisiblecollection.com\/fr\/wp-json\/wp\/v2\/designer_clubroom?post=35805"}],"curies":[{"name":"wp","href":"https:\/\/api.w.org\/{rel}","templated":true}]}}