{"id":35828,"date":"2019-04-16T00:00:00","date_gmt":"2019-04-16T00:00:00","guid":{"rendered":"https:\/\/www.theinvisiblecollection.com\/product\/banc-aclimacao\/"},"modified":"2026-05-01T07:40:10","modified_gmt":"2026-05-01T07:40:10","slug":"etel-banc-aclimacao","status":"publish","type":"product","link":"https:\/\/theinvisiblecollection.com\/fr\/produit\/etel-banc-aclimacao\/","title":{"rendered":"Banc Aclimacao"},"content":{"rendered":"<p>Le banc Aclima\u00e7ao, contemporain et pratique, est dot\u00e9 de solides lani\u00e8res en cuir pour maintenir l&#8217;assise. Cette pi\u00e8ce peut \u00e9galement \u00eatre utilis\u00e9e comme porte-valise, au pied d&#8217;un lit.<\/p>\n","protected":false},"excerpt":{"rendered":"<p>Design par\u00a0Etel Carmona<br \/>\nBanc photographi\u00e9 ici en bois d&#8217;Imbuia<br \/>\n<span style=\"text-decoration: underline;\"><a href=\"https:\/\/theinvisiblecollection.com\/wp-content\/uploads\/2021\/05\/TheInvisibleCollection_Wood_Samples_Trinco_Bench.pdf\">D\u00e9couvrez la s\u00e9lection de bois ici<\/a><\/span><br \/>\nLani\u00e8res r\u00e9alis\u00e9es en cuir<br \/>\n<span style=\"text-decoration: underline;\"><a href=\"https:\/\/theinvisiblecollection.com\/wp-content\/uploads\/2022\/11\/Etel-Wood-and-leather-Selection-.jpg\">D\u00e9couvrez la s\u00e9lection de cuirs ici<\/a><\/span><span class=\"s1\"><br \/>\n<\/span>Dimensions et mat\u00e9riaux sur-mesure sur demande<\/p>\n<p>Trois dimensions disponibles :<br \/>\nPetit : L 45 x l 70 x H 45 cm<br \/>\nMoyen : L 45 x l 100 x H 45 cm<br \/>\nGrand : L 45 x l 120 x H 45 cm<\/p>\n<p>Fabriqu\u00e9 \u00e0 la main au Br\u00e9sil<br \/>\nD\u00e9lais de production : 18 &#8211; 20 semaines<\/p>\n<p><span style=\"text-decoration: underline;\"><a href=\"https:\/\/www.theinvisiblecollection.com\/fr\/contact-produit\/?product_id=35828\" target=\"_blank\" rel=\"noopener noreferrer\"> Contactez-nous pour toute demande de devis ou de renseignements <\/a><\/span><\/p>\n","protected":false},"featured_media":112777,"template":"","meta":{"_acf_changed":false,"content-type":"","_themeisle_gutenberg_block_has_review":false},"product_brand":[],"product_cat":[12499,8947],"product_tag":[8858,8862,10255,11335,11340,11528,8854],"product_designer":[10660,8866],"comfabric":[28854],"manufacturer":[16878],"reporting_designer":[37690,37381],"samplecomfabric":[30448],"designer_clubroom":[],"class_list":{"0":"post-35828","1":"product","2":"type-product","3":"status-publish","4":"has-post-thumbnail","6":"product_cat-assises","7":"product_cat-bancs","8":"product_tag-chambre-fr-3","9":"product_tag-etel-carmona-fr-3","10":"product_tag-salon-fr-4","11":"product_tag-eco-design","12":"product_tag-cuir-fr-2","13":"product_tag-bench","14":"product_tag-etel-fr-2","15":"pa_size-grand-fr","16":"pa_size-moyen","17":"pa_size-petit","18":"pa_wood-imbuia-miel-fr","19":"product_designer-etel-carmona-fr","20":"product_designer-etel-fr","21":"comfabric-etel-atelier-1-fr","22":"manufacturer-etel-atelier-1-fr","23":"reporting_designer-etel-carmona","24":"reporting_designer-etel","25":"samplecomfabric-etel-fr","27":"first","28":"instock","29":"taxable","30":"shipping-taxable","31":"purchasable","32":"product-type-variable"},"acf":[],"_links":{"self":[{"href":"https:\/\/theinvisiblecollection.com\/fr\/wp-json\/wp\/v2\/product\/35828","targetHints":{"allow":["GET"]}}],"collection":[{"href":"https:\/\/theinvisiblecollection.com\/fr\/wp-json\/wp\/v2\/product"}],"about":[{"href":"https:\/\/theinvisiblecollection.com\/fr\/wp-json\/wp\/v2\/types\/product"}],"wp:featuredmedia":[{"embeddable":true,"href":"https:\/\/theinvisiblecollection.com\/fr\/wp-json\/wp\/v2\/media\/112777"}],"wp:attachment":[{"href":"https:\/\/theinvisiblecollection.com\/fr\/wp-json\/wp\/v2\/media?parent=35828"}],"wp:term":[{"taxonomy":"product_brand","embeddable":true,"href":"https:\/\/theinvisiblecollection.com\/fr\/wp-json\/wp\/v2\/product_brand?post=35828"},{"taxonomy":"product_cat","embeddable":true,"href":"https:\/\/theinvisiblecollection.com\/fr\/wp-json\/wp\/v2\/product_cat?post=35828"},{"taxonomy":"product_tag","embeddable":true,"href":"https:\/\/theinvisiblecollection.com\/fr\/wp-json\/wp\/v2\/product_tag?post=35828"},{"taxonomy":"product_designer","embeddable":true,"href":"https:\/\/theinvisiblecollection.com\/fr\/wp-json\/wp\/v2\/product_designer?post=35828"},{"taxonomy":"comfabric","embeddable":true,"href":"https:\/\/theinvisiblecollection.com\/fr\/wp-json\/wp\/v2\/comfabric?post=35828"},{"taxonomy":"manufacturer","embeddable":true,"href":"https:\/\/theinvisiblecollection.com\/fr\/wp-json\/wp\/v2\/manufacturer?post=35828"},{"taxonomy":"reporting_designer","embeddable":true,"href":"https:\/\/theinvisiblecollection.com\/fr\/wp-json\/wp\/v2\/reporting_designer?post=35828"},{"taxonomy":"samplecomfabric","embeddable":true,"href":"https:\/\/theinvisiblecollection.com\/fr\/wp-json\/wp\/v2\/samplecomfabric?post=35828"},{"taxonomy":"clubroom_product_designer","embeddable":true,"href":"https:\/\/theinvisiblecollection.com\/fr\/wp-json\/wp\/v2\/designer_clubroom?post=35828"}],"curies":[{"name":"wp","href":"https:\/\/api.w.org\/{rel}","templated":true}]}}